{"id":250,"date":"2022-10-24T10:57:11","date_gmt":"2022-10-24T10:57:11","guid":{"rendered":"https:\/\/40annidimusica.com\/it\/?post_type=product&#038;p=250"},"modified":"2022-10-25T16:21:15","modified_gmt":"2022-10-25T16:21:15","slug":"cd-scelte-da-voi-2020","status":"publish","type":"product","link":"https:\/\/40annidimusica.com\/it\/product\/cd-scelte-da-voi-2020\/","title":{"rendered":"CD &#8220;Scelte da voi&#8221; (2020)"},"content":{"rendered":"<p>Un gioco fatto con i followers di Facebook, invitandoli con un sondaggio a scegliere loro le canzoni da inserire sul CD.<\/p>\n<p>Le canzoni vincitrici sono risultate molto varie e interessanti, da Lucio Dalla a Claudio Baglioni, da Sergio Caputo a Jesus Christ Superstar, da Vanoni a Nat King Cole, da De Gregori a Mia Martini e John Lennon\u2026 un gioco riuscitissimo e divertente, un\u2019operazione che avr\u00e0 presto un seguito in un secondo volume, perch\u00e9 \u00e8 bellissmo comunicare cos\u00ec direttamente con il pubblico!<\/p>\n<p>Lorenza Bohuny voce solista<br \/>\nMaurizio Carlini arrangiamenti<\/p>\n","protected":false},"excerpt":{"rendered":"<p>Un gioco fatto con i followers di Facebook, invitandoli con un sondaggio a scegliere loro le canzoni da inserire sul CD.<\/p>\n","protected":false},"featured_media":252,"template":"","meta":{"jetpack_publicize_message":"","jetpack_publicize_feature_enabled":true,"jetpack_social_post_already_shared":false,"jetpack_social_options":{"image_generator_settings":{"template":"highway","enabled":false},"version":2}},"product_cat":[24,23],"product_tag":[55,44,28,26,54],"class_list":{"0":"post-250","1":"product","2":"type-product","3":"status-publish","4":"has-post-thumbnail","6":"product_cat-cd","7":"product_cat-musica","8":"product_tag-canzoni-scelte-dal-publico","9":"product_tag-cd","10":"product_tag-lorenza-bohuny","11":"product_tag-maurizio-carlini","12":"product_tag-scelte-da-voi","14":"first","15":"instock","16":"taxable","17":"shipping-taxable","18":"purchasable","19":"product-type-simple"},"jetpack_publicize_connections":[],"yoast_head":"<!-- This site is optimized with the Yoast SEO plugin v23.4 - https:\/\/yoast.com\/wordpress\/plugins\/seo\/ -->\n<title>CD &quot;Scelte da voi&quot; (2020) - 40 anni di Musica<\/title>\n<meta name=\"description\" content=\"Un gioco fatto con i followers di Facebook, invitandoli con un sondaggio a scegliere loro le canzoni da inserire sul CD.\" \/>\n<meta name=\"robots\" content=\"index, follow, max-snippet:-1, max-image-preview:large, max-video-preview:-1\" \/>\n<link rel=\"canonical\" href=\"https:\/\/40annidimusica.com\/it\/product\/cd-scelte-da-voi-2020\/\" \/>\n<meta property=\"og:locale\" content=\"it_IT\" \/>\n<meta property=\"og:type\" content=\"article\" \/>\n<meta property=\"og:title\" content=\"CD &quot;Scelte da voi&quot; (2020) - 40 anni di Musica\" \/>\n<meta property=\"og:description\" content=\"Un gioco fatto con i followers di Facebook, invitandoli con un sondaggio a scegliere loro le canzoni da inserire sul CD.\" \/>\n<meta property=\"og:url\" content=\"https:\/\/40annidimusica.com\/it\/product\/cd-scelte-da-voi-2020\/\" \/>\n<meta property=\"og:site_name\" content=\"40 anni di Musica\" \/>\n<meta property=\"article:publisher\" content=\"https:\/\/www.facebook.com\/40annidimusica\/\" \/>\n<meta property=\"article:modified_time\" content=\"2022-10-25T16:21:15+00:00\" \/>\n<meta property=\"og:image\" content=\"https:\/\/40annidimusica.com\/it\/wp-content\/uploads\/2022\/10\/Cover-Scelte-da-voi-fronte.png\" \/>\n\t<meta property=\"og:image:width\" content=\"1420\" \/>\n\t<meta property=\"og:image:height\" content=\"1420\" \/>\n\t<meta property=\"og:image:type\" content=\"image\/png\" \/>\n<meta name=\"twitter:card\" content=\"summary_large_image\" \/>\n<meta name=\"twitter:label1\" content=\"Tempo di lettura stimato\" \/>\n\t<meta name=\"twitter:data1\" content=\"1 minuto\" \/>\n<script type=\"application\/ld+json\" class=\"yoast-schema-graph\">{\"@context\":\"https:\/\/schema.org\",\"@graph\":[{\"@type\":\"WebPage\",\"@id\":\"https:\/\/40annidimusica.com\/it\/product\/cd-scelte-da-voi-2020\/\",\"url\":\"https:\/\/40annidimusica.com\/it\/product\/cd-scelte-da-voi-2020\/\",\"name\":\"CD \\\"Scelte da voi\\\" (2020) - 40 anni di Musica\",\"isPartOf\":{\"@id\":\"https:\/\/40annidimusica.com\/it\/#website\"},\"primaryImageOfPage\":{\"@id\":\"https:\/\/40annidimusica.com\/it\/product\/cd-scelte-da-voi-2020\/#primaryimage\"},\"image\":{\"@id\":\"https:\/\/40annidimusica.com\/it\/product\/cd-scelte-da-voi-2020\/#primaryimage\"},\"thumbnailUrl\":\"https:\/\/i0.wp.com\/40annidimusica.com\/it\/wp-content\/uploads\/2022\/10\/Cover-Scelte-da-voi-fronte.png?fit=1420%2C1420&ssl=1\",\"datePublished\":\"2022-10-24T10:57:11+00:00\",\"dateModified\":\"2022-10-25T16:21:15+00:00\",\"description\":\"Un gioco fatto con i followers di Facebook, invitandoli con un sondaggio a scegliere loro le canzoni da inserire sul CD.\",\"breadcrumb\":{\"@id\":\"https:\/\/40annidimusica.com\/it\/product\/cd-scelte-da-voi-2020\/#breadcrumb\"},\"inLanguage\":\"it-IT\",\"potentialAction\":[{\"@type\":\"ReadAction\",\"target\":[\"https:\/\/40annidimusica.com\/it\/product\/cd-scelte-da-voi-2020\/\"]}]},{\"@type\":\"ImageObject\",\"inLanguage\":\"it-IT\",\"@id\":\"https:\/\/40annidimusica.com\/it\/product\/cd-scelte-da-voi-2020\/#primaryimage\",\"url\":\"https:\/\/i0.wp.com\/40annidimusica.com\/it\/wp-content\/uploads\/2022\/10\/Cover-Scelte-da-voi-fronte.png?fit=1420%2C1420&ssl=1\",\"contentUrl\":\"https:\/\/i0.wp.com\/40annidimusica.com\/it\/wp-content\/uploads\/2022\/10\/Cover-Scelte-da-voi-fronte.png?fit=1420%2C1420&ssl=1\",\"width\":1420,\"height\":1420},{\"@type\":\"BreadcrumbList\",\"@id\":\"https:\/\/40annidimusica.com\/it\/product\/cd-scelte-da-voi-2020\/#breadcrumb\",\"itemListElement\":[{\"@type\":\"ListItem\",\"position\":1,\"name\":\"Home\",\"item\":\"https:\/\/40annidimusica.com\/it\/\"},{\"@type\":\"ListItem\",\"position\":2,\"name\":\"CD &#8220;Scelte da voi&#8221; (2020)\"}]},{\"@type\":\"WebSite\",\"@id\":\"https:\/\/40annidimusica.com\/it\/#website\",\"url\":\"https:\/\/40annidimusica.com\/it\/\",\"name\":\"40 anni di Musica\",\"description\":\"LORENZA BOHUNY &amp; MAURIZIO CARLINI\",\"publisher\":{\"@id\":\"https:\/\/40annidimusica.com\/it\/#organization\"},\"potentialAction\":[{\"@type\":\"SearchAction\",\"target\":{\"@type\":\"EntryPoint\",\"urlTemplate\":\"https:\/\/40annidimusica.com\/it\/?s={search_term_string}\"},\"query-input\":{\"@type\":\"PropertyValueSpecification\",\"valueRequired\":true,\"valueName\":\"search_term_string\"}}],\"inLanguage\":\"it-IT\"},{\"@type\":\"Organization\",\"@id\":\"https:\/\/40annidimusica.com\/it\/#organization\",\"name\":\"40 anni di Musica\",\"url\":\"https:\/\/40annidimusica.com\/it\/\",\"logo\":{\"@type\":\"ImageObject\",\"inLanguage\":\"it-IT\",\"@id\":\"https:\/\/40annidimusica.com\/it\/#\/schema\/logo\/image\/\",\"url\":\"https:\/\/40annidimusica.com\/it\/wp-content\/uploads\/2022\/10\/logo-40annidimusica.png\",\"contentUrl\":\"https:\/\/40annidimusica.com\/it\/wp-content\/uploads\/2022\/10\/logo-40annidimusica.png\",\"width\":843,\"height\":843,\"caption\":\"40 anni di Musica\"},\"image\":{\"@id\":\"https:\/\/40annidimusica.com\/it\/#\/schema\/logo\/image\/\"},\"sameAs\":[\"https:\/\/www.facebook.com\/40annidimusica\/\"]}]}<\/script>\n<!-- \/ Yoast SEO plugin. -->","yoast_head_json":{"title":"CD \"Scelte da voi\" (2020) - 40 anni di Musica","description":"Un gioco fatto con i followers di Facebook, invitandoli con un sondaggio a scegliere loro le canzoni da inserire sul CD.","robots":{"index":"index","follow":"follow","max-snippet":"max-snippet:-1","max-image-preview":"max-image-preview:large","max-video-preview":"max-video-preview:-1"},"canonical":"https:\/\/40annidimusica.com\/it\/product\/cd-scelte-da-voi-2020\/","og_locale":"it_IT","og_type":"article","og_title":"CD \"Scelte da voi\" (2020) - 40 anni di Musica","og_description":"Un gioco fatto con i followers di Facebook, invitandoli con un sondaggio a scegliere loro le canzoni da inserire sul CD.","og_url":"https:\/\/40annidimusica.com\/it\/product\/cd-scelte-da-voi-2020\/","og_site_name":"40 anni di Musica","article_publisher":"https:\/\/www.facebook.com\/40annidimusica\/","article_modified_time":"2022-10-25T16:21:15+00:00","og_image":[{"width":1420,"height":1420,"url":"https:\/\/40annidimusica.com\/it\/wp-content\/uploads\/2022\/10\/Cover-Scelte-da-voi-fronte.png","type":"image\/png"}],"twitter_card":"summary_large_image","twitter_misc":{"Tempo di lettura stimato":"1 minuto"},"schema":{"@context":"https:\/\/schema.org","@graph":[{"@type":"WebPage","@id":"https:\/\/40annidimusica.com\/it\/product\/cd-scelte-da-voi-2020\/","url":"https:\/\/40annidimusica.com\/it\/product\/cd-scelte-da-voi-2020\/","name":"CD \"Scelte da voi\" (2020) - 40 anni di Musica","isPartOf":{"@id":"https:\/\/40annidimusica.com\/it\/#website"},"primaryImageOfPage":{"@id":"https:\/\/40annidimusica.com\/it\/product\/cd-scelte-da-voi-2020\/#primaryimage"},"image":{"@id":"https:\/\/40annidimusica.com\/it\/product\/cd-scelte-da-voi-2020\/#primaryimage"},"thumbnailUrl":"https:\/\/i0.wp.com\/40annidimusica.com\/it\/wp-content\/uploads\/2022\/10\/Cover-Scelte-da-voi-fronte.png?fit=1420%2C1420&ssl=1","datePublished":"2022-10-24T10:57:11+00:00","dateModified":"2022-10-25T16:21:15+00:00","description":"Un gioco fatto con i followers di Facebook, invitandoli con un sondaggio a scegliere loro le canzoni da inserire sul CD.","breadcrumb":{"@id":"https:\/\/40annidimusica.com\/it\/product\/cd-scelte-da-voi-2020\/#breadcrumb"},"inLanguage":"it-IT","potentialAction":[{"@type":"ReadAction","target":["https:\/\/40annidimusica.com\/it\/product\/cd-scelte-da-voi-2020\/"]}]},{"@type":"ImageObject","inLanguage":"it-IT","@id":"https:\/\/40annidimusica.com\/it\/product\/cd-scelte-da-voi-2020\/#primaryimage","url":"https:\/\/i0.wp.com\/40annidimusica.com\/it\/wp-content\/uploads\/2022\/10\/Cover-Scelte-da-voi-fronte.png?fit=1420%2C1420&ssl=1","contentUrl":"https:\/\/i0.wp.com\/40annidimusica.com\/it\/wp-content\/uploads\/2022\/10\/Cover-Scelte-da-voi-fronte.png?fit=1420%2C1420&ssl=1","width":1420,"height":1420},{"@type":"BreadcrumbList","@id":"https:\/\/40annidimusica.com\/it\/product\/cd-scelte-da-voi-2020\/#breadcrumb","itemListElement":[{"@type":"ListItem","position":1,"name":"Home","item":"https:\/\/40annidimusica.com\/it\/"},{"@type":"ListItem","position":2,"name":"CD &#8220;Scelte da voi&#8221; (2020)"}]},{"@type":"WebSite","@id":"https:\/\/40annidimusica.com\/it\/#website","url":"https:\/\/40annidimusica.com\/it\/","name":"40 anni di Musica","description":"LORENZA BOHUNY &amp; MAURIZIO CARLINI","publisher":{"@id":"https:\/\/40annidimusica.com\/it\/#organization"},"potentialAction":[{"@type":"SearchAction","target":{"@type":"EntryPoint","urlTemplate":"https:\/\/40annidimusica.com\/it\/?s={search_term_string}"},"query-input":{"@type":"PropertyValueSpecification","valueRequired":true,"valueName":"search_term_string"}}],"inLanguage":"it-IT"},{"@type":"Organization","@id":"https:\/\/40annidimusica.com\/it\/#organization","name":"40 anni di Musica","url":"https:\/\/40annidimusica.com\/it\/","logo":{"@type":"ImageObject","inLanguage":"it-IT","@id":"https:\/\/40annidimusica.com\/it\/#\/schema\/logo\/image\/","url":"https:\/\/40annidimusica.com\/it\/wp-content\/uploads\/2022\/10\/logo-40annidimusica.png","contentUrl":"https:\/\/40annidimusica.com\/it\/wp-content\/uploads\/2022\/10\/logo-40annidimusica.png","width":843,"height":843,"caption":"40 anni di Musica"},"image":{"@id":"https:\/\/40annidimusica.com\/it\/#\/schema\/logo\/image\/"},"sameAs":["https:\/\/www.facebook.com\/40annidimusica\/"]}]}},"jetpack_sharing_enabled":true,"_links":{"self":[{"href":"https:\/\/40annidimusica.com\/it\/wp-json\/wp\/v2\/product\/250","targetHints":{"allow":["GET"]}}],"collection":[{"href":"https:\/\/40annidimusica.com\/it\/wp-json\/wp\/v2\/product"}],"about":[{"href":"https:\/\/40annidimusica.com\/it\/wp-json\/wp\/v2\/types\/product"}],"wp:featuredmedia":[{"embeddable":true,"href":"https:\/\/40annidimusica.com\/it\/wp-json\/wp\/v2\/media\/252"}],"wp:attachment":[{"href":"https:\/\/40annidimusica.com\/it\/wp-json\/wp\/v2\/media?parent=250"}],"wp:term":[{"taxonomy":"product_cat","embeddable":true,"href":"https:\/\/40annidimusica.com\/it\/wp-json\/wp\/v2\/product_cat?post=250"},{"taxonomy":"product_tag","embeddable":true,"href":"https:\/\/40annidimusica.com\/it\/wp-json\/wp\/v2\/product_tag?post=250"}],"curies":[{"name":"wp","href":"https:\/\/api.w.org\/{rel}","templated":true}]}}