{"id":58,"date":"2022-10-17T12:40:21","date_gmt":"2022-10-17T12:40:21","guid":{"rendered":"https:\/\/demo.flawlessthemes.com\/music-artist-free\/?page_id=3"},"modified":"2022-10-18T13:52:41","modified_gmt":"2022-10-18T13:52:41","slug":"termini-e-condizioni-di-vendita","status":"publish","type":"page","link":"https:\/\/40annidimusica.com\/it\/termini-e-condizioni-di-vendita\/","title":{"rendered":"Termini e Condizioni di Vendita"},"content":{"rendered":"<p><strong>40annidimusica.com<\/strong> invita ciascun utente a leggere con attenzione le presenti condizioni generali di vendita dei prodotti e servizi prima di perfezionare qualsivoglia acquisto e, una volta conclusa tale operazione, a stamparle o salvarne copia in formato digitale.<br \/>\nCondizioni generali di vendita predisposte in ottemperanza alle normative di legge ed in particolare al D.L. 185\/99 del 22 maggio 1999 relativo alla \u201cAttuazione della direttiva 97\/7\/CE relativa alla protezione dei consumatori in materia di contratti a distanza\u201d.<\/p>\n<p><strong>IDENTIFICAZIONE DEL FORNITORE<\/strong><\/p>\n<p>Tutti i prodotti in vendita sono forniti da:<br \/>\n<strong>40annidimusica.com<\/strong><br \/>\nE-mail: <strong>info@40annidimusica.com<\/strong><br \/>\nEventuali reclami dovranno pervenire a detto riferimento.<\/p>\n<p><strong>40adm<\/strong> potr\u00e0 modificare, senza alcun preavviso, le Condizioni Generali. Tali modifiche, avranno efficacia a far data dal giorno della loro pubblicazione sul Sito. Agli ordini di acquisto inoltrati ad <strong>40adm<\/strong> prima della pubblicazione delle modifiche sopracitate verranno applicate le Condizioni Generali vigenti al momento della conclusione del contratto di vendita. Le Condizioni Generali sono disponibili in lingua italiana.<br \/>\n<strong>Responsabilit\u00e0<br \/>\n<\/strong><strong>40adm<\/strong> non e\u2019 responsabile di alcun danno o perdita, diretta e\/o indiretta, derivante dalla vendita dei beni, n\u00e9 per la ritardata e\/o mancata consegna n\u00e9 per qualsiasi altro fatto non imputabile in via diretta a <strong>40adm<\/strong>.<\/p>\n<p><strong>Prezzi<\/strong><br \/>\nTutti i prezzi pubblicati sono da intendersi IVA inclusa. I prezzi possono essere modificati in qualsiasi momento, senza alcun preavviso. Qualora venga richiesta la fattura, l\u2019IVA verr\u00e0 scorporata come previsto dalla vigente normativa. Al prezzo del singolo Prodotto e\/o Servizio deve essere aggiunto il costo di ogni spedizione, il cui ammontare potr\u00e0 variare in base alla modalit\u00e0 di consegna e di pagamento, nonch\u00e9 in relazione al Paese di destinazione. L\u2019importo complessivo dovuto per i Prodotti e\/o Servizi prescelti sar\u00e0 chiaramente indicato e comunicato al Cliente, prima della conclusione del Contratto di Vendita.<\/p>\n<p><strong>Informazioni tecniche<br \/>\n<\/strong>Le informazioni tecniche sono ricavate dalle informazioni pubblicate dalle case produttrici dei beni inseriti in catalogo. <strong>40adm<\/strong>, si riserva la facolt\u00e0 di modificare\/adeguare le informazioni tecniche dei prodotti del catalogo, in base a quanto sar\u00e0 comunicato dai produttori, anche senza preavviso alcuno.<\/p>\n<p><strong>Disponibilit\u00e0 dei prodotti<br \/>\n<\/strong>L\u2019invio dell\u2019ordine on line modifica in tempo reale la disponibilit\u00e0 del prodotto.<br \/>\nPoich\u00e9 <strong>40adm<\/strong> esercita anche la vendita al dettaglio nel proprio negozio, non pu\u00f2 essere garantita la certezza di assegnazione della merce ordinata.<br \/>\nLa rappresentazione visiva dei Prodotti sul Sito, ove disponibile, corrisponde generalmente all\u2019immagine fotografica dei medesimi ed ha il solo scopo di presentarli per la vendita, senza alcuna garanzia o impegno esplicito o implicito, da parte di <strong>40adm<\/strong>, circa l\u2019esatta corrispondenza dell\u2019immagine raffigurata sul Sito con il prodotto reale, soprattutto con riguardo alle sue dimensioni e\/o agli aspetti cromatici di copertine e\/o confezioni.<\/p>\n<p><strong>Ordini<\/strong><br \/>\nGli ordini sono accettati via Internet on line, tramite posta elettronica e telefonicamente.<br \/>\nIl Cliente ricever\u00e0, al termine della procedura, una comunicazione di conferma dall\u2019avvenuto ordine, tramite posta elettronica, con l\u2019indicazione del relativo numero d\u2019ordine. Qualora nelle successive 24 ore tale mail di conferma non sia pervenuta, il Cliente deve prendere contatto con <strong>info@40annidimusica.com<\/strong><\/p>\n<p><strong>Richiesta di fattura<br \/>\n<\/strong>Il Cliente pu\u00f2 richiedere la fattura della merce acquistata.<br \/>\nLa richiesta, pena l\u2019impossibilit\u00e0 di emissione, deve essere effettuata al momento della registrazione o al momento dell\u2019ordine e comunque sempre prima dell\u2019invio della richiesta di acquisto mandando una comunicazione all\u2019indirizzo <strong>info@40annidimusica.com<\/strong><br \/>\nIl Cliente dovr\u00e0 fornire il codice fiscale e, se esistente, la partita IVA.<br \/>\nLe fatture non vengono recapitate tramite posta ordinaria ma verranno inviate in formato PDF successivamente alla spedizione del prodotto all\u2019indirizzo mail fornito dal cliente. \u00c8 possibile ricevere la fattura in formato cartaceo in allegato alla spedizione, qualora venga fatta specifica richiesta al momento dell\u2019ordine.<\/p>\n<p><strong>Decadenza del contratto<br \/>\n<\/strong>Se il pagamento e\u2019 effettuato con bonifico bancario, il contratto si intende decaduto qualora nei 7 (sette) giorni successivi all\u2019ordine non pervenga l\u2019accredito del pagamento.<\/p>\n<p><strong>Diritto di annullamento dell\u2019ordine<br \/>\n<\/strong>Il Cliente potr\u00e0 chiedere l\u2019annullamento dell\u2019ordine fintanto che la merce non sia stata spedita mandando un\u2019email a <strong>info@40annidimusica.com<\/strong><\/p>\n<p><strong>Rischio e propriet\u00e0<br \/>\n<\/strong>La merce e\u2019 spedita con spese a carico del Cliente, fatte salve le offerte in atto. Il passaggio di propriet\u00e0 avviene al momento della consegna dei beni ordinati al vettore incaricato del trasporto.<\/p>\n<p><strong>Spese di spedizione<br \/>\n<\/strong>I tempi medi e le modalit\u00e0 di spedizione per l\u2019Italia ovvero per Paesi comunitari o extracomunitari, sono illustrati nella pagina del Sito \u201cSpedizioni e Pagamenti\u201d Il costo del trasporto e\u2019 evidenziato nel carrello al momento della chiusura dell\u2019acquisto.<br \/>\nFatte salve eventuali offerte particolari che sono descritte nel sito, le spese per ogni spedizione effettuata sul territorio italiano sono di \u20ac 7,00 (sette\/00). Spedizione gratuita (solo per ritiro in sede). Per spedizioni in Europa il costo \u00e8 di \u20ac 14,00 (quattordici\/00).<br \/>\nPer le spedizioni da effettuare in altri Paesi il Cliente dovr\u00e0 richiedere un apposito preventivo.<\/p>\n<p><strong>Consegna dei prodotti<br \/>\n<\/strong>Per la consegna del Prodotto ordinato al Cliente o al terzo destinatario indicato dal Cliente occorrer\u00e0 considerare i tempi indicati nella scheda prodotto (Disponibilit\u00e0). I tempi di disponibilit\u00e0 e di consegna possono subire variazioni rispetto a quanto riportato, sia a causa del contemporaneo accesso di utenti, sia in quanto dipendenti da fornitori terzi e non controllabili da <strong>40adm<\/strong>, pertanto <strong>40adm<\/strong> non si impegna, n\u00e9 garantisce il pieno rispetto dei tempi di consegna indicati sul Sito e\/o nell\u2019ordine, n\u00e9 si riterr\u00e0 responsabile per eventuali ritardi.<\/p>\n<p>Qualora i tempi di consegna del Prodotto dovessero subire ritardi rispetto a quanto indicato a titolo esemplificativo sul Sito, <strong>40adm<\/strong> entro 30 giorni dal ricevimento dell\u2019ordine, invier\u00e0 al Cliente apposita comunicazione a mezzo posta elettronica non appena a conoscenza dell\u2019evento.<br \/>\nNessuna responsabilit\u00e0, a qualsiasi titolo, potr\u00e0 essere addebitata dal Cliente a <strong>40adm<\/strong>, in caso di ritardo nell\u2019evasione dell\u2019ordine o nella consegna del Prodotto oggetto dei Contratti di Vendita.<\/p>\n<p><strong>40adm<\/strong> invita il Cliente a controllare periodicamente lo stato dell\u2019ordine ed a contattare <strong>40adm<\/strong> ove si verifichino eventuali ritardi nel reperimento e spedizione dei Prodotti.<br \/>\nTutte le spedizioni dei Prodotti saranno a rischio di <strong>40adm<\/strong>. Il rischio si trasferir\u00e0 al Cliente all\u2019atto di consegna dei Prodotti.<br \/>\nNon sar\u00e0 possibile procedere ad alcuna variazione del documento contabile successivamente alla sua emissione, n\u00e9 sar\u00e0 possibile emettere detto documento qualora un Cliente che non abbia indicato la propria partita I.V.A. nella maschera di inserimento dei dati anagrafici e ne faccia richiesta in un momento successivo.<br \/>\nPer effettuare correttamente la consegna dei Prodotti ordinati, \u00e8 sempre richiesta la presenza del Cliente o di un suo incaricato. Ove nessuno di essi fosse reperibile al momento e nel luogo di consegna dei Prodotti acquistati, il corriere lascer\u00e0 un avviso di seconda consegna per il giorno lavorativo successivo ed un recapito telefonico per potere concordare una diversa data. L\u2019esecuzione dell\u2019Ordine rester\u00e0 sospeso presso la filiale del corriere e se non sar\u00e0 possibile effettuare la consegna, trascorsi 5 giorni il Prodotto rientrer\u00e0 presso il negozio di <strong>40adm<\/strong>.<br \/>\nUna volta rientrato da <strong>40adm<\/strong> il Cliente verr\u00e0 contattato dall\u2019Assistenza Clienti e potr\u00e0 decidere se effettuare una seconda spedizione.<\/p>\n<p><strong>Diritto di recesso (D.Lgs. 206\/05)<br \/>\n<\/strong>Ai sensi dell\u2019art.5 DLgs 185\/1999, il consumatore ha diritto di recedere dal contratto di acquisto per qualsiasi motivo, senza necessit\u00e0 di fornire spiegazioni e senza alcuna penalit\u00e0.<br \/>\nIl Cliente dovr\u00e0:<br \/>\n\u2013 inviare entro 10 giorni lavorativi dal ricevimento della merce, raccomandata (con ricevuta di ritorno) contenente:<br \/>\na) la manifestazione scritta della volont\u00e0 di avvalersi del diritto di recesso<br \/>\nb) l\u2019indicazione dettagliata della merce soggetta alla restituzione<br \/>\nc) i dati relativi alla modalit\u00e0 di rimborso (ad es. conto corrente bancario del consumatore che ha eseguito l\u2019acquisto).<br \/>\n\u00c8 possibile effettuare il recesso anche attraverso email, facendo seguire comunque la spedizione della raccomandata completa con i dati sopra richiesti entro 48 ore.<br \/>\nIl diritto non si applica ai prodotti audiovisivi, una volta aperti.<br \/>\nIl bene acquistato dovr\u00e0 essere integro e restituito nella confezione originale.<br \/>\nLa restituzione, il cui onere e\u2019 a carico del Cliente, deve essere effettuata rispedendo i beni al nostro indirizzo sopra indicato.<\/p>\n<p><strong>Pagamenti<\/strong><br \/>\nI pagamenti accettati sono il bonifico bancario anticipato (per la cui domiciliazione il Cliente si atterr\u00e0 all\u2019IBAN riportato nella procedura di ordine), la carta di credito, contrassegno (con contributo spese di 2 euro) ed il sistema PayPal.<br \/>\nLa modalit\u00e0 viene scelta al momento della conclusione dell\u2019ordine.<br \/>\nLe transazioni avvengono in modalit\u00e0 sicura garantita dal gestore del servizio.<br \/>\n<strong>40adm<\/strong> si riserva la facolt\u00e0 di chiedere al Cliente, in qualsiasi momento, l\u2019invio di informazioni integrative e\/o documenti comprovanti la titolarit\u00e0 della carta di credito utilizzata per il perfezionamento del Contratto di Vendita. Qualora il Cliente non ottemperi alle richieste, <strong>40adm<\/strong> si riserva la facolt\u00e0 di non accettare l\u2019Ordine, ovvero di recedere dal Contratto di Vendita perfezionato, dandone tempestiva comunicazione al Cliente all\u2019indirizzo di posta elettronica indicato nell\u2019ordine.<br \/>\nIl pagamento attraverso Paypal avverr\u00e0 mediante reindirizzamento al sito Paypal, dove potranno essere perfezionate le procedure di trasferimento delle somme dovute a <strong>40adm<\/strong>. I dati finanziari del Cliente verranno gestiti direttamente da Paypal e non saranno condivisi con DF. L\u2019importo complessivo relativo a ciascun Contratto di Vendita verr\u00e0 addebitato solo all\u2019atto della spedizione dei Prodotti e\/o Servizi prescelti o nel giorno lavorativo precedente.<br \/>\nIn caso di mancato pagamento \u2013 per diversi motivi \u2013 del prezzo indicato nel Contratto di Vendita, <strong>40adm<\/strong> inviter\u00e0 il Cliente a provvedere al saldo. Sino a quando il Cliente non abbia regolarizzato la propria posizione, <strong>40adm<\/strong> si riserva il diritto di risolvere con effetto immediato eventuali Contratti di Vendita in essere, nonch\u00e9 di bloccare le funzioni di acquisto mediante il Sito dandone comunicazione scritta al Cliente, restando comunque impregiudicato il diritto di <strong>40adm<\/strong> a richiedere il ristoro di ogni ulteriore danno patito.<br \/>\n<strong>Giurisdizione e Foro competente<br \/>\n<\/strong>Il contratto di vendita tra il Cliente e <strong>40adm<\/strong> s\u2019intende concluso in Italia e regolato dalla Legge Italiana.<br \/>\nI reclami e le controversie che non trovano immediatamente una reciproca soddisfazione potranno essere definiti con il servizio telematico Concilia on line della C.C.I.A.A. di Roma. Qualora sia necessario ricorrervi, il Foro competente e\u2019 quello di Roma.<\/p>\n<p>&nbsp;<\/p>\n","protected":false},"excerpt":{"rendered":"<p>40annidimusica.com invita ciascun utente a leggere con attenzione le presenti<\/p>\n<p class=\"more-link\"><a class=\"button\" href=\"https:\/\/40annidimusica.com\/it\/termini-e-condizioni-di-vendita\/\" class=\"readmore\">Continua a leggere<span class=\"screen-reader-text\">Termini e Condizioni di Vendita<\/span><\/a><\/p>\n","protected":false},"author":1,"featured_media":0,"parent":0,"menu_order":0,"comment_status":"closed","ping_status":"open","template":"","meta":{"footnotes":""},"class_list":["post-58","page","type-page","status-publish","hentry"],"yoast_head":"<!-- This site is optimized with the Yoast SEO plugin v23.4 - https:\/\/yoast.com\/wordpress\/plugins\/seo\/ -->\n<title>Termini e Condizioni di Vendita - 40 anni di Musica<\/title>\n<meta name=\"robots\" content=\"index, follow, max-snippet:-1, max-image-preview:large, max-video-preview:-1\" \/>\n<link rel=\"canonical\" href=\"https:\/\/40annidimusica.com\/it\/termini-e-condizioni-di-vendita\/\" \/>\n<meta property=\"og:locale\" content=\"it_IT\" \/>\n<meta property=\"og:type\" content=\"article\" \/>\n<meta property=\"og:title\" content=\"Termini e Condizioni di Vendita - 40 anni di Musica\" \/>\n<meta property=\"og:description\" content=\"40annidimusica.com invita ciascun utente a leggere con attenzione le presentiContinua a leggereTermini e Condizioni di Vendita\" \/>\n<meta property=\"og:url\" content=\"https:\/\/40annidimusica.com\/it\/termini-e-condizioni-di-vendita\/\" \/>\n<meta property=\"og:site_name\" content=\"40 anni di Musica\" \/>\n<meta property=\"article:publisher\" content=\"https:\/\/www.facebook.com\/40annidimusica\/\" \/>\n<meta property=\"article:modified_time\" content=\"2022-10-18T13:52:41+00:00\" \/>\n<meta name=\"twitter:card\" content=\"summary_large_image\" \/>\n<meta name=\"twitter:label1\" content=\"Tempo di lettura stimato\" \/>\n\t<meta name=\"twitter:data1\" content=\"9 minuti\" \/>\n<script type=\"application\/ld+json\" class=\"yoast-schema-graph\">{\"@context\":\"https:\/\/schema.org\",\"@graph\":[{\"@type\":\"WebPage\",\"@id\":\"https:\/\/40annidimusica.com\/it\/termini-e-condizioni-di-vendita\/\",\"url\":\"https:\/\/40annidimusica.com\/it\/termini-e-condizioni-di-vendita\/\",\"name\":\"Termini e Condizioni di Vendita - 40 anni di Musica\",\"isPartOf\":{\"@id\":\"https:\/\/40annidimusica.com\/it\/#website\"},\"datePublished\":\"2022-10-17T12:40:21+00:00\",\"dateModified\":\"2022-10-18T13:52:41+00:00\",\"breadcrumb\":{\"@id\":\"https:\/\/40annidimusica.com\/it\/termini-e-condizioni-di-vendita\/#breadcrumb\"},\"inLanguage\":\"it-IT\",\"potentialAction\":[{\"@type\":\"ReadAction\",\"target\":[\"https:\/\/40annidimusica.com\/it\/termini-e-condizioni-di-vendita\/\"]}]},{\"@type\":\"BreadcrumbList\",\"@id\":\"https:\/\/40annidimusica.com\/it\/termini-e-condizioni-di-vendita\/#breadcrumb\",\"itemListElement\":[{\"@type\":\"ListItem\",\"position\":1,\"name\":\"Home\",\"item\":\"https:\/\/40annidimusica.com\/it\/\"},{\"@type\":\"ListItem\",\"position\":2,\"name\":\"Termini e Condizioni di Vendita\"}]},{\"@type\":\"WebSite\",\"@id\":\"https:\/\/40annidimusica.com\/it\/#website\",\"url\":\"https:\/\/40annidimusica.com\/it\/\",\"name\":\"40 anni di Musica\",\"description\":\"LORENZA BOHUNY &amp; MAURIZIO CARLINI\",\"publisher\":{\"@id\":\"https:\/\/40annidimusica.com\/it\/#organization\"},\"potentialAction\":[{\"@type\":\"SearchAction\",\"target\":{\"@type\":\"EntryPoint\",\"urlTemplate\":\"https:\/\/40annidimusica.com\/it\/?s={search_term_string}\"},\"query-input\":{\"@type\":\"PropertyValueSpecification\",\"valueRequired\":true,\"valueName\":\"search_term_string\"}}],\"inLanguage\":\"it-IT\"},{\"@type\":\"Organization\",\"@id\":\"https:\/\/40annidimusica.com\/it\/#organization\",\"name\":\"40 anni di Musica\",\"url\":\"https:\/\/40annidimusica.com\/it\/\",\"logo\":{\"@type\":\"ImageObject\",\"inLanguage\":\"it-IT\",\"@id\":\"https:\/\/40annidimusica.com\/it\/#\/schema\/logo\/image\/\",\"url\":\"https:\/\/40annidimusica.com\/it\/wp-content\/uploads\/2022\/10\/logo-40annidimusica.png\",\"contentUrl\":\"https:\/\/40annidimusica.com\/it\/wp-content\/uploads\/2022\/10\/logo-40annidimusica.png\",\"width\":843,\"height\":843,\"caption\":\"40 anni di Musica\"},\"image\":{\"@id\":\"https:\/\/40annidimusica.com\/it\/#\/schema\/logo\/image\/\"},\"sameAs\":[\"https:\/\/www.facebook.com\/40annidimusica\/\"]}]}<\/script>\n<!-- \/ Yoast SEO plugin. -->","yoast_head_json":{"title":"Termini e Condizioni di Vendita - 40 anni di Musica","robots":{"index":"index","follow":"follow","max-snippet":"max-snippet:-1","max-image-preview":"max-image-preview:large","max-video-preview":"max-video-preview:-1"},"canonical":"https:\/\/40annidimusica.com\/it\/termini-e-condizioni-di-vendita\/","og_locale":"it_IT","og_type":"article","og_title":"Termini e Condizioni di Vendita - 40 anni di Musica","og_description":"40annidimusica.com invita ciascun utente a leggere con attenzione le presentiContinua a leggereTermini e Condizioni di Vendita","og_url":"https:\/\/40annidimusica.com\/it\/termini-e-condizioni-di-vendita\/","og_site_name":"40 anni di Musica","article_publisher":"https:\/\/www.facebook.com\/40annidimusica\/","article_modified_time":"2022-10-18T13:52:41+00:00","twitter_card":"summary_large_image","twitter_misc":{"Tempo di lettura stimato":"9 minuti"},"schema":{"@context":"https:\/\/schema.org","@graph":[{"@type":"WebPage","@id":"https:\/\/40annidimusica.com\/it\/termini-e-condizioni-di-vendita\/","url":"https:\/\/40annidimusica.com\/it\/termini-e-condizioni-di-vendita\/","name":"Termini e Condizioni di Vendita - 40 anni di Musica","isPartOf":{"@id":"https:\/\/40annidimusica.com\/it\/#website"},"datePublished":"2022-10-17T12:40:21+00:00","dateModified":"2022-10-18T13:52:41+00:00","breadcrumb":{"@id":"https:\/\/40annidimusica.com\/it\/termini-e-condizioni-di-vendita\/#breadcrumb"},"inLanguage":"it-IT","potentialAction":[{"@type":"ReadAction","target":["https:\/\/40annidimusica.com\/it\/termini-e-condizioni-di-vendita\/"]}]},{"@type":"BreadcrumbList","@id":"https:\/\/40annidimusica.com\/it\/termini-e-condizioni-di-vendita\/#breadcrumb","itemListElement":[{"@type":"ListItem","position":1,"name":"Home","item":"https:\/\/40annidimusica.com\/it\/"},{"@type":"ListItem","position":2,"name":"Termini e Condizioni di Vendita"}]},{"@type":"WebSite","@id":"https:\/\/40annidimusica.com\/it\/#website","url":"https:\/\/40annidimusica.com\/it\/","name":"40 anni di Musica","description":"LORENZA BOHUNY &amp; MAURIZIO CARLINI","publisher":{"@id":"https:\/\/40annidimusica.com\/it\/#organization"},"potentialAction":[{"@type":"SearchAction","target":{"@type":"EntryPoint","urlTemplate":"https:\/\/40annidimusica.com\/it\/?s={search_term_string}"},"query-input":{"@type":"PropertyValueSpecification","valueRequired":true,"valueName":"search_term_string"}}],"inLanguage":"it-IT"},{"@type":"Organization","@id":"https:\/\/40annidimusica.com\/it\/#organization","name":"40 anni di Musica","url":"https:\/\/40annidimusica.com\/it\/","logo":{"@type":"ImageObject","inLanguage":"it-IT","@id":"https:\/\/40annidimusica.com\/it\/#\/schema\/logo\/image\/","url":"https:\/\/40annidimusica.com\/it\/wp-content\/uploads\/2022\/10\/logo-40annidimusica.png","contentUrl":"https:\/\/40annidimusica.com\/it\/wp-content\/uploads\/2022\/10\/logo-40annidimusica.png","width":843,"height":843,"caption":"40 anni di Musica"},"image":{"@id":"https:\/\/40annidimusica.com\/it\/#\/schema\/logo\/image\/"},"sameAs":["https:\/\/www.facebook.com\/40annidimusica\/"]}]}},"jetpack_sharing_enabled":true,"_links":{"self":[{"href":"https:\/\/40annidimusica.com\/it\/wp-json\/wp\/v2\/pages\/58","targetHints":{"allow":["GET"]}}],"collection":[{"href":"https:\/\/40annidimusica.com\/it\/wp-json\/wp\/v2\/pages"}],"about":[{"href":"https:\/\/40annidimusica.com\/it\/wp-json\/wp\/v2\/types\/page"}],"author":[{"embeddable":true,"href":"https:\/\/40annidimusica.com\/it\/wp-json\/wp\/v2\/users\/1"}],"replies":[{"embeddable":true,"href":"https:\/\/40annidimusica.com\/it\/wp-json\/wp\/v2\/comments?post=58"}],"version-history":[{"count":2,"href":"https:\/\/40annidimusica.com\/it\/wp-json\/wp\/v2\/pages\/58\/revisions"}],"predecessor-version":[{"id":150,"href":"https:\/\/40annidimusica.com\/it\/wp-json\/wp\/v2\/pages\/58\/revisions\/150"}],"wp:attachment":[{"href":"https:\/\/40annidimusica.com\/it\/wp-json\/wp\/v2\/media?parent=58"}],"curies":[{"name":"wp","href":"https:\/\/api.w.org\/{rel}","templated":true}]}}