{"id":39,"date":"2022-10-16T21:09:39","date_gmt":"2022-10-16T21:09:39","guid":{"rendered":"https:\/\/40annidimusica.com\/it\/?page_id=39"},"modified":"2022-11-13T22:46:53","modified_gmt":"2022-11-13T22:46:53","slug":"musica-da-recitare","status":"publish","type":"page","link":"https:\/\/40annidimusica.com\/it\/musica-da-recitare\/","title":{"rendered":"Musica da recitare"},"content":{"rendered":"<p>&nbsp;<\/p>\n<p><img data-recalc-dims=\"1\" loading=\"lazy\" decoding=\"async\" class=\"aligncenter wp-image-6389 size-full\" src=\"https:\/\/i0.wp.com\/40annidimusica.com\/it\/wp-content\/uploads\/2022\/11\/0L8A0929-scaled.jpg?resize=920%2C613&#038;ssl=1\" alt=\"\" width=\"920\" height=\"613\" srcset=\"https:\/\/i0.wp.com\/40annidimusica.com\/it\/wp-content\/uploads\/2022\/11\/0L8A0929-scaled.jpg?w=2560&amp;ssl=1 2560w, https:\/\/i0.wp.com\/40annidimusica.com\/it\/wp-content\/uploads\/2022\/11\/0L8A0929-scaled.jpg?resize=300%2C200&amp;ssl=1 300w, https:\/\/i0.wp.com\/40annidimusica.com\/it\/wp-content\/uploads\/2022\/11\/0L8A0929-scaled.jpg?resize=1024%2C683&amp;ssl=1 1024w, https:\/\/i0.wp.com\/40annidimusica.com\/it\/wp-content\/uploads\/2022\/11\/0L8A0929-scaled.jpg?resize=768%2C512&amp;ssl=1 768w, https:\/\/i0.wp.com\/40annidimusica.com\/it\/wp-content\/uploads\/2022\/11\/0L8A0929-scaled.jpg?resize=1536%2C1024&amp;ssl=1 1536w, https:\/\/i0.wp.com\/40annidimusica.com\/it\/wp-content\/uploads\/2022\/11\/0L8A0929-scaled.jpg?resize=2048%2C1365&amp;ssl=1 2048w, https:\/\/i0.wp.com\/40annidimusica.com\/it\/wp-content\/uploads\/2022\/11\/0L8A0929-scaled.jpg?resize=960%2C640&amp;ssl=1 960w, https:\/\/i0.wp.com\/40annidimusica.com\/it\/wp-content\/uploads\/2022\/11\/0L8A0929-scaled.jpg?resize=606%2C404&amp;ssl=1 606w, https:\/\/i0.wp.com\/40annidimusica.com\/it\/wp-content\/uploads\/2022\/11\/0L8A0929-scaled.jpg?resize=1320%2C880&amp;ssl=1 1320w, https:\/\/i0.wp.com\/40annidimusica.com\/it\/wp-content\/uploads\/2022\/11\/0L8A0929-scaled.jpg?resize=600%2C400&amp;ssl=1 600w, https:\/\/i0.wp.com\/40annidimusica.com\/it\/wp-content\/uploads\/2022\/11\/0L8A0929-scaled.jpg?w=1840&amp;ssl=1 1840w\" sizes=\"auto, (max-width: 920px) 100vw, 920px\" \/><\/p>\n<p style=\"text-align: justify;\">&#8220;<strong>Musiche e canzoni per il teatro, commedie musicali il lingua italiana e in dialetto romano, musiche di scena originali&#8221;<\/strong>.<\/p>\n<p><!--more--><\/p>\n<p style=\"text-align: justify;\">La prima occasione per cimentarsi nella composizione di musiche di scena per il teatro arriva per Maurizio nel 2014, quando il Comune di Roma organizza dei laboratori musicali e teatrali nei Centri Sociali per anziani.<\/p>\n<p style=\"text-align: justify;\">Il regista teatrale <strong>DAVID APRILE<\/strong> e l&#8217;autore teatrale e poeta dialettale <strong>MARCELLO BERICOTTO<\/strong> chiamano Maurizio a comporre le canzoni e le musiche della commedia &#8220;<strong>ER CORE DE &#8216;NA PIAZZA<\/strong>&#8221; in collaborazione con l&#8217;attrice, doppiatrice e autrice <strong>DORIANA CHIERICI<\/strong>.<\/p>\n<p style=\"text-align: justify;\">Il laboratorio teatrale si sposta in estate nella manifestazione appena nata &#8220;<strong>LUNGO IL TEVERE&#8230; ROMA<\/strong>&#8221; patrocinata da <strong>GIANNI MARSILI,<\/strong> con le opere teatrali dialettali curate da <strong>LUCIA MARCHI<\/strong> direttrice della Biblioteca Casanatense e con la partecipazione dell&#8217;attore <strong>GENNARO MOMO<\/strong>.<\/p>\n<p style=\"text-align: justify;\">Ancora oggi la manifestazione fa parte dell&#8217;<strong>ESTATE ROMANA<\/strong> e al suo interno <strong>Lorenza <\/strong>e<strong> Maurizio<\/strong> si esibiscono ogni anno portando ad ogni stagione nuovi spettacoli dialettali e non solo.<\/p>\n<p style=\"text-align: justify;\">Nel 2019, sempre nell&#8217;ambito dei laboratori del Comune di Roma, il duo realizza la commedia musicale &#8220;<strong>IMPUNITA<\/strong>&#8220;, con un percorso di 6 mesi di prove e spettacolo finale, con il coinvolgimento diretto degli iscritti ai Centri in veste di attori, cantanti, coristi, scenografi, fotografi di scena. Lorenza scrive il copione e i testi delle canzoni insieme a Maurizio che compone le musiche: loro stessi interpretano la parte dei protagonisti di quest&#8217;opera, la storia ambientata nel secondo dopoguerra di Anna, una donna che cerca di emanciparsi da una vita che la costringe a lavorare in un&#8217;osteria agli ordini di un marito burbero che le \u00e8 stato imposto dalla sua famiglia di adozione.<\/p>\n<p style=\"text-align: justify;\">Il suo modo per cercare la libert\u00e0 \u00e8 la sua grande passione per il canto, e quando incontra l&#8217;artista di strada Alfredo (Maurizio) la situazione non pu\u00f2 che esplodere&#8230;<\/p>\n<p style=\"text-align: justify;\">La regia teatrale \u00e8 di <strong>ROBERTA BRACCI<\/strong>, le musiche sono suonate dal vivo insieme a Maurizio dal tastierista <strong>MARCO MANCINI,<\/strong> i laboratori condotti da Maurizio e Lorenza con la regista e l&#8217;attrice <strong>ORNELLA GUATTARI<\/strong>.<\/p>\n<p style=\"text-align: justify;\">Dallo spettacolo sono stati tratti un CD e un DVD con la regia di <strong>GIOVANNI PIRRI,<\/strong> entrambi con il titolo &#8220;<strong>IMPUNITA<\/strong>&#8220;.<\/p>\n<table>\n<tbody>\n<tr>\n<td><iframe loading=\"lazy\" title=\"YouTube video player\" src=\"https:\/\/www.youtube.com\/embed\/KOT6pdAGarU\" width=\"790\" height=\"415\" frameborder=\"0\" allowfullscreen=\"allowfullscreen\"><\/iframe><\/td>\n<\/tr>\n<tr>\n<td style=\"text-align: justify;\">&#8220;<strong>IMPUNITA<\/strong>&#8220;: Anna \u00e8 un&#8217;impunita. E questa \u00e8 l&#8217;unica commedia musicale romana che ha per protagonista una donna. Dopo Rugantino, Gaetanaccio, Meo Patacca, i 7 re di Roma ecco una commedia al femminile.<\/p>\n<p>&#8220;Impunita&#8221; lavora nell&#8217;osteria del marito ma il suo sogno \u00e8 cantare. Siamo alla fine degli anni &#8217;40, nessuna emancipazione femminile all&#8217;orizzonte. Ma lei \u00e8 impunita e, quando arriva Alfredo &#8211; cantante di strada -, succede che&#8230;be&#8217;, si pu\u00f2 facilmente intuire, no?<\/p>\n<p>Voce narrante \u00e8 Spiritello il vecchio Oste, patrigno di Anna e padre del burbero marito Cesare. Come finir\u00e0?<\/td>\n<\/tr>\n<tr>\n<td><iframe loading=\"lazy\" title=\"YouTube video player\" src=\"https:\/\/www.youtube.com\/embed\/bXao91tDzJ8\" width=\"790\" height=\"415\" frameborder=\"0\" allowfullscreen=\"allowfullscreen\"><span style=\"display: inline-block; width: 0px; overflow: hidden; line-height: 0;\" data-mce-type=\"bookmark\" class=\"mce_SELRES_start\">\ufeff<\/span><span style=\"display: inline-block; width: 0px; overflow: hidden; line-height: 0;\" data-mce-type=\"bookmark\" class=\"mce_SELRES_start\">\ufeff<\/span><\/iframe><\/td>\n<\/tr>\n<tr>\n<td style=\"text-align: justify;\">&#8220;<strong>ROMA E&#8217; DONNA<\/strong>&#8220;: Tratto dalla commedia musicale &#8220;Impunita&#8221; di <strong>Lorenza Bohuny<\/strong> e <strong>Maurizio Carlini.<\/strong><br \/>\nSi tratta della canzone introduttiva alla commedia, nella quale la protagonista descrive il suo amore per la sua citt\u00e0, cantando come lei la vede e la sente.<\/td>\n<\/tr>\n<\/tbody>\n<\/table>\n<h4 style=\"text-align: center;\"><a href=\"https:\/\/40annidimusica.com\/it\/backstage-impunita\/\"><strong>GUARDA LA GALLERY DEL BACKSTAGE DI IMPUNITA<\/strong><\/a><\/h4>\n","protected":false},"excerpt":{"rendered":"<p>&nbsp; &#8220;Musiche e canzoni per il teatro, commedie musicali il<\/p>\n<p class=\"more-link\"><a class=\"button\" href=\"https:\/\/40annidimusica.com\/it\/musica-da-recitare\/\" class=\"readmore\">Continua a leggere<span class=\"screen-reader-text\">Musica da recitare<\/span><\/a><\/p>\n","protected":false},"author":1,"featured_media":6389,"parent":0,"menu_order":0,"comment_status":"closed","ping_status":"closed","template":"","meta":{"footnotes":""},"class_list":["post-39","page","type-page","status-publish","has-post-thumbnail","hentry"],"yoast_head":"<!-- This site is optimized with the Yoast SEO plugin v23.4 - https:\/\/yoast.com\/wordpress\/plugins\/seo\/ -->\n<title>Musica da recitare - 40 anni di Musica<\/title>\n<meta name=\"description\" content=\"Musiche e canzoni per il teatro, commedie musicali il lingua italiana e in dialetto romano, musiche di scena originali\" \/>\n<meta name=\"robots\" content=\"index, follow, max-snippet:-1, max-image-preview:large, max-video-preview:-1\" \/>\n<link rel=\"canonical\" href=\"https:\/\/40annidimusica.com\/it\/musica-da-recitare\/\" \/>\n<meta property=\"og:locale\" content=\"it_IT\" \/>\n<meta property=\"og:type\" content=\"article\" \/>\n<meta property=\"og:title\" content=\"Musica da recitare - 40 anni di Musica\" \/>\n<meta property=\"og:description\" content=\"Musiche e canzoni per il teatro, commedie musicali il lingua italiana e in dialetto romano, musiche di scena originali\" \/>\n<meta property=\"og:url\" content=\"https:\/\/40annidimusica.com\/it\/musica-da-recitare\/\" \/>\n<meta property=\"og:site_name\" content=\"40 anni di Musica\" \/>\n<meta property=\"article:publisher\" content=\"https:\/\/www.facebook.com\/40annidimusica\/\" \/>\n<meta property=\"article:modified_time\" content=\"2022-11-13T22:46:53+00:00\" \/>\n<meta property=\"og:image\" content=\"https:\/\/40annidimusica.com\/it\/wp-content\/uploads\/2022\/11\/0L8A0929-scaled.jpg\" \/>\n\t<meta property=\"og:image:width\" content=\"2560\" \/>\n\t<meta property=\"og:image:height\" content=\"1707\" \/>\n\t<meta property=\"og:image:type\" content=\"image\/jpeg\" \/>\n<meta name=\"twitter:card\" content=\"summary_large_image\" \/>\n<meta name=\"twitter:label1\" content=\"Tempo di lettura stimato\" \/>\n\t<meta name=\"twitter:data1\" content=\"3 minuti\" \/>\n<script type=\"application\/ld+json\" class=\"yoast-schema-graph\">{\"@context\":\"https:\/\/schema.org\",\"@graph\":[{\"@type\":\"WebPage\",\"@id\":\"https:\/\/40annidimusica.com\/it\/musica-da-recitare\/\",\"url\":\"https:\/\/40annidimusica.com\/it\/musica-da-recitare\/\",\"name\":\"Musica da recitare - 40 anni di Musica\",\"isPartOf\":{\"@id\":\"https:\/\/40annidimusica.com\/it\/#website\"},\"primaryImageOfPage\":{\"@id\":\"https:\/\/40annidimusica.com\/it\/musica-da-recitare\/#primaryimage\"},\"image\":{\"@id\":\"https:\/\/40annidimusica.com\/it\/musica-da-recitare\/#primaryimage\"},\"thumbnailUrl\":\"https:\/\/i0.wp.com\/40annidimusica.com\/it\/wp-content\/uploads\/2022\/11\/0L8A0929-scaled.jpg?fit=2560%2C1707&ssl=1\",\"datePublished\":\"2022-10-16T21:09:39+00:00\",\"dateModified\":\"2022-11-13T22:46:53+00:00\",\"description\":\"Musiche e canzoni per il teatro, commedie musicali il lingua italiana e in dialetto romano, musiche di scena originali\",\"breadcrumb\":{\"@id\":\"https:\/\/40annidimusica.com\/it\/musica-da-recitare\/#breadcrumb\"},\"inLanguage\":\"it-IT\",\"potentialAction\":[{\"@type\":\"ReadAction\",\"target\":[\"https:\/\/40annidimusica.com\/it\/musica-da-recitare\/\"]}]},{\"@type\":\"ImageObject\",\"inLanguage\":\"it-IT\",\"@id\":\"https:\/\/40annidimusica.com\/it\/musica-da-recitare\/#primaryimage\",\"url\":\"https:\/\/i0.wp.com\/40annidimusica.com\/it\/wp-content\/uploads\/2022\/11\/0L8A0929-scaled.jpg?fit=2560%2C1707&ssl=1\",\"contentUrl\":\"https:\/\/i0.wp.com\/40annidimusica.com\/it\/wp-content\/uploads\/2022\/11\/0L8A0929-scaled.jpg?fit=2560%2C1707&ssl=1\",\"width\":2560,\"height\":1707},{\"@type\":\"BreadcrumbList\",\"@id\":\"https:\/\/40annidimusica.com\/it\/musica-da-recitare\/#breadcrumb\",\"itemListElement\":[{\"@type\":\"ListItem\",\"position\":1,\"name\":\"Home\",\"item\":\"https:\/\/40annidimusica.com\/it\/\"},{\"@type\":\"ListItem\",\"position\":2,\"name\":\"Musica da recitare\"}]},{\"@type\":\"WebSite\",\"@id\":\"https:\/\/40annidimusica.com\/it\/#website\",\"url\":\"https:\/\/40annidimusica.com\/it\/\",\"name\":\"40 anni di Musica\",\"description\":\"LORENZA BOHUNY &amp; MAURIZIO CARLINI\",\"publisher\":{\"@id\":\"https:\/\/40annidimusica.com\/it\/#organization\"},\"potentialAction\":[{\"@type\":\"SearchAction\",\"target\":{\"@type\":\"EntryPoint\",\"urlTemplate\":\"https:\/\/40annidimusica.com\/it\/?s={search_term_string}\"},\"query-input\":{\"@type\":\"PropertyValueSpecification\",\"valueRequired\":true,\"valueName\":\"search_term_string\"}}],\"inLanguage\":\"it-IT\"},{\"@type\":\"Organization\",\"@id\":\"https:\/\/40annidimusica.com\/it\/#organization\",\"name\":\"40 anni di Musica\",\"url\":\"https:\/\/40annidimusica.com\/it\/\",\"logo\":{\"@type\":\"ImageObject\",\"inLanguage\":\"it-IT\",\"@id\":\"https:\/\/40annidimusica.com\/it\/#\/schema\/logo\/image\/\",\"url\":\"https:\/\/40annidimusica.com\/it\/wp-content\/uploads\/2022\/10\/logo-40annidimusica.png\",\"contentUrl\":\"https:\/\/40annidimusica.com\/it\/wp-content\/uploads\/2022\/10\/logo-40annidimusica.png\",\"width\":843,\"height\":843,\"caption\":\"40 anni di Musica\"},\"image\":{\"@id\":\"https:\/\/40annidimusica.com\/it\/#\/schema\/logo\/image\/\"},\"sameAs\":[\"https:\/\/www.facebook.com\/40annidimusica\/\"]}]}<\/script>\n<!-- \/ Yoast SEO plugin. -->","yoast_head_json":{"title":"Musica da recitare - 40 anni di Musica","description":"Musiche e canzoni per il teatro, commedie musicali il lingua italiana e in dialetto romano, musiche di scena originali","robots":{"index":"index","follow":"follow","max-snippet":"max-snippet:-1","max-image-preview":"max-image-preview:large","max-video-preview":"max-video-preview:-1"},"canonical":"https:\/\/40annidimusica.com\/it\/musica-da-recitare\/","og_locale":"it_IT","og_type":"article","og_title":"Musica da recitare - 40 anni di Musica","og_description":"Musiche e canzoni per il teatro, commedie musicali il lingua italiana e in dialetto romano, musiche di scena originali","og_url":"https:\/\/40annidimusica.com\/it\/musica-da-recitare\/","og_site_name":"40 anni di Musica","article_publisher":"https:\/\/www.facebook.com\/40annidimusica\/","article_modified_time":"2022-11-13T22:46:53+00:00","og_image":[{"width":2560,"height":1707,"url":"https:\/\/40annidimusica.com\/it\/wp-content\/uploads\/2022\/11\/0L8A0929-scaled.jpg","type":"image\/jpeg"}],"twitter_card":"summary_large_image","twitter_misc":{"Tempo di lettura stimato":"3 minuti"},"schema":{"@context":"https:\/\/schema.org","@graph":[{"@type":"WebPage","@id":"https:\/\/40annidimusica.com\/it\/musica-da-recitare\/","url":"https:\/\/40annidimusica.com\/it\/musica-da-recitare\/","name":"Musica da recitare - 40 anni di Musica","isPartOf":{"@id":"https:\/\/40annidimusica.com\/it\/#website"},"primaryImageOfPage":{"@id":"https:\/\/40annidimusica.com\/it\/musica-da-recitare\/#primaryimage"},"image":{"@id":"https:\/\/40annidimusica.com\/it\/musica-da-recitare\/#primaryimage"},"thumbnailUrl":"https:\/\/i0.wp.com\/40annidimusica.com\/it\/wp-content\/uploads\/2022\/11\/0L8A0929-scaled.jpg?fit=2560%2C1707&ssl=1","datePublished":"2022-10-16T21:09:39+00:00","dateModified":"2022-11-13T22:46:53+00:00","description":"Musiche e canzoni per il teatro, commedie musicali il lingua italiana e in dialetto romano, musiche di scena originali","breadcrumb":{"@id":"https:\/\/40annidimusica.com\/it\/musica-da-recitare\/#breadcrumb"},"inLanguage":"it-IT","potentialAction":[{"@type":"ReadAction","target":["https:\/\/40annidimusica.com\/it\/musica-da-recitare\/"]}]},{"@type":"ImageObject","inLanguage":"it-IT","@id":"https:\/\/40annidimusica.com\/it\/musica-da-recitare\/#primaryimage","url":"https:\/\/i0.wp.com\/40annidimusica.com\/it\/wp-content\/uploads\/2022\/11\/0L8A0929-scaled.jpg?fit=2560%2C1707&ssl=1","contentUrl":"https:\/\/i0.wp.com\/40annidimusica.com\/it\/wp-content\/uploads\/2022\/11\/0L8A0929-scaled.jpg?fit=2560%2C1707&ssl=1","width":2560,"height":1707},{"@type":"BreadcrumbList","@id":"https:\/\/40annidimusica.com\/it\/musica-da-recitare\/#breadcrumb","itemListElement":[{"@type":"ListItem","position":1,"name":"Home","item":"https:\/\/40annidimusica.com\/it\/"},{"@type":"ListItem","position":2,"name":"Musica da recitare"}]},{"@type":"WebSite","@id":"https:\/\/40annidimusica.com\/it\/#website","url":"https:\/\/40annidimusica.com\/it\/","name":"40 anni di Musica","description":"LORENZA BOHUNY &amp; MAURIZIO CARLINI","publisher":{"@id":"https:\/\/40annidimusica.com\/it\/#organization"},"potentialAction":[{"@type":"SearchAction","target":{"@type":"EntryPoint","urlTemplate":"https:\/\/40annidimusica.com\/it\/?s={search_term_string}"},"query-input":{"@type":"PropertyValueSpecification","valueRequired":true,"valueName":"search_term_string"}}],"inLanguage":"it-IT"},{"@type":"Organization","@id":"https:\/\/40annidimusica.com\/it\/#organization","name":"40 anni di Musica","url":"https:\/\/40annidimusica.com\/it\/","logo":{"@type":"ImageObject","inLanguage":"it-IT","@id":"https:\/\/40annidimusica.com\/it\/#\/schema\/logo\/image\/","url":"https:\/\/40annidimusica.com\/it\/wp-content\/uploads\/2022\/10\/logo-40annidimusica.png","contentUrl":"https:\/\/40annidimusica.com\/it\/wp-content\/uploads\/2022\/10\/logo-40annidimusica.png","width":843,"height":843,"caption":"40 anni di Musica"},"image":{"@id":"https:\/\/40annidimusica.com\/it\/#\/schema\/logo\/image\/"},"sameAs":["https:\/\/www.facebook.com\/40annidimusica\/"]}]}},"jetpack_sharing_enabled":true,"_links":{"self":[{"href":"https:\/\/40annidimusica.com\/it\/wp-json\/wp\/v2\/pages\/39","targetHints":{"allow":["GET"]}}],"collection":[{"href":"https:\/\/40annidimusica.com\/it\/wp-json\/wp\/v2\/pages"}],"about":[{"href":"https:\/\/40annidimusica.com\/it\/wp-json\/wp\/v2\/types\/page"}],"author":[{"embeddable":true,"href":"https:\/\/40annidimusica.com\/it\/wp-json\/wp\/v2\/users\/1"}],"replies":[{"embeddable":true,"href":"https:\/\/40annidimusica.com\/it\/wp-json\/wp\/v2\/comments?post=39"}],"version-history":[{"count":8,"href":"https:\/\/40annidimusica.com\/it\/wp-json\/wp\/v2\/pages\/39\/revisions"}],"predecessor-version":[{"id":6652,"href":"https:\/\/40annidimusica.com\/it\/wp-json\/wp\/v2\/pages\/39\/revisions\/6652"}],"wp:featuredmedia":[{"embeddable":true,"href":"https:\/\/40annidimusica.com\/it\/wp-json\/wp\/v2\/media\/6389"}],"wp:attachment":[{"href":"https:\/\/40annidimusica.com\/it\/wp-json\/wp\/v2\/media?parent=39"}],"curies":[{"name":"wp","href":"https:\/\/api.w.org\/{rel}","templated":true}]}}