{"id":37,"date":"2022-10-16T21:07:34","date_gmt":"2022-10-16T21:07:34","guid":{"rendered":"https:\/\/40annidimusica.com\/it\/?page_id=37"},"modified":"2022-11-13T21:37:32","modified_gmt":"2022-11-13T21:37:32","slug":"musica-da-indossare","status":"publish","type":"page","link":"https:\/\/40annidimusica.com\/it\/musica-da-indossare\/","title":{"rendered":"Musica da indossare"},"content":{"rendered":"<p><img data-recalc-dims=\"1\" loading=\"lazy\" decoding=\"async\" class=\"aligncenter wp-image-6391 size-full\" src=\"https:\/\/i0.wp.com\/40annidimusica.com\/it\/wp-content\/uploads\/2022\/11\/0L8A1056-scaled.jpg?resize=920%2C613&#038;ssl=1\" alt=\"\" width=\"920\" height=\"613\" srcset=\"https:\/\/i0.wp.com\/40annidimusica.com\/it\/wp-content\/uploads\/2022\/11\/0L8A1056-scaled.jpg?w=2560&amp;ssl=1 2560w, https:\/\/i0.wp.com\/40annidimusica.com\/it\/wp-content\/uploads\/2022\/11\/0L8A1056-scaled.jpg?resize=300%2C200&amp;ssl=1 300w, https:\/\/i0.wp.com\/40annidimusica.com\/it\/wp-content\/uploads\/2022\/11\/0L8A1056-scaled.jpg?resize=1024%2C683&amp;ssl=1 1024w, https:\/\/i0.wp.com\/40annidimusica.com\/it\/wp-content\/uploads\/2022\/11\/0L8A1056-scaled.jpg?resize=768%2C512&amp;ssl=1 768w, https:\/\/i0.wp.com\/40annidimusica.com\/it\/wp-content\/uploads\/2022\/11\/0L8A1056-scaled.jpg?resize=1536%2C1024&amp;ssl=1 1536w, https:\/\/i0.wp.com\/40annidimusica.com\/it\/wp-content\/uploads\/2022\/11\/0L8A1056-scaled.jpg?resize=2048%2C1365&amp;ssl=1 2048w, https:\/\/i0.wp.com\/40annidimusica.com\/it\/wp-content\/uploads\/2022\/11\/0L8A1056-scaled.jpg?resize=960%2C640&amp;ssl=1 960w, https:\/\/i0.wp.com\/40annidimusica.com\/it\/wp-content\/uploads\/2022\/11\/0L8A1056-scaled.jpg?resize=606%2C404&amp;ssl=1 606w, https:\/\/i0.wp.com\/40annidimusica.com\/it\/wp-content\/uploads\/2022\/11\/0L8A1056-scaled.jpg?resize=1320%2C880&amp;ssl=1 1320w, https:\/\/i0.wp.com\/40annidimusica.com\/it\/wp-content\/uploads\/2022\/11\/0L8A1056-scaled.jpg?resize=600%2C400&amp;ssl=1 600w, https:\/\/i0.wp.com\/40annidimusica.com\/it\/wp-content\/uploads\/2022\/11\/0L8A1056-scaled.jpg?w=1840&amp;ssl=1 1840w\" sizes=\"auto, (max-width: 920px) 100vw, 920px\" \/><\/p>\n<p style=\"text-align: justify;\">&#8220;<strong>Canzoni scritte a partire dalle storie raccontate dalla gente, per fare &#8211; o farsi -un regalo speciale&#8221;<\/strong>.<!--more--><\/p>\n<p style=\"text-align: justify;\"><strong>Maurizio Carlini<\/strong> fin dagli inizi della sua attivit\u00e0 artistica ha scritto canzoni a partire dalle storie della gente; addirittura ha iniziato da adolescente mettendo in musica le storie degli amici della sua &#8220;comitiva&#8221;.<\/p>\n<p style=\"text-align: justify;\">Nel tempo, questo tipo di esperienza \u00e8 diventata una delle sue attivit\u00e0 ufficiali, gi\u00e0 dal 2011 quando si trova a musicare le poesie di 15 poeti diversi per realizzare un CD dal titolo &#8220;<strong>VORREI <\/strong>(prodotto dai poeti stessi allo scopo di acquistare con la sua vendita una serie di attrezzature mediche per il Policlinico Umberto I di Roma).<\/p>\n<p style=\"text-align: justify;\">Subito dopo inizia a raccogliere nel suo sito una serie di richieste di persone che vogliono realizzare una canzone a partire dalla loro storia, o per regalarla a qualcuno in occasioni di eventi particolari. E&#8217; a questo punto che l&#8217;attivit\u00e0 diventa intensa e nel 2018 con Lorenza Bohuny si ufficializza nel progetto &#8220;<strong>CANZONI DA INDOSSARE<\/strong>&#8220;.<\/p>\n<p style=\"text-align: justify;\">Ad oggi sono state realizzate pi\u00f9 di 50 canzoni in questo modo, e per il pubblico \u00e8 davvero una piccola rivoluzione non dover &#8220;riconoscersi&#8221; o &#8220;immedesimarsi&#8221; in canzoni famose ma &#8220;essere&#8221; in una canzone scritta su misura per la propria storia, una vera e propria canzone &#8220;<strong>DA INDOSSARE<\/strong>&#8220;.<\/p>\n<p>&nbsp;<\/p>\n<table>\n<tbody>\n<tr>\n<td><iframe loading=\"lazy\" title=\"YouTube video player\" src=\"https:\/\/www.youtube.com\/embed\/DxbJmA0Up_8\" width=\"790\" height=\"415\" frameborder=\"0\" allowfullscreen=\"allowfullscreen\"><span style=\"display: inline-block; width: 0px; overflow: hidden; line-height: 0;\" data-mce-type=\"bookmark\" class=\"mce_SELRES_start\">\ufeff<\/span><\/iframe><\/td>\n<\/tr>\n<tr>\n<td style=\"text-align: justify;\">&#8220;<strong>GIANMAURO CREAZZI&#8221;: <\/strong>Gianmauro Creazzi ha realizzato con Maurizio Carlini e Lorenza Bohuny quattro &#8220;canzoni da indossare&#8221;, nate da storie vere della sua vita e della sua attivit\u00e0 raccontate ai due autori.<strong><br \/>\n<\/strong><\/td>\n<\/tr>\n<tr>\n<td><iframe loading=\"lazy\" title=\"YouTube video player\" src=\"https:\/\/www.youtube.com\/embed\/SWa2sjbjyKE\" width=\"790\" height=\"415\" frameborder=\"0\" allowfullscreen=\"allowfullscreen\"><span style=\"display: inline-block; width: 0px; overflow: hidden; line-height: 0;\" data-mce-type=\"bookmark\" class=\"mce_SELRES_start\">\ufeff<\/span><\/iframe><\/td>\n<\/tr>\n<tr>\n<td style=\"text-align: justify;\">&#8220;<strong>LAURA DENOYER&#8221;<\/strong>: Laura Denoyer ha raccontato due storie a Lorenza Bohuny e Maurizio Carlini per realizzare due canzoni da dedicare a persone care, per eventi importanti della loro vita.<\/td>\n<\/tr>\n<tr>\n<td><iframe loading=\"lazy\" title=\"YouTube video player\" src=\"https:\/\/www.youtube.com\/embed\/oXGZ2NJob0o\" width=\"790\" height=\"415\" frameborder=\"0\" allowfullscreen=\"allowfullscreen\"><span style=\"display: inline-block; width: 0px; overflow: hidden; line-height: 0;\" data-mce-type=\"bookmark\" class=\"mce_SELRES_start\">\ufeff<\/span><\/iframe><\/td>\n<\/tr>\n<tr>\n<td style=\"text-align: justify;\">&#8220;<strong>SERENA PESCI&#8221;<\/strong>: ha dedicato una canzone inedita a suo marito per il loro anniversario: partendo da una storia scritta da lei, Lorenza Bohuny e Maurizio Carlini hanno realizzato il suo personalissimo regalo.<\/td>\n<\/tr>\n<\/tbody>\n<\/table>\n<p>&nbsp;<\/p>\n<p>Se vuoi anche tu una canzone scritta solo per te o per la persona alla quale la vuoi dedicare scrivici e scopri come fare\n<div class=\"wpcf7 no-js\" id=\"wpcf7-f4-o1\" lang=\"en-US\" dir=\"ltr\">\n<div class=\"screen-reader-response\"><p role=\"status\" aria-live=\"polite\" aria-atomic=\"true\"><\/p> <ul><\/ul><\/div>\n<form action=\"\/it\/wp-json\/wp\/v2\/pages\/37#wpcf7-f4-o1\" method=\"post\" class=\"wpcf7-form init\" aria-label=\"Contact form\" novalidate=\"novalidate\" data-status=\"init\">\n<div style=\"display: none;\">\n<input type=\"hidden\" name=\"_wpcf7\" value=\"4\" \/>\n<input type=\"hidden\" name=\"_wpcf7_version\" value=\"5.9.8\" \/>\n<input type=\"hidden\" name=\"_wpcf7_locale\" value=\"en_US\" \/>\n<input type=\"hidden\" name=\"_wpcf7_unit_tag\" value=\"wpcf7-f4-o1\" \/>\n<input type=\"hidden\" name=\"_wpcf7_container_post\" value=\"0\" \/>\n<input type=\"hidden\" name=\"_wpcf7_posted_data_hash\" value=\"\" \/>\n<\/div>\n<p><label> Your name<br \/>\n<span class=\"wpcf7-form-control-wrap\" data-name=\"your-name\"><input size=\"40\" maxlength=\"400\" class=\"wpcf7-form-control wpcf7-text wpcf7-validates-as-required\" aria-required=\"true\" aria-invalid=\"false\" value=\"\" type=\"text\" name=\"your-name\" \/><\/span> <\/label>\n<\/p>\n<p><label> Your email<br \/>\n<span class=\"wpcf7-form-control-wrap\" data-name=\"your-email\"><input size=\"40\" maxlength=\"400\" class=\"wpcf7-form-control wpcf7-email wpcf7-validates-as-required wpcf7-text wpcf7-validates-as-email\" aria-required=\"true\" aria-invalid=\"false\" value=\"\" type=\"email\" name=\"your-email\" \/><\/span> <\/label>\n<\/p>\n<p><label> Subject<br \/>\n<span class=\"wpcf7-form-control-wrap\" data-name=\"your-subject\"><input size=\"40\" maxlength=\"400\" class=\"wpcf7-form-control wpcf7-text wpcf7-validates-as-required\" aria-required=\"true\" aria-invalid=\"false\" value=\"\" type=\"text\" name=\"your-subject\" \/><\/span> <\/label>\n<\/p>\n<p><label> Your message (optional)<br \/>\n<span class=\"wpcf7-form-control-wrap\" data-name=\"your-message\"><textarea cols=\"40\" rows=\"10\" maxlength=\"2000\" class=\"wpcf7-form-control wpcf7-textarea\" aria-invalid=\"false\" name=\"your-message\"><\/textarea><\/span> <\/label>\n<\/p>\n<p><input class=\"wpcf7-form-control wpcf7-submit has-spinner\" type=\"submit\" value=\"Submit\" \/>\n<\/p><div class=\"wpcf7-response-output\" aria-hidden=\"true\"><\/div>\n<\/form>\n<\/div>\n<\/p>\n","protected":false},"excerpt":{"rendered":"<p>&#8220;Canzoni scritte a partire dalle storie raccontate dalla gente, per<\/p>\n<p class=\"more-link\"><a class=\"button\" href=\"https:\/\/40annidimusica.com\/it\/musica-da-indossare\/\" class=\"readmore\">Continua a leggere<span class=\"screen-reader-text\">Musica da indossare<\/span><\/a><\/p>\n","protected":false},"author":1,"featured_media":6391,"parent":0,"menu_order":0,"comment_status":"closed","ping_status":"closed","template":"","meta":{"footnotes":""},"class_list":["post-37","page","type-page","status-publish","has-post-thumbnail","hentry"],"yoast_head":"<!-- This site is optimized with the Yoast SEO plugin v23.4 - https:\/\/yoast.com\/wordpress\/plugins\/seo\/ -->\n<title>Musica da indossare - 40 anni di Musica<\/title>\n<meta name=\"description\" content=\"Canzoni scritte a partire dalle storie raccontate dalla gente, per fare - o farsi -un regalo speciale\" \/>\n<meta name=\"robots\" content=\"index, follow, max-snippet:-1, max-image-preview:large, max-video-preview:-1\" \/>\n<link rel=\"canonical\" href=\"https:\/\/40annidimusica.com\/it\/musica-da-indossare\/\" \/>\n<meta property=\"og:locale\" content=\"it_IT\" \/>\n<meta property=\"og:type\" content=\"article\" \/>\n<meta property=\"og:title\" content=\"Musica da indossare - 40 anni di Musica\" \/>\n<meta property=\"og:description\" content=\"Canzoni scritte a partire dalle storie raccontate dalla gente, per fare - o farsi -un regalo speciale\" \/>\n<meta property=\"og:url\" content=\"https:\/\/40annidimusica.com\/it\/musica-da-indossare\/\" \/>\n<meta property=\"og:site_name\" content=\"40 anni di Musica\" \/>\n<meta property=\"article:publisher\" content=\"https:\/\/www.facebook.com\/40annidimusica\/\" \/>\n<meta property=\"article:modified_time\" content=\"2022-11-13T21:37:32+00:00\" \/>\n<meta property=\"og:image\" content=\"https:\/\/40annidimusica.com\/it\/wp-content\/uploads\/2022\/11\/0L8A1056-scaled.jpg\" \/>\n\t<meta property=\"og:image:width\" content=\"2560\" \/>\n\t<meta property=\"og:image:height\" content=\"1707\" \/>\n\t<meta property=\"og:image:type\" content=\"image\/jpeg\" \/>\n<meta name=\"twitter:card\" content=\"summary_large_image\" \/>\n<meta name=\"twitter:label1\" content=\"Tempo di lettura stimato\" \/>\n\t<meta name=\"twitter:data1\" content=\"2 minuti\" \/>\n<script type=\"application\/ld+json\" class=\"yoast-schema-graph\">{\"@context\":\"https:\/\/schema.org\",\"@graph\":[{\"@type\":\"WebPage\",\"@id\":\"https:\/\/40annidimusica.com\/it\/musica-da-indossare\/\",\"url\":\"https:\/\/40annidimusica.com\/it\/musica-da-indossare\/\",\"name\":\"Musica da indossare - 40 anni di Musica\",\"isPartOf\":{\"@id\":\"https:\/\/40annidimusica.com\/it\/#website\"},\"primaryImageOfPage\":{\"@id\":\"https:\/\/40annidimusica.com\/it\/musica-da-indossare\/#primaryimage\"},\"image\":{\"@id\":\"https:\/\/40annidimusica.com\/it\/musica-da-indossare\/#primaryimage\"},\"thumbnailUrl\":\"https:\/\/i0.wp.com\/40annidimusica.com\/it\/wp-content\/uploads\/2022\/11\/0L8A1056-scaled.jpg?fit=2560%2C1707&ssl=1\",\"datePublished\":\"2022-10-16T21:07:34+00:00\",\"dateModified\":\"2022-11-13T21:37:32+00:00\",\"description\":\"Canzoni scritte a partire dalle storie raccontate dalla gente, per fare - o farsi -un regalo speciale\",\"breadcrumb\":{\"@id\":\"https:\/\/40annidimusica.com\/it\/musica-da-indossare\/#breadcrumb\"},\"inLanguage\":\"it-IT\",\"potentialAction\":[{\"@type\":\"ReadAction\",\"target\":[\"https:\/\/40annidimusica.com\/it\/musica-da-indossare\/\"]}]},{\"@type\":\"ImageObject\",\"inLanguage\":\"it-IT\",\"@id\":\"https:\/\/40annidimusica.com\/it\/musica-da-indossare\/#primaryimage\",\"url\":\"https:\/\/i0.wp.com\/40annidimusica.com\/it\/wp-content\/uploads\/2022\/11\/0L8A1056-scaled.jpg?fit=2560%2C1707&ssl=1\",\"contentUrl\":\"https:\/\/i0.wp.com\/40annidimusica.com\/it\/wp-content\/uploads\/2022\/11\/0L8A1056-scaled.jpg?fit=2560%2C1707&ssl=1\",\"width\":2560,\"height\":1707},{\"@type\":\"BreadcrumbList\",\"@id\":\"https:\/\/40annidimusica.com\/it\/musica-da-indossare\/#breadcrumb\",\"itemListElement\":[{\"@type\":\"ListItem\",\"position\":1,\"name\":\"Home\",\"item\":\"https:\/\/40annidimusica.com\/it\/\"},{\"@type\":\"ListItem\",\"position\":2,\"name\":\"Musica da indossare\"}]},{\"@type\":\"WebSite\",\"@id\":\"https:\/\/40annidimusica.com\/it\/#website\",\"url\":\"https:\/\/40annidimusica.com\/it\/\",\"name\":\"40 anni di Musica\",\"description\":\"LORENZA BOHUNY &amp; MAURIZIO CARLINI\",\"publisher\":{\"@id\":\"https:\/\/40annidimusica.com\/it\/#organization\"},\"potentialAction\":[{\"@type\":\"SearchAction\",\"target\":{\"@type\":\"EntryPoint\",\"urlTemplate\":\"https:\/\/40annidimusica.com\/it\/?s={search_term_string}\"},\"query-input\":{\"@type\":\"PropertyValueSpecification\",\"valueRequired\":true,\"valueName\":\"search_term_string\"}}],\"inLanguage\":\"it-IT\"},{\"@type\":\"Organization\",\"@id\":\"https:\/\/40annidimusica.com\/it\/#organization\",\"name\":\"40 anni di Musica\",\"url\":\"https:\/\/40annidimusica.com\/it\/\",\"logo\":{\"@type\":\"ImageObject\",\"inLanguage\":\"it-IT\",\"@id\":\"https:\/\/40annidimusica.com\/it\/#\/schema\/logo\/image\/\",\"url\":\"https:\/\/40annidimusica.com\/it\/wp-content\/uploads\/2022\/10\/logo-40annidimusica.png\",\"contentUrl\":\"https:\/\/40annidimusica.com\/it\/wp-content\/uploads\/2022\/10\/logo-40annidimusica.png\",\"width\":843,\"height\":843,\"caption\":\"40 anni di Musica\"},\"image\":{\"@id\":\"https:\/\/40annidimusica.com\/it\/#\/schema\/logo\/image\/\"},\"sameAs\":[\"https:\/\/www.facebook.com\/40annidimusica\/\"]}]}<\/script>\n<!-- \/ Yoast SEO plugin. -->","yoast_head_json":{"title":"Musica da indossare - 40 anni di Musica","description":"Canzoni scritte a partire dalle storie raccontate dalla gente, per fare - o farsi -un regalo speciale","robots":{"index":"index","follow":"follow","max-snippet":"max-snippet:-1","max-image-preview":"max-image-preview:large","max-video-preview":"max-video-preview:-1"},"canonical":"https:\/\/40annidimusica.com\/it\/musica-da-indossare\/","og_locale":"it_IT","og_type":"article","og_title":"Musica da indossare - 40 anni di Musica","og_description":"Canzoni scritte a partire dalle storie raccontate dalla gente, per fare - o farsi -un regalo speciale","og_url":"https:\/\/40annidimusica.com\/it\/musica-da-indossare\/","og_site_name":"40 anni di Musica","article_publisher":"https:\/\/www.facebook.com\/40annidimusica\/","article_modified_time":"2022-11-13T21:37:32+00:00","og_image":[{"width":2560,"height":1707,"url":"https:\/\/40annidimusica.com\/it\/wp-content\/uploads\/2022\/11\/0L8A1056-scaled.jpg","type":"image\/jpeg"}],"twitter_card":"summary_large_image","twitter_misc":{"Tempo di lettura stimato":"2 minuti"},"schema":{"@context":"https:\/\/schema.org","@graph":[{"@type":"WebPage","@id":"https:\/\/40annidimusica.com\/it\/musica-da-indossare\/","url":"https:\/\/40annidimusica.com\/it\/musica-da-indossare\/","name":"Musica da indossare - 40 anni di Musica","isPartOf":{"@id":"https:\/\/40annidimusica.com\/it\/#website"},"primaryImageOfPage":{"@id":"https:\/\/40annidimusica.com\/it\/musica-da-indossare\/#primaryimage"},"image":{"@id":"https:\/\/40annidimusica.com\/it\/musica-da-indossare\/#primaryimage"},"thumbnailUrl":"https:\/\/i0.wp.com\/40annidimusica.com\/it\/wp-content\/uploads\/2022\/11\/0L8A1056-scaled.jpg?fit=2560%2C1707&ssl=1","datePublished":"2022-10-16T21:07:34+00:00","dateModified":"2022-11-13T21:37:32+00:00","description":"Canzoni scritte a partire dalle storie raccontate dalla gente, per fare - o farsi -un regalo speciale","breadcrumb":{"@id":"https:\/\/40annidimusica.com\/it\/musica-da-indossare\/#breadcrumb"},"inLanguage":"it-IT","potentialAction":[{"@type":"ReadAction","target":["https:\/\/40annidimusica.com\/it\/musica-da-indossare\/"]}]},{"@type":"ImageObject","inLanguage":"it-IT","@id":"https:\/\/40annidimusica.com\/it\/musica-da-indossare\/#primaryimage","url":"https:\/\/i0.wp.com\/40annidimusica.com\/it\/wp-content\/uploads\/2022\/11\/0L8A1056-scaled.jpg?fit=2560%2C1707&ssl=1","contentUrl":"https:\/\/i0.wp.com\/40annidimusica.com\/it\/wp-content\/uploads\/2022\/11\/0L8A1056-scaled.jpg?fit=2560%2C1707&ssl=1","width":2560,"height":1707},{"@type":"BreadcrumbList","@id":"https:\/\/40annidimusica.com\/it\/musica-da-indossare\/#breadcrumb","itemListElement":[{"@type":"ListItem","position":1,"name":"Home","item":"https:\/\/40annidimusica.com\/it\/"},{"@type":"ListItem","position":2,"name":"Musica da indossare"}]},{"@type":"WebSite","@id":"https:\/\/40annidimusica.com\/it\/#website","url":"https:\/\/40annidimusica.com\/it\/","name":"40 anni di Musica","description":"LORENZA BOHUNY &amp; MAURIZIO CARLINI","publisher":{"@id":"https:\/\/40annidimusica.com\/it\/#organization"},"potentialAction":[{"@type":"SearchAction","target":{"@type":"EntryPoint","urlTemplate":"https:\/\/40annidimusica.com\/it\/?s={search_term_string}"},"query-input":{"@type":"PropertyValueSpecification","valueRequired":true,"valueName":"search_term_string"}}],"inLanguage":"it-IT"},{"@type":"Organization","@id":"https:\/\/40annidimusica.com\/it\/#organization","name":"40 anni di Musica","url":"https:\/\/40annidimusica.com\/it\/","logo":{"@type":"ImageObject","inLanguage":"it-IT","@id":"https:\/\/40annidimusica.com\/it\/#\/schema\/logo\/image\/","url":"https:\/\/40annidimusica.com\/it\/wp-content\/uploads\/2022\/10\/logo-40annidimusica.png","contentUrl":"https:\/\/40annidimusica.com\/it\/wp-content\/uploads\/2022\/10\/logo-40annidimusica.png","width":843,"height":843,"caption":"40 anni di Musica"},"image":{"@id":"https:\/\/40annidimusica.com\/it\/#\/schema\/logo\/image\/"},"sameAs":["https:\/\/www.facebook.com\/40annidimusica\/"]}]}},"jetpack_sharing_enabled":true,"_links":{"self":[{"href":"https:\/\/40annidimusica.com\/it\/wp-json\/wp\/v2\/pages\/37","targetHints":{"allow":["GET"]}}],"collection":[{"href":"https:\/\/40annidimusica.com\/it\/wp-json\/wp\/v2\/pages"}],"about":[{"href":"https:\/\/40annidimusica.com\/it\/wp-json\/wp\/v2\/types\/page"}],"author":[{"embeddable":true,"href":"https:\/\/40annidimusica.com\/it\/wp-json\/wp\/v2\/users\/1"}],"replies":[{"embeddable":true,"href":"https:\/\/40annidimusica.com\/it\/wp-json\/wp\/v2\/comments?post=37"}],"version-history":[{"count":10,"href":"https:\/\/40annidimusica.com\/it\/wp-json\/wp\/v2\/pages\/37\/revisions"}],"predecessor-version":[{"id":217,"href":"https:\/\/40annidimusica.com\/it\/wp-json\/wp\/v2\/pages\/37\/revisions\/217"}],"wp:featuredmedia":[{"embeddable":true,"href":"https:\/\/40annidimusica.com\/it\/wp-json\/wp\/v2\/media\/6391"}],"wp:attachment":[{"href":"https:\/\/40annidimusica.com\/it\/wp-json\/wp\/v2\/media?parent=37"}],"curies":[{"name":"wp","href":"https:\/\/api.w.org\/{rel}","templated":true}]}}