{"id":35,"date":"2022-10-16T21:06:08","date_gmt":"2022-10-16T21:06:08","guid":{"rendered":"https:\/\/40annidimusica.com\/it\/?page_id=35"},"modified":"2022-11-14T18:54:52","modified_gmt":"2022-11-14T18:54:52","slug":"musica-per-difendere","status":"publish","type":"page","link":"https:\/\/40annidimusica.com\/it\/musica-per-difendere\/","title":{"rendered":"Musica per difendere"},"content":{"rendered":"<p style=\"text-align: center;\"><img data-recalc-dims=\"1\" loading=\"lazy\" decoding=\"async\" class=\"alignnone size-full wp-image-6521\" src=\"https:\/\/i0.wp.com\/40annidimusica.com\/it\/wp-content\/uploads\/2022\/11\/0L8A1111-scaled.jpg?resize=920%2C613&#038;ssl=1\" alt=\"\" width=\"920\" height=\"613\" srcset=\"https:\/\/i0.wp.com\/40annidimusica.com\/it\/wp-content\/uploads\/2022\/11\/0L8A1111-scaled.jpg?w=2560&amp;ssl=1 2560w, https:\/\/i0.wp.com\/40annidimusica.com\/it\/wp-content\/uploads\/2022\/11\/0L8A1111-scaled.jpg?resize=300%2C200&amp;ssl=1 300w, https:\/\/i0.wp.com\/40annidimusica.com\/it\/wp-content\/uploads\/2022\/11\/0L8A1111-scaled.jpg?resize=1024%2C683&amp;ssl=1 1024w, https:\/\/i0.wp.com\/40annidimusica.com\/it\/wp-content\/uploads\/2022\/11\/0L8A1111-scaled.jpg?resize=768%2C512&amp;ssl=1 768w, https:\/\/i0.wp.com\/40annidimusica.com\/it\/wp-content\/uploads\/2022\/11\/0L8A1111-scaled.jpg?resize=1536%2C1024&amp;ssl=1 1536w, https:\/\/i0.wp.com\/40annidimusica.com\/it\/wp-content\/uploads\/2022\/11\/0L8A1111-scaled.jpg?resize=2048%2C1365&amp;ssl=1 2048w, https:\/\/i0.wp.com\/40annidimusica.com\/it\/wp-content\/uploads\/2022\/11\/0L8A1111-scaled.jpg?resize=960%2C640&amp;ssl=1 960w, https:\/\/i0.wp.com\/40annidimusica.com\/it\/wp-content\/uploads\/2022\/11\/0L8A1111-scaled.jpg?resize=606%2C404&amp;ssl=1 606w, https:\/\/i0.wp.com\/40annidimusica.com\/it\/wp-content\/uploads\/2022\/11\/0L8A1111-scaled.jpg?resize=1320%2C880&amp;ssl=1 1320w, https:\/\/i0.wp.com\/40annidimusica.com\/it\/wp-content\/uploads\/2022\/11\/0L8A1111-scaled.jpg?resize=600%2C400&amp;ssl=1 600w, https:\/\/i0.wp.com\/40annidimusica.com\/it\/wp-content\/uploads\/2022\/11\/0L8A1111-scaled.jpg?w=1840&amp;ssl=1 1840w\" sizes=\"auto, (max-width: 920px) 100vw, 920px\" \/><\/p>\n<p style=\"text-align: justify;\">&#8220;<strong>Canzoni per il sociale, a sostegno di Onlus e organizzazioni umanitarie, per sensibilizzare il pubblico su temi importanti e gravi con leggerezza e rispetto&#8221;<\/strong>.<\/p>\n<p><!--more--><\/p>\n<p style=\"text-align: justify;\">L&#8217;impegno per il sociale \u00e8 stato sempre un elemento costante nel lavoro di Maurizio, a partire dal video &#8220;<strong>W L&#8217;AMORE<\/strong>&#8220;, realizzato nel 1999 per la regia di <strong>ELIO LAMARI ed ENRICA ANTOGNELLI,<\/strong> una canzone in difesa dei diritti delle coppie omosessuali e contro le discriminazioni sessuali.<\/p>\n<p style=\"text-align: justify;\">Frequentissime le sue collaborazioni con le organizzazioni <strong>AMNESTY INTERNATIONAL, PETER PAN ONLUS, MAIS<\/strong> (autosviluppo Brasile, Madagascar), <strong>CAMPAGNA INTERNAZIONALE CONTRO LE MINE ANTI-UOMO, AISM<\/strong> (lotta alla sclerosi multipla). Concerti e spettacoli teatrali per raccolte di fondi a sostegno di queste realt\u00e0 rappresentano una parte importante della sua attivit\u00e0, e nel 2013 decide di creare uno spettacolo musicale-teatrale interamente composto di canzoni contro la violenza sulle donne; <strong>FRANCESCA SATTA FLORES<\/strong> scrive un testo teatrale sul tema della violenza domestica, accompagnato in scena dalle canzoni di Maurizio e dal 2017 arricchito dalle canzoni scritte da Lorenza che aggiungono il punto di vista pi\u00f9 profondamente femminile.<\/p>\n<p style=\"text-align: justify;\">La convinzione di entrambi \u00e8 che i messaggi importanti e le sensibilizzazioni siano pi\u00f9 efficaci se veicolate da canzoni, che diventano il pretesto da canticchiare per fissare nella mente del pubblico il contenuto serio dei brani.<\/p>\n<p>Nel 2022 Lorenza e Maurizio partecipano al <strong>FIABADAY<\/strong> per denunciare la presenza di barriere architettoniche in citt\u00e0 attraverso la gi\u00e0 citata canzone &#8220;<strong>CAROZZELLA ROMANA<\/strong>&#8221; con la regia di <strong>GIOVANNI PIRRI<\/strong> e l&#8217;interpretazione di <strong>RODOLFO LAGANA&#8217;<\/strong>.<\/p>\n<table>\n<tbody>\n<tr>\n<td><iframe loading=\"lazy\" title=\"YouTube video player\" src=\"https:\/\/www.youtube.com\/embed\/-MdoefM8yp8\" width=\"790\" height=\"415\" frameborder=\"0\" allowfullscreen=\"allowfullscreen\"><span style=\"display: inline-block; width: 0px; overflow: hidden; line-height: 0;\" data-mce-type=\"bookmark\" class=\"mce_SELRES_start\">\ufeff<\/span><\/iframe><\/td>\n<\/tr>\n<tr>\n<td style=\"text-align: justify;\">&#8220;<strong>FIABABAY &#8211; 2 ottobre 2022&#8243;<\/strong>: Lorenza e Maurizio intervistati durante il FIABA DAY.<\/td>\n<\/tr>\n<\/tbody>\n<\/table>\n<p>&nbsp;<\/p>\n<table>\n<tbody>\n<tr>\n<td><iframe loading=\"lazy\" title=\"YouTube video player\" src=\"https:\/\/www.youtube.com\/embed\/38oF3VQKLUY\" width=\"790\" height=\"415\" frameborder=\"0\" allowfullscreen=\"allowfullscreen\"><\/iframe><\/td>\n<\/tr>\n<tr>\n<td style=\"text-align: justify;\">&#8220;<strong>W L&#8217;AMORE<\/strong>&#8220;: La canzone nasce per reazione alle dichiarazioni di un politico molto influente (&#8220;Un omosessuale non pu\u00f2 essere insegnante, perch\u00e9 sarebbe un cattivo esempio per i suoi allievi&#8221;) ed \u00e8 stata scritta per difendere i diritti delle persone a prescindere dal loro orientamento sessuale, concetto che tra l&#8217;altro \u00e8 affermato con fermezza nella <strong>CARTA DEI DIRITTI FONDAMENTALI DELL&#8217;UNIONE EUROPEA<\/strong>.<\/p>\n<p>(Articolo 21 &#8211; Non discriminazione &#8211; E\u0300 vietata qualsiasi forma di discriminazione fondata, in particolare, sul sesso, la razza, il colore della pelle o l&#8217;origine etnica o sociale, le caratteristiche genetiche, la lingua, la religione o le convinzioni personali, le opinioni politiche o di qualsiasi altra natura, l&#8217;appartenenza ad una minoranza nazionale, il patrimonio, la nascita, gli handicap, l&#8217;eta\u0300 o L&#8217;ORIENTAMENTO SESSUALE).<\/td>\n<\/tr>\n<tr>\n<td><iframe loading=\"lazy\" title=\"YouTube video player\" src=\"https:\/\/www.youtube.com\/embed\/G66FVPgERrY\" width=\"790\" height=\"415\" frameborder=\"0\" allowfullscreen=\"allowfullscreen\"><\/iframe><\/td>\n<\/tr>\n<tr>\n<td style=\"text-align: justify;\">&#8220;<strong>QUESTO NON E&#8217; AMORE<\/strong>&#8220;: Un estratto dallo spettacolo musicale-teatrale &#8220;<strong>TIMEOUT<\/strong>&#8221; di <strong>Francesca Satta Flores<\/strong>.<\/p>\n<p>Lorenza Bohuny e Maurizio Carlini interpretano la canzone di apertura &#8220;<strong>QUESTO NON E&#8217; AMORE<\/strong>&#8221; che tratta il tema della violenza domestica; ad oggi la statistica ci dice che il 77,6% delle donne vittime di violenza sono state uccise in casa dal proprio partner.<\/p>\n<p>Un dato agghiacciante, considerando che la casa dovrebbe essere il luogo degli affetti, della sicurezza, della protezione.<\/td>\n<\/tr>\n<tr>\n<td><iframe loading=\"lazy\" title=\"YouTube video player\" src=\"https:\/\/www.youtube.com\/embed\/TiSAZ1MdgFc\" width=\"790\" height=\"415\" frameborder=\"0\" allowfullscreen=\"allowfullscreen\"><span style=\"display: inline-block; width: 0px; overflow: hidden; line-height: 0;\" data-mce-type=\"bookmark\" class=\"mce_SELRES_start\">\ufeff<\/span><span style=\"display: inline-block; width: 0px; overflow: hidden; line-height: 0;\" data-mce-type=\"bookmark\" class=\"mce_SELRES_start\">\ufeff<\/span><span style=\"display: inline-block; width: 0px; overflow: hidden; line-height: 0;\" data-mce-type=\"bookmark\" class=\"mce_SELRES_start\">\ufeff<\/span><\/iframe><\/td>\n<\/tr>\n<tr>\n<td style=\"text-align: justify;\">\u00a0Gabriella Tambone, attrice e psicoterapeuta con esperienza nell&#8217;ambito della violenza di genere, racconta la nascita del progetto &#8220;Questo non \u00e8 amore &#8211; Stop alla violenza sulle donne&#8221;<\/td>\n<\/tr>\n<tr>\n<td><iframe loading=\"lazy\" title=\"YouTube video player\" src=\"https:\/\/www.youtube.com\/embed\/IXPxhxs6jxI\" width=\"790\" height=\"415\" frameborder=\"0\" allowfullscreen=\"allowfullscreen\"><span style=\"display: inline-block; width: 0px; overflow: hidden; line-height: 0;\" data-mce-type=\"bookmark\" class=\"mce_SELRES_start\">\ufeff<\/span><span style=\"display: inline-block; width: 0px; overflow: hidden; line-height: 0;\" data-mce-type=\"bookmark\" class=\"mce_SELRES_start\">\ufeff<\/span><\/iframe><\/td>\n<\/tr>\n<tr>\n<td style=\"text-align: justify;\">&#8220;<strong>TIMEOUT&#8221;<\/strong>:\u00a0 Francesca Satta Flores, autrice del testo teatrale e regista, racconta il progetto<\/td>\n<\/tr>\n<tr>\n<td><iframe loading=\"lazy\" title=\"YouTube video player\" src=\"https:\/\/www.youtube.com\/embed\/BF0pdXWcBLI\" width=\"790\" height=\"415\" frameborder=\"0\" allowfullscreen=\"allowfullscreen\"><span style=\"display: inline-block; width: 0px; overflow: hidden; line-height: 0;\" data-mce-type=\"bookmark\" class=\"mce_SELRES_start\">\ufeff<\/span><span style=\"display: inline-block; width: 0px; overflow: hidden; line-height: 0;\" data-mce-type=\"bookmark\" class=\"mce_SELRES_start\">\ufeff<\/span><\/iframe><\/td>\n<\/tr>\n<tr>\n<td style=\"text-align: justify;\">&#8220;<strong>&#8220;QUANDO UN BAMBINO CI GUARDA&#8221;:<\/strong> All&#8217;interno dello spettacolo contro la violenza sulle donne, oltre a canzoni riguardanti il mobbing sul lavoro, lo stalking, lo sfruttamento dell&#8217;immagine della donna in TV e su Internet, la violenza fisica e psicologica, c&#8217;\u00e8 una canzone particolare che parla di un fenomeno meno noto ma altrettanto grave: la violenza assistita, ossia quel tipo di violenza domestica a cui assistono i bambini.<\/p>\n<p>E&#8217; una violenza ancora pi\u00f9 grave perch\u00e9, oltre a generare un trauma nel bambino, gli trasmette inconsciamente il messaggio che quell&#8217;atto sia una componente &#8220;normale&#8221; in una coppia, e molto spesso lo porta a ripeterlo in et\u00e0 adulta.<\/p>\n<p>In questo video, Lorenza e Maurizio eseguono questa canzone al <strong>Teatro Arciliuto di Roma<\/strong>, all&#8217;interno dell&#8217;evento organizzato dalla<strong> ONLUS &#8220;TI AMO DA MORIRE&#8221;<\/strong> presieduta da Serenella S\u00e8stito.<\/td>\n<\/tr>\n<tr>\n<td><iframe loading=\"lazy\" title=\"YouTube video player\" src=\"https:\/\/www.youtube.com\/embed\/aBqpY2iSX6M\" width=\"790\" height=\"415\" frameborder=\"0\" allowfullscreen=\"allowfullscreen\"><span style=\"display: inline-block; width: 0px; overflow: hidden; line-height: 0;\" data-mce-type=\"bookmark\" class=\"mce_SELRES_start\">\ufeff<\/span><span style=\"display: inline-block; width: 0px; overflow: hidden; line-height: 0;\" data-mce-type=\"bookmark\" class=\"mce_SELRES_start\">\ufeff<\/span><\/iframe><\/td>\n<\/tr>\n<tr>\n<td style=\"text-align: justify;\">&#8220;<strong>SULLA STESSA BARCA&#8221;:<\/strong>\u00a0 questo video realizzato con la partecipazione dei followers di Facebook ai tempi del lockdown, per &#8220;DIFENDERE&#8221; la nostra voglia di creativit\u00e0 e di condivisione.<\/td>\n<\/tr>\n<tr>\n<td><iframe loading=\"lazy\" title=\"YouTube video player\" src=\"https:\/\/www.youtube.com\/embed\/E-ZN5WrKhY0\" width=\"790\" height=\"415\" frameborder=\"0\" allowfullscreen=\"allowfullscreen\"><span style=\"display: inline-block; width: 0px; overflow: hidden; line-height: 0;\" data-mce-type=\"bookmark\" class=\"mce_SELRES_start\">\ufeff<\/span><span style=\"display: inline-block; width: 0px; overflow: hidden; line-height: 0;\" data-mce-type=\"bookmark\" class=\"mce_SELRES_start\">\ufeff<\/span><span style=\"display: inline-block; width: 0px; overflow: hidden; line-height: 0;\" data-mce-type=\"bookmark\" class=\"mce_SELRES_start\">\ufeff<\/span><\/iframe><\/td>\n<\/tr>\n<tr>\n<td style=\"text-align: justify;\">&#8220;<strong>NON TI FIDAR&#8221;:<\/strong>\u00a0 Una parodia del famoso brano di Garinei e Giovannini &#8220;Non ti fidar di un bacio a mezzanotte&#8221;, per raccontare quei maschietti che si fingono femministi con uno scopo ben preciso&#8230; buona visione!.<\/td>\n<\/tr>\n<\/tbody>\n<\/table>\n<p><iframe loading=\"lazy\" title=\"YouTube video player\" src=\"https:\/\/www.youtube.com\/embed\/psaA7Qo-I-Y\" width=\"790\" height=\"415\" frameborder=\"0\" allowfullscreen=\"allowfullscreen\"><\/iframe><\/p>\n<p>Dedicato a 800 persone morte nello stretto di Sicilia, e che ora sono molte, molte di pi\u00f9!<\/p>\n<p>&nbsp;<\/p>\n<p>&nbsp;<\/p>\n","protected":false},"excerpt":{"rendered":"<p>&#8220;Canzoni per il sociale, a sostegno di Onlus e organizzazioni<\/p>\n<p class=\"more-link\"><a class=\"button\" href=\"https:\/\/40annidimusica.com\/it\/musica-per-difendere\/\" class=\"readmore\">Continua a leggere<span class=\"screen-reader-text\">Musica per difendere<\/span><\/a><\/p>\n","protected":false},"author":1,"featured_media":6521,"parent":0,"menu_order":0,"comment_status":"closed","ping_status":"closed","template":"","meta":{"footnotes":""},"class_list":["post-35","page","type-page","status-publish","has-post-thumbnail","hentry"],"yoast_head":"<!-- This site is optimized with the Yoast SEO plugin v23.4 - https:\/\/yoast.com\/wordpress\/plugins\/seo\/ -->\n<title>Musica per difendere - 40 anni di Musica<\/title>\n<meta name=\"description\" content=\"Canzoni per il sociale, a sostegno di Onlus e organizzazioni umanitarie, per sensibilizzare il pubblico su temi importanti e gravi con leggerezza e rispett\" \/>\n<meta name=\"robots\" content=\"index, follow, max-snippet:-1, max-image-preview:large, max-video-preview:-1\" \/>\n<link rel=\"canonical\" href=\"https:\/\/40annidimusica.com\/it\/musica-per-difendere\/\" \/>\n<meta property=\"og:locale\" content=\"it_IT\" \/>\n<meta property=\"og:type\" content=\"article\" \/>\n<meta property=\"og:title\" content=\"Musica per difendere - 40 anni di Musica\" \/>\n<meta property=\"og:description\" content=\"Canzoni per il sociale, a sostegno di Onlus e organizzazioni umanitarie, per sensibilizzare il pubblico su temi importanti e gravi con leggerezza e rispett\" \/>\n<meta property=\"og:url\" content=\"https:\/\/40annidimusica.com\/it\/musica-per-difendere\/\" \/>\n<meta property=\"og:site_name\" content=\"40 anni di Musica\" \/>\n<meta property=\"article:publisher\" content=\"https:\/\/www.facebook.com\/40annidimusica\/\" \/>\n<meta property=\"article:modified_time\" content=\"2022-11-14T18:54:52+00:00\" \/>\n<meta property=\"og:image\" content=\"https:\/\/40annidimusica.com\/it\/wp-content\/uploads\/2022\/11\/0L8A1111-scaled.jpg\" \/>\n\t<meta property=\"og:image:width\" content=\"2560\" \/>\n\t<meta property=\"og:image:height\" content=\"1707\" \/>\n\t<meta property=\"og:image:type\" content=\"image\/jpeg\" \/>\n<meta name=\"twitter:card\" content=\"summary_large_image\" \/>\n<meta name=\"twitter:label1\" content=\"Tempo di lettura stimato\" \/>\n\t<meta name=\"twitter:data1\" content=\"4 minuti\" \/>\n<script type=\"application\/ld+json\" class=\"yoast-schema-graph\">{\"@context\":\"https:\/\/schema.org\",\"@graph\":[{\"@type\":\"WebPage\",\"@id\":\"https:\/\/40annidimusica.com\/it\/musica-per-difendere\/\",\"url\":\"https:\/\/40annidimusica.com\/it\/musica-per-difendere\/\",\"name\":\"Musica per difendere - 40 anni di Musica\",\"isPartOf\":{\"@id\":\"https:\/\/40annidimusica.com\/it\/#website\"},\"primaryImageOfPage\":{\"@id\":\"https:\/\/40annidimusica.com\/it\/musica-per-difendere\/#primaryimage\"},\"image\":{\"@id\":\"https:\/\/40annidimusica.com\/it\/musica-per-difendere\/#primaryimage\"},\"thumbnailUrl\":\"https:\/\/i0.wp.com\/40annidimusica.com\/it\/wp-content\/uploads\/2022\/11\/0L8A1111-scaled.jpg?fit=2560%2C1707&ssl=1\",\"datePublished\":\"2022-10-16T21:06:08+00:00\",\"dateModified\":\"2022-11-14T18:54:52+00:00\",\"description\":\"Canzoni per il sociale, a sostegno di Onlus e organizzazioni umanitarie, per sensibilizzare il pubblico su temi importanti e gravi con leggerezza e rispett\",\"breadcrumb\":{\"@id\":\"https:\/\/40annidimusica.com\/it\/musica-per-difendere\/#breadcrumb\"},\"inLanguage\":\"it-IT\",\"potentialAction\":[{\"@type\":\"ReadAction\",\"target\":[\"https:\/\/40annidimusica.com\/it\/musica-per-difendere\/\"]}]},{\"@type\":\"ImageObject\",\"inLanguage\":\"it-IT\",\"@id\":\"https:\/\/40annidimusica.com\/it\/musica-per-difendere\/#primaryimage\",\"url\":\"https:\/\/i0.wp.com\/40annidimusica.com\/it\/wp-content\/uploads\/2022\/11\/0L8A1111-scaled.jpg?fit=2560%2C1707&ssl=1\",\"contentUrl\":\"https:\/\/i0.wp.com\/40annidimusica.com\/it\/wp-content\/uploads\/2022\/11\/0L8A1111-scaled.jpg?fit=2560%2C1707&ssl=1\",\"width\":2560,\"height\":1707},{\"@type\":\"BreadcrumbList\",\"@id\":\"https:\/\/40annidimusica.com\/it\/musica-per-difendere\/#breadcrumb\",\"itemListElement\":[{\"@type\":\"ListItem\",\"position\":1,\"name\":\"Home\",\"item\":\"https:\/\/40annidimusica.com\/it\/\"},{\"@type\":\"ListItem\",\"position\":2,\"name\":\"Musica per difendere\"}]},{\"@type\":\"WebSite\",\"@id\":\"https:\/\/40annidimusica.com\/it\/#website\",\"url\":\"https:\/\/40annidimusica.com\/it\/\",\"name\":\"40 anni di Musica\",\"description\":\"LORENZA BOHUNY &amp; MAURIZIO CARLINI\",\"publisher\":{\"@id\":\"https:\/\/40annidimusica.com\/it\/#organization\"},\"potentialAction\":[{\"@type\":\"SearchAction\",\"target\":{\"@type\":\"EntryPoint\",\"urlTemplate\":\"https:\/\/40annidimusica.com\/it\/?s={search_term_string}\"},\"query-input\":{\"@type\":\"PropertyValueSpecification\",\"valueRequired\":true,\"valueName\":\"search_term_string\"}}],\"inLanguage\":\"it-IT\"},{\"@type\":\"Organization\",\"@id\":\"https:\/\/40annidimusica.com\/it\/#organization\",\"name\":\"40 anni di Musica\",\"url\":\"https:\/\/40annidimusica.com\/it\/\",\"logo\":{\"@type\":\"ImageObject\",\"inLanguage\":\"it-IT\",\"@id\":\"https:\/\/40annidimusica.com\/it\/#\/schema\/logo\/image\/\",\"url\":\"https:\/\/40annidimusica.com\/it\/wp-content\/uploads\/2022\/10\/logo-40annidimusica.png\",\"contentUrl\":\"https:\/\/40annidimusica.com\/it\/wp-content\/uploads\/2022\/10\/logo-40annidimusica.png\",\"width\":843,\"height\":843,\"caption\":\"40 anni di Musica\"},\"image\":{\"@id\":\"https:\/\/40annidimusica.com\/it\/#\/schema\/logo\/image\/\"},\"sameAs\":[\"https:\/\/www.facebook.com\/40annidimusica\/\"]}]}<\/script>\n<!-- \/ Yoast SEO plugin. -->","yoast_head_json":{"title":"Musica per difendere - 40 anni di Musica","description":"Canzoni per il sociale, a sostegno di Onlus e organizzazioni umanitarie, per sensibilizzare il pubblico su temi importanti e gravi con leggerezza e rispett","robots":{"index":"index","follow":"follow","max-snippet":"max-snippet:-1","max-image-preview":"max-image-preview:large","max-video-preview":"max-video-preview:-1"},"canonical":"https:\/\/40annidimusica.com\/it\/musica-per-difendere\/","og_locale":"it_IT","og_type":"article","og_title":"Musica per difendere - 40 anni di Musica","og_description":"Canzoni per il sociale, a sostegno di Onlus e organizzazioni umanitarie, per sensibilizzare il pubblico su temi importanti e gravi con leggerezza e rispett","og_url":"https:\/\/40annidimusica.com\/it\/musica-per-difendere\/","og_site_name":"40 anni di Musica","article_publisher":"https:\/\/www.facebook.com\/40annidimusica\/","article_modified_time":"2022-11-14T18:54:52+00:00","og_image":[{"width":2560,"height":1707,"url":"https:\/\/40annidimusica.com\/it\/wp-content\/uploads\/2022\/11\/0L8A1111-scaled.jpg","type":"image\/jpeg"}],"twitter_card":"summary_large_image","twitter_misc":{"Tempo di lettura stimato":"4 minuti"},"schema":{"@context":"https:\/\/schema.org","@graph":[{"@type":"WebPage","@id":"https:\/\/40annidimusica.com\/it\/musica-per-difendere\/","url":"https:\/\/40annidimusica.com\/it\/musica-per-difendere\/","name":"Musica per difendere - 40 anni di Musica","isPartOf":{"@id":"https:\/\/40annidimusica.com\/it\/#website"},"primaryImageOfPage":{"@id":"https:\/\/40annidimusica.com\/it\/musica-per-difendere\/#primaryimage"},"image":{"@id":"https:\/\/40annidimusica.com\/it\/musica-per-difendere\/#primaryimage"},"thumbnailUrl":"https:\/\/i0.wp.com\/40annidimusica.com\/it\/wp-content\/uploads\/2022\/11\/0L8A1111-scaled.jpg?fit=2560%2C1707&ssl=1","datePublished":"2022-10-16T21:06:08+00:00","dateModified":"2022-11-14T18:54:52+00:00","description":"Canzoni per il sociale, a sostegno di Onlus e organizzazioni umanitarie, per sensibilizzare il pubblico su temi importanti e gravi con leggerezza e rispett","breadcrumb":{"@id":"https:\/\/40annidimusica.com\/it\/musica-per-difendere\/#breadcrumb"},"inLanguage":"it-IT","potentialAction":[{"@type":"ReadAction","target":["https:\/\/40annidimusica.com\/it\/musica-per-difendere\/"]}]},{"@type":"ImageObject","inLanguage":"it-IT","@id":"https:\/\/40annidimusica.com\/it\/musica-per-difendere\/#primaryimage","url":"https:\/\/i0.wp.com\/40annidimusica.com\/it\/wp-content\/uploads\/2022\/11\/0L8A1111-scaled.jpg?fit=2560%2C1707&ssl=1","contentUrl":"https:\/\/i0.wp.com\/40annidimusica.com\/it\/wp-content\/uploads\/2022\/11\/0L8A1111-scaled.jpg?fit=2560%2C1707&ssl=1","width":2560,"height":1707},{"@type":"BreadcrumbList","@id":"https:\/\/40annidimusica.com\/it\/musica-per-difendere\/#breadcrumb","itemListElement":[{"@type":"ListItem","position":1,"name":"Home","item":"https:\/\/40annidimusica.com\/it\/"},{"@type":"ListItem","position":2,"name":"Musica per difendere"}]},{"@type":"WebSite","@id":"https:\/\/40annidimusica.com\/it\/#website","url":"https:\/\/40annidimusica.com\/it\/","name":"40 anni di Musica","description":"LORENZA BOHUNY &amp; MAURIZIO CARLINI","publisher":{"@id":"https:\/\/40annidimusica.com\/it\/#organization"},"potentialAction":[{"@type":"SearchAction","target":{"@type":"EntryPoint","urlTemplate":"https:\/\/40annidimusica.com\/it\/?s={search_term_string}"},"query-input":{"@type":"PropertyValueSpecification","valueRequired":true,"valueName":"search_term_string"}}],"inLanguage":"it-IT"},{"@type":"Organization","@id":"https:\/\/40annidimusica.com\/it\/#organization","name":"40 anni di Musica","url":"https:\/\/40annidimusica.com\/it\/","logo":{"@type":"ImageObject","inLanguage":"it-IT","@id":"https:\/\/40annidimusica.com\/it\/#\/schema\/logo\/image\/","url":"https:\/\/40annidimusica.com\/it\/wp-content\/uploads\/2022\/10\/logo-40annidimusica.png","contentUrl":"https:\/\/40annidimusica.com\/it\/wp-content\/uploads\/2022\/10\/logo-40annidimusica.png","width":843,"height":843,"caption":"40 anni di Musica"},"image":{"@id":"https:\/\/40annidimusica.com\/it\/#\/schema\/logo\/image\/"},"sameAs":["https:\/\/www.facebook.com\/40annidimusica\/"]}]}},"jetpack_sharing_enabled":true,"_links":{"self":[{"href":"https:\/\/40annidimusica.com\/it\/wp-json\/wp\/v2\/pages\/35","targetHints":{"allow":["GET"]}}],"collection":[{"href":"https:\/\/40annidimusica.com\/it\/wp-json\/wp\/v2\/pages"}],"about":[{"href":"https:\/\/40annidimusica.com\/it\/wp-json\/wp\/v2\/types\/page"}],"author":[{"embeddable":true,"href":"https:\/\/40annidimusica.com\/it\/wp-json\/wp\/v2\/users\/1"}],"replies":[{"embeddable":true,"href":"https:\/\/40annidimusica.com\/it\/wp-json\/wp\/v2\/comments?post=35"}],"version-history":[{"count":16,"href":"https:\/\/40annidimusica.com\/it\/wp-json\/wp\/v2\/pages\/35\/revisions"}],"predecessor-version":[{"id":6684,"href":"https:\/\/40annidimusica.com\/it\/wp-json\/wp\/v2\/pages\/35\/revisions\/6684"}],"wp:featuredmedia":[{"embeddable":true,"href":"https:\/\/40annidimusica.com\/it\/wp-json\/wp\/v2\/media\/6521"}],"wp:attachment":[{"href":"https:\/\/40annidimusica.com\/it\/wp-json\/wp\/v2\/media?parent=35"}],"curies":[{"name":"wp","href":"https:\/\/api.w.org\/{rel}","templated":true}]}}