{"id":33,"date":"2022-10-16T21:04:39","date_gmt":"2022-10-16T21:04:39","guid":{"rendered":"https:\/\/40annidimusica.com\/it\/?page_id=33"},"modified":"2022-11-13T23:32:10","modified_gmt":"2022-11-13T23:32:10","slug":"musica-per-crescere","status":"publish","type":"page","link":"https:\/\/40annidimusica.com\/it\/musica-per-crescere\/","title":{"rendered":"Musica per crescere"},"content":{"rendered":"<p style=\"text-align: center;\"><img data-recalc-dims=\"1\" loading=\"lazy\" decoding=\"async\" class=\"alignnone wp-image-6386 size-full\" src=\"https:\/\/i0.wp.com\/40annidimusica.com\/it\/wp-content\/uploads\/2022\/11\/0L8A1013-scaled.jpg?resize=920%2C613&#038;ssl=1\" alt=\"\" width=\"920\" height=\"613\" srcset=\"https:\/\/i0.wp.com\/40annidimusica.com\/it\/wp-content\/uploads\/2022\/11\/0L8A1013-scaled.jpg?w=2560&amp;ssl=1 2560w, https:\/\/i0.wp.com\/40annidimusica.com\/it\/wp-content\/uploads\/2022\/11\/0L8A1013-scaled.jpg?resize=300%2C200&amp;ssl=1 300w, https:\/\/i0.wp.com\/40annidimusica.com\/it\/wp-content\/uploads\/2022\/11\/0L8A1013-scaled.jpg?resize=1024%2C683&amp;ssl=1 1024w, https:\/\/i0.wp.com\/40annidimusica.com\/it\/wp-content\/uploads\/2022\/11\/0L8A1013-scaled.jpg?resize=768%2C512&amp;ssl=1 768w, https:\/\/i0.wp.com\/40annidimusica.com\/it\/wp-content\/uploads\/2022\/11\/0L8A1013-scaled.jpg?resize=1536%2C1024&amp;ssl=1 1536w, https:\/\/i0.wp.com\/40annidimusica.com\/it\/wp-content\/uploads\/2022\/11\/0L8A1013-scaled.jpg?resize=2048%2C1365&amp;ssl=1 2048w, https:\/\/i0.wp.com\/40annidimusica.com\/it\/wp-content\/uploads\/2022\/11\/0L8A1013-scaled.jpg?resize=960%2C640&amp;ssl=1 960w, https:\/\/i0.wp.com\/40annidimusica.com\/it\/wp-content\/uploads\/2022\/11\/0L8A1013-scaled.jpg?resize=606%2C404&amp;ssl=1 606w, https:\/\/i0.wp.com\/40annidimusica.com\/it\/wp-content\/uploads\/2022\/11\/0L8A1013-scaled.jpg?resize=1320%2C880&amp;ssl=1 1320w, https:\/\/i0.wp.com\/40annidimusica.com\/it\/wp-content\/uploads\/2022\/11\/0L8A1013-scaled.jpg?resize=600%2C400&amp;ssl=1 600w, https:\/\/i0.wp.com\/40annidimusica.com\/it\/wp-content\/uploads\/2022\/11\/0L8A1013-scaled.jpg?w=1840&amp;ssl=1 1840w\" sizes=\"auto, (max-width: 920px) 100vw, 920px\" \/><\/p>\n<p style=\"text-align: justify;\">&#8220;<strong>Canzoni scritte per &#8211; e con &#8211; i bambini nei nostri laboratori musicali a scuola<\/strong>&#8220;.<!--more--><\/p>\n<p style=\"text-align: justify;\">Educare i bambini sensibilizzandoli con ironia e leggerezza sui temi importanti da capire fin dall&#8217;infanzia: il valore della solidariet\u00e0, dell&#8217;integrazione dei bambini stranieri, della pace, dell&#8217;apertura alle diverse culture, dei giochi all&#8217;aperto da non trascurare mai, dell&#8217;amicizia, dei diritti dei bambini: questi i contenuti dei laboratori musicali condotti da Maurizio nelle scuole elementari e medie del Comune di Roma.<\/p>\n<p style=\"text-align: justify;\">Laboratori particolari, nei quali i bambini stessi sono creatori delle canzoni e delle scene teatrali; si parte dalle frasi dei bambini scritte in modo spontaneo e libero su tutti quegli argomenti, poi li si aiuta a trasformare quei pensieri in versi ordinati e poi ci si mette la musica per farli cantare in coro. Un&#8217;esperienza divertente e formativa, a detta degli insegnanti e dei genitori, condotta da Maurizio Carlini con Rosa Tignanelli, Presidente del <strong>CIRCOLO GIANNI RODARI ONLUS<\/strong> e con la supervisione della Presidente onoraria <strong>MARIA TERESA FERRETTI RODARI<\/strong>, moglie del poeta <strong>GIANNI RODARI<\/strong>.<\/p>\n<p style=\"text-align: justify;\">Con il contributo di Lorenza Bohuny altre canzoni sono nate su altri temi altrettanto importanti&#8230; l&#8217;esplorazione del magico mondo dei bambini continua!<\/p>\n<table>\n<tbody>\n<tr>\n<td><iframe loading=\"lazy\" title=\"YouTube video player\" src=\"https:\/\/www.youtube.com\/embed\/h2XtsB2YNQU\" width=\"790\" height=\"415\" frameborder=\"0\" allowfullscreen=\"allowfullscreen\"><span style=\"display: inline-block; width: 0px; overflow: hidden; line-height: 0;\" data-mce-type=\"bookmark\" class=\"mce_SELRES_start\">\ufeff<\/span><\/iframe><\/td>\n<\/tr>\n<tr>\n<td style=\"text-align: justify;\">&#8220;<strong>DI CHI E&#8217; IL MARE&#8221;<\/strong>: Una canzone nata dalla domanda vera e spiazzante di una bambina davanti al porto di Anzio: &#8220;Di chi \u00e8 il mare?&#8221;. Domanda che ha fatto riflettere Lorenza e Maurizio e li ha spinti a creare questo brano; la bambina era con la mamma che vendeva collanine e braccialetti per la strada, quindi una bambina a cui la dura vita aveva insegnato soltanto che tutte le cose hanno un padrone e un costo, specialmente quelle belle e irraggiungibili. Cos\u00ec, davanti al mare si era chiesta di chi fosse tanta bellezza. Una domanda che agli autori ha fatto venire in mente che la causa di tante guerre (compresa la pi\u00f9 recente) \u00e8 stata proprio la propriet\u00e0, il controllo degli sbocchi a mare e quindi dei commerci. Canzone quindi che vuole insegnare qualcosa anche agli adulti! Disegni di Serena Muzzioli, montaggio video di Marco Iachini, testo e voce solista di Lorenza Bohuny, musica di Maurizio carlini.<\/td>\n<\/tr>\n<tr>\n<td><iframe loading=\"lazy\" title=\"YouTube video player\" src=\"https:\/\/www.youtube.com\/embed\/VVxS0YI81eE\" width=\"790\" height=\"415\" frameborder=\"0\" allowfullscreen=\"allowfullscreen\"><span style=\"display: inline-block; width: 0px; overflow: hidden; line-height: 0;\" data-mce-type=\"bookmark\" class=\"mce_SELRES_start\">\ufeff<\/span><\/iframe><\/td>\n<\/tr>\n<tr>\n<td style=\"text-align: justify;\">&#8220;<strong>FACCIAMO LA PACE&#8221;<\/strong>: Un video realizzato con i disegni dei bambini, in cui \u00e8 interessantissimo vedere il ritratto del loro sguardo sul mondo, il bisogno di pace come bisogno di cielo aperto, di colori sgargianti, di sole che splende. Un esempio perfetto del lavoro svolto da Maurizio durante i laboratori musicali nelle scuole, in collaborazione con il Circolo Gianni Rodari Onlus.<\/td>\n<\/tr>\n<tr>\n<td><iframe loading=\"lazy\" title=\"YouTube video player\" src=\"https:\/\/www.youtube.com\/embed\/Qg4M2s0ubEs\" width=\"790\" height=\"415\" frameborder=\"0\" allowfullscreen=\"allowfullscreen\"><span style=\"display: inline-block; width: 0px; overflow: hidden; line-height: 0;\" data-mce-type=\"bookmark\" class=\"mce_SELRES_start\">\ufeff<\/span><span style=\"display: inline-block; width: 0px; overflow: hidden; line-height: 0;\" data-mce-type=\"bookmark\" class=\"mce_SELRES_start\">\ufeff<\/span><\/iframe><\/td>\n<\/tr>\n<tr>\n<td style=\"text-align: justify;\">&#8220;<strong>IL CORO MILLEMONDI AL PREMIO DE ANDRE&#8217; 2011<\/strong>&#8220;: Uno dei saggi dei laboratori musicali di Maurizio Carlini nelle scuole elementari del Comune di Roma ha avuto il privilegio di essere ospitato nell&#8217;edizione 2011 del prestigioso <strong>Premio De Andr\u00e9<\/strong>: Maurizio ha diretto dal palco con la chitarra pi\u00f9 di 40 bambini; in prima fila in platea Dori Ghezzi, moglie del grande cantautore e famosa cantante lei stessa, che alla fine dell&#8217;esibizione ha fatto i suoi complimenti a Maurizio e al suo progetto condotto con il Circolo Gianni Rodari Onlus; Maurizio ha ricambiato offrendole il <strong>CD &#8220;Millemondi&#8221;<\/strong> con le canzoni dei bambini e il DVD dei saggi scolastici.<\/p>\n<p>Un&#8217;esperienza unica e davvero emozionante, formativa per i bambini ma anche per Maurizio stesso, che ha aggiunto un campo d&#8217;azione totalmente nuovo alla sua attivit\u00e0 di compositore.<\/td>\n<\/tr>\n<\/tbody>\n<\/table>\n<h5 style=\"text-align: center;\"><a href=\"https:\/\/40annidimusica.com\/it\/laboratori-per-bambini\/\"><strong>GUARDA LA GALLERY DEI LABORATORI MUSICALI PER BAMBINI<\/strong><\/a><\/h5>\n","protected":false},"excerpt":{"rendered":"<p>&#8220;Canzoni scritte per &#8211; e con &#8211; i bambini nei<\/p>\n<p class=\"more-link\"><a class=\"button\" href=\"https:\/\/40annidimusica.com\/it\/musica-per-crescere\/\" class=\"readmore\">Continua a leggere<span class=\"screen-reader-text\">Musica per crescere<\/span><\/a><\/p>\n","protected":false},"author":1,"featured_media":6386,"parent":0,"menu_order":0,"comment_status":"closed","ping_status":"closed","template":"","meta":{"footnotes":""},"class_list":["post-33","page","type-page","status-publish","has-post-thumbnail","hentry"],"yoast_head":"<!-- This site is optimized with the Yoast SEO plugin v23.4 - https:\/\/yoast.com\/wordpress\/plugins\/seo\/ -->\n<title>Musica per crescere - 40 anni di Musica<\/title>\n<meta name=\"description\" content=\"Questa sezione contiene le &quot;Canzoni scritte per - e con - i bambini nei nostri laboratori musicali a scuola&quot;.\" \/>\n<meta name=\"robots\" content=\"index, follow, max-snippet:-1, max-image-preview:large, max-video-preview:-1\" \/>\n<link rel=\"canonical\" href=\"https:\/\/40annidimusica.com\/it\/musica-per-crescere\/\" \/>\n<meta property=\"og:locale\" content=\"it_IT\" \/>\n<meta property=\"og:type\" content=\"article\" \/>\n<meta property=\"og:title\" content=\"Musica per crescere - 40 anni di Musica\" \/>\n<meta property=\"og:description\" content=\"Questa sezione contiene le &quot;Canzoni scritte per - e con - i bambini nei nostri laboratori musicali a scuola&quot;.\" \/>\n<meta property=\"og:url\" content=\"https:\/\/40annidimusica.com\/it\/musica-per-crescere\/\" \/>\n<meta property=\"og:site_name\" content=\"40 anni di Musica\" \/>\n<meta property=\"article:publisher\" content=\"https:\/\/www.facebook.com\/40annidimusica\/\" \/>\n<meta property=\"article:modified_time\" content=\"2022-11-13T23:32:10+00:00\" \/>\n<meta property=\"og:image\" content=\"https:\/\/40annidimusica.com\/it\/wp-content\/uploads\/2022\/11\/0L8A1013-scaled.jpg\" \/>\n\t<meta property=\"og:image:width\" content=\"2560\" \/>\n\t<meta property=\"og:image:height\" content=\"1707\" \/>\n\t<meta property=\"og:image:type\" content=\"image\/jpeg\" \/>\n<meta name=\"twitter:card\" content=\"summary_large_image\" \/>\n<meta name=\"twitter:label1\" content=\"Tempo di lettura stimato\" \/>\n\t<meta name=\"twitter:data1\" content=\"4 minuti\" \/>\n<script type=\"application\/ld+json\" class=\"yoast-schema-graph\">{\"@context\":\"https:\/\/schema.org\",\"@graph\":[{\"@type\":\"WebPage\",\"@id\":\"https:\/\/40annidimusica.com\/it\/musica-per-crescere\/\",\"url\":\"https:\/\/40annidimusica.com\/it\/musica-per-crescere\/\",\"name\":\"Musica per crescere - 40 anni di Musica\",\"isPartOf\":{\"@id\":\"https:\/\/40annidimusica.com\/it\/#website\"},\"primaryImageOfPage\":{\"@id\":\"https:\/\/40annidimusica.com\/it\/musica-per-crescere\/#primaryimage\"},\"image\":{\"@id\":\"https:\/\/40annidimusica.com\/it\/musica-per-crescere\/#primaryimage\"},\"thumbnailUrl\":\"https:\/\/i0.wp.com\/40annidimusica.com\/it\/wp-content\/uploads\/2022\/11\/0L8A1013-scaled.jpg?fit=2560%2C1707&ssl=1\",\"datePublished\":\"2022-10-16T21:04:39+00:00\",\"dateModified\":\"2022-11-13T23:32:10+00:00\",\"description\":\"Questa sezione contiene le \\\"Canzoni scritte per - e con - i bambini nei nostri laboratori musicali a scuola\\\".\",\"breadcrumb\":{\"@id\":\"https:\/\/40annidimusica.com\/it\/musica-per-crescere\/#breadcrumb\"},\"inLanguage\":\"it-IT\",\"potentialAction\":[{\"@type\":\"ReadAction\",\"target\":[\"https:\/\/40annidimusica.com\/it\/musica-per-crescere\/\"]}]},{\"@type\":\"ImageObject\",\"inLanguage\":\"it-IT\",\"@id\":\"https:\/\/40annidimusica.com\/it\/musica-per-crescere\/#primaryimage\",\"url\":\"https:\/\/i0.wp.com\/40annidimusica.com\/it\/wp-content\/uploads\/2022\/11\/0L8A1013-scaled.jpg?fit=2560%2C1707&ssl=1\",\"contentUrl\":\"https:\/\/i0.wp.com\/40annidimusica.com\/it\/wp-content\/uploads\/2022\/11\/0L8A1013-scaled.jpg?fit=2560%2C1707&ssl=1\",\"width\":2560,\"height\":1707},{\"@type\":\"BreadcrumbList\",\"@id\":\"https:\/\/40annidimusica.com\/it\/musica-per-crescere\/#breadcrumb\",\"itemListElement\":[{\"@type\":\"ListItem\",\"position\":1,\"name\":\"Home\",\"item\":\"https:\/\/40annidimusica.com\/it\/\"},{\"@type\":\"ListItem\",\"position\":2,\"name\":\"Musica per crescere\"}]},{\"@type\":\"WebSite\",\"@id\":\"https:\/\/40annidimusica.com\/it\/#website\",\"url\":\"https:\/\/40annidimusica.com\/it\/\",\"name\":\"40 anni di Musica\",\"description\":\"LORENZA BOHUNY &amp; MAURIZIO CARLINI\",\"publisher\":{\"@id\":\"https:\/\/40annidimusica.com\/it\/#organization\"},\"potentialAction\":[{\"@type\":\"SearchAction\",\"target\":{\"@type\":\"EntryPoint\",\"urlTemplate\":\"https:\/\/40annidimusica.com\/it\/?s={search_term_string}\"},\"query-input\":{\"@type\":\"PropertyValueSpecification\",\"valueRequired\":true,\"valueName\":\"search_term_string\"}}],\"inLanguage\":\"it-IT\"},{\"@type\":\"Organization\",\"@id\":\"https:\/\/40annidimusica.com\/it\/#organization\",\"name\":\"40 anni di Musica\",\"url\":\"https:\/\/40annidimusica.com\/it\/\",\"logo\":{\"@type\":\"ImageObject\",\"inLanguage\":\"it-IT\",\"@id\":\"https:\/\/40annidimusica.com\/it\/#\/schema\/logo\/image\/\",\"url\":\"https:\/\/40annidimusica.com\/it\/wp-content\/uploads\/2022\/10\/logo-40annidimusica.png\",\"contentUrl\":\"https:\/\/40annidimusica.com\/it\/wp-content\/uploads\/2022\/10\/logo-40annidimusica.png\",\"width\":843,\"height\":843,\"caption\":\"40 anni di Musica\"},\"image\":{\"@id\":\"https:\/\/40annidimusica.com\/it\/#\/schema\/logo\/image\/\"},\"sameAs\":[\"https:\/\/www.facebook.com\/40annidimusica\/\"]}]}<\/script>\n<!-- \/ Yoast SEO plugin. -->","yoast_head_json":{"title":"Musica per crescere - 40 anni di Musica","description":"Questa sezione contiene le \"Canzoni scritte per - e con - i bambini nei nostri laboratori musicali a scuola\".","robots":{"index":"index","follow":"follow","max-snippet":"max-snippet:-1","max-image-preview":"max-image-preview:large","max-video-preview":"max-video-preview:-1"},"canonical":"https:\/\/40annidimusica.com\/it\/musica-per-crescere\/","og_locale":"it_IT","og_type":"article","og_title":"Musica per crescere - 40 anni di Musica","og_description":"Questa sezione contiene le \"Canzoni scritte per - e con - i bambini nei nostri laboratori musicali a scuola\".","og_url":"https:\/\/40annidimusica.com\/it\/musica-per-crescere\/","og_site_name":"40 anni di Musica","article_publisher":"https:\/\/www.facebook.com\/40annidimusica\/","article_modified_time":"2022-11-13T23:32:10+00:00","og_image":[{"width":2560,"height":1707,"url":"https:\/\/40annidimusica.com\/it\/wp-content\/uploads\/2022\/11\/0L8A1013-scaled.jpg","type":"image\/jpeg"}],"twitter_card":"summary_large_image","twitter_misc":{"Tempo di lettura stimato":"4 minuti"},"schema":{"@context":"https:\/\/schema.org","@graph":[{"@type":"WebPage","@id":"https:\/\/40annidimusica.com\/it\/musica-per-crescere\/","url":"https:\/\/40annidimusica.com\/it\/musica-per-crescere\/","name":"Musica per crescere - 40 anni di Musica","isPartOf":{"@id":"https:\/\/40annidimusica.com\/it\/#website"},"primaryImageOfPage":{"@id":"https:\/\/40annidimusica.com\/it\/musica-per-crescere\/#primaryimage"},"image":{"@id":"https:\/\/40annidimusica.com\/it\/musica-per-crescere\/#primaryimage"},"thumbnailUrl":"https:\/\/i0.wp.com\/40annidimusica.com\/it\/wp-content\/uploads\/2022\/11\/0L8A1013-scaled.jpg?fit=2560%2C1707&ssl=1","datePublished":"2022-10-16T21:04:39+00:00","dateModified":"2022-11-13T23:32:10+00:00","description":"Questa sezione contiene le \"Canzoni scritte per - e con - i bambini nei nostri laboratori musicali a scuola\".","breadcrumb":{"@id":"https:\/\/40annidimusica.com\/it\/musica-per-crescere\/#breadcrumb"},"inLanguage":"it-IT","potentialAction":[{"@type":"ReadAction","target":["https:\/\/40annidimusica.com\/it\/musica-per-crescere\/"]}]},{"@type":"ImageObject","inLanguage":"it-IT","@id":"https:\/\/40annidimusica.com\/it\/musica-per-crescere\/#primaryimage","url":"https:\/\/i0.wp.com\/40annidimusica.com\/it\/wp-content\/uploads\/2022\/11\/0L8A1013-scaled.jpg?fit=2560%2C1707&ssl=1","contentUrl":"https:\/\/i0.wp.com\/40annidimusica.com\/it\/wp-content\/uploads\/2022\/11\/0L8A1013-scaled.jpg?fit=2560%2C1707&ssl=1","width":2560,"height":1707},{"@type":"BreadcrumbList","@id":"https:\/\/40annidimusica.com\/it\/musica-per-crescere\/#breadcrumb","itemListElement":[{"@type":"ListItem","position":1,"name":"Home","item":"https:\/\/40annidimusica.com\/it\/"},{"@type":"ListItem","position":2,"name":"Musica per crescere"}]},{"@type":"WebSite","@id":"https:\/\/40annidimusica.com\/it\/#website","url":"https:\/\/40annidimusica.com\/it\/","name":"40 anni di Musica","description":"LORENZA BOHUNY &amp; MAURIZIO CARLINI","publisher":{"@id":"https:\/\/40annidimusica.com\/it\/#organization"},"potentialAction":[{"@type":"SearchAction","target":{"@type":"EntryPoint","urlTemplate":"https:\/\/40annidimusica.com\/it\/?s={search_term_string}"},"query-input":{"@type":"PropertyValueSpecification","valueRequired":true,"valueName":"search_term_string"}}],"inLanguage":"it-IT"},{"@type":"Organization","@id":"https:\/\/40annidimusica.com\/it\/#organization","name":"40 anni di Musica","url":"https:\/\/40annidimusica.com\/it\/","logo":{"@type":"ImageObject","inLanguage":"it-IT","@id":"https:\/\/40annidimusica.com\/it\/#\/schema\/logo\/image\/","url":"https:\/\/40annidimusica.com\/it\/wp-content\/uploads\/2022\/10\/logo-40annidimusica.png","contentUrl":"https:\/\/40annidimusica.com\/it\/wp-content\/uploads\/2022\/10\/logo-40annidimusica.png","width":843,"height":843,"caption":"40 anni di Musica"},"image":{"@id":"https:\/\/40annidimusica.com\/it\/#\/schema\/logo\/image\/"},"sameAs":["https:\/\/www.facebook.com\/40annidimusica\/"]}]}},"jetpack_sharing_enabled":true,"_links":{"self":[{"href":"https:\/\/40annidimusica.com\/it\/wp-json\/wp\/v2\/pages\/33","targetHints":{"allow":["GET"]}}],"collection":[{"href":"https:\/\/40annidimusica.com\/it\/wp-json\/wp\/v2\/pages"}],"about":[{"href":"https:\/\/40annidimusica.com\/it\/wp-json\/wp\/v2\/types\/page"}],"author":[{"embeddable":true,"href":"https:\/\/40annidimusica.com\/it\/wp-json\/wp\/v2\/users\/1"}],"replies":[{"embeddable":true,"href":"https:\/\/40annidimusica.com\/it\/wp-json\/wp\/v2\/comments?post=33"}],"version-history":[{"count":10,"href":"https:\/\/40annidimusica.com\/it\/wp-json\/wp\/v2\/pages\/33\/revisions"}],"predecessor-version":[{"id":6661,"href":"https:\/\/40annidimusica.com\/it\/wp-json\/wp\/v2\/pages\/33\/revisions\/6661"}],"wp:featuredmedia":[{"embeddable":true,"href":"https:\/\/40annidimusica.com\/it\/wp-json\/wp\/v2\/media\/6386"}],"wp:attachment":[{"href":"https:\/\/40annidimusica.com\/it\/wp-json\/wp\/v2\/media?parent=33"}],"curies":[{"name":"wp","href":"https:\/\/api.w.org\/{rel}","templated":true}]}}