{"id":3,"date":"2022-10-12T21:55:49","date_gmt":"2022-10-12T21:55:49","guid":{"rendered":"https:\/\/40annidimusica.com\/it\/?page_id=3"},"modified":"2022-10-18T14:03:28","modified_gmt":"2022-10-18T14:03:28","slug":"privacy-policy","status":"publish","type":"page","link":"https:\/\/40annidimusica.com\/it\/privacy-policy\/","title":{"rendered":"Privacy Policy"},"content":{"rendered":"<h2>Chi siamo<\/h2>\n<p>L&#8217;indirizzo del nostro sito web \u00e8: <a href=\"https:\/\/40annidimusica.com\/it\">https:\/\/40annidimusica.com\/it<\/a>.<\/p>\n<p>In questa pagina si descrivono le modalit\u00e0 di gestione del sito internet\u00a0 <a href=\"https:\/\/40annidimusica.com\/it\">https:\/\/40annidimusica.com\/it<\/a>  in riferimento al trattamento dei dati personali degli utenti che lo consultano.<br \/>Si tratta di un\u2019informativa per il trattamento dei dati personali che \u00e8 resa anche ai sensi dell\u2019art. 13 Decreto legislativo 196\/03 (di seguito Codice privacy) per gli utenti dei servizi del nostro sito, che vengono erogati via internet.<br \/>L\u2019informativa non \u00e8 valida per altri siti web eventualmente consultabili attraverso i nostri links, di cui la <strong>40annidimusica.com<\/strong> non \u00e8 in alcun modo responsabile.<\/p>\n<p><strong>Il Titolare del trattamento<\/strong><br \/>Il Titolare del trattamento dei dati personali, relativi a persone identificate o identificabili trattati a seguito della consultazione del nostro sito, \u00e8 la Maurizio Carlini presso la sede legale di via Bramante 5 &#8211; 00153 &#8211; Roma (RM)<\/p>\n<p><strong>Nessun dato derivante dal servizio web viene comunicato o diffuso a terzi.<\/strong><br \/>I dati personali forniti dagli utenti che inoltrano richieste di servizi sono utilizzati al solo fine di eseguire il servizio o la prestazione richiesta e non sono comunicati a soggetti terzi salvo che la comunicazione sia imposta da obblighi di legge o sia strettamente necessario per l\u2019adempimento delle richieste.<\/p>\n<p><strong>Dati forniti volontariamente dagli utenti<\/strong><br \/>L\u2019invio facoltativo, esplicito e volontario di posta elettronica agli indirizzi indicati su questo sito comporta la successiva acquisizione dell\u2019indirizzo del mittente, necessario per rispondere alle richieste, nonch\u00e9 degli eventuali altri dati personali inseriti nella missiva. Sintetiche informative di sintesi verranno progressivamente riportate o visualizzate nelle pagine del sito predisposte per particolari servizi.<\/p>\n<p><strong>Cookies<\/strong><br \/>Per cookies si intende un elemento testuale che viene inserito nel disco fisso di un computer solo in seguito ad autorizzazione. I cookies hanno la funzione di snellire l\u2019analisi del traffico su web o di segnalare quando un sito specifico viene visitato e consentono alle applicazioni web di inviare informazioni a singoli utenti. Nessun dato degli utenti viene in proposito acquisito dal sito. Non viene fatto uso di cookies per la trasmissione di informazioni di carattere personale, n\u00e9 vengono utilizzati c.d. cookies persistenti di alcun tipo, ovvero sistemi per il tracciamento degli utenti.<\/p>\n<p><strong>Facoltativit\u00e0 del conferimento dei dati<\/strong><br \/>A parte quanto specificato per i dati di navigazione, l\u2019utente \u00e8 libero di fornire i dati personali per richiedere i servizi offerti dalla societ\u00e0. Il loro mancato conferimento pu\u00f2 comportare l\u2019impossibilit\u00e0 di ottenere il servizio richiesto.<\/p>\n<p><strong>Modalit\u00e0 di trattamento dei dati<\/strong><br \/>I dati personali sono trattati con strumenti informatici automatizzati, per il tempo necessario a conseguire lo scopo per il quale sono stati raccolti. Specifiche misure di sicurezza sono osservate per prevenire la perdita dei dati, usi illeciti o non corretti ed accessi non autorizzati.<\/p>\n<p><strong>Diritti degli interessati<\/strong><br \/>I soggetti cui si riferiscono i dati hanno i diritti previsti dall\u2019art. 7 del Codice privacy che prevede, tra gli altri il diritto di conoscere la presenza dei suoi dati e di ottenere la cancellazione, la rettifica, l\u2019aggiornamento dei dati stessi rivolgendosi al Titolare del trattamento in persona della <strong>40annidimusica.com<\/strong> all\u2019indirizzo sopra indicato o scrivendo a:<br \/><strong>info@40annidimusica.com<\/strong>.<\/p>\n","protected":false},"excerpt":{"rendered":"<p>Chi siamo L&#8217;indirizzo del nostro sito web \u00e8: https:\/\/40annidimusica.com\/it. In<\/p>\n<p class=\"more-link\"><a class=\"button\" href=\"https:\/\/40annidimusica.com\/it\/privacy-policy\/\" class=\"readmore\">Continua a leggere<span class=\"screen-reader-text\">Privacy Policy<\/span><\/a><\/p>\n","protected":false},"author":1,"featured_media":0,"parent":0,"menu_order":0,"comment_status":"closed","ping_status":"open","template":"","meta":{"footnotes":""},"class_list":["post-3","page","type-page","status-publish","hentry"],"yoast_head":"<!-- This site is optimized with the Yoast SEO plugin v23.4 - https:\/\/yoast.com\/wordpress\/plugins\/seo\/ -->\n<title>Privacy Policy - 40 anni di Musica<\/title>\n<meta name=\"robots\" content=\"index, follow, max-snippet:-1, max-image-preview:large, max-video-preview:-1\" \/>\n<link rel=\"canonical\" href=\"https:\/\/40annidimusica.com\/it\/privacy-policy\/\" \/>\n<meta property=\"og:locale\" content=\"it_IT\" \/>\n<meta property=\"og:type\" content=\"article\" \/>\n<meta property=\"og:title\" content=\"Privacy Policy - 40 anni di Musica\" \/>\n<meta property=\"og:description\" content=\"Chi siamo L&#8217;indirizzo del nostro sito web \u00e8: https:\/\/40annidimusica.com\/it. InContinua a leggerePrivacy Policy\" \/>\n<meta property=\"og:url\" content=\"https:\/\/40annidimusica.com\/it\/privacy-policy\/\" \/>\n<meta property=\"og:site_name\" content=\"40 anni di Musica\" \/>\n<meta property=\"article:publisher\" content=\"https:\/\/www.facebook.com\/40annidimusica\/\" \/>\n<meta property=\"article:modified_time\" content=\"2022-10-18T14:03:28+00:00\" \/>\n<meta name=\"twitter:card\" content=\"summary_large_image\" \/>\n<meta name=\"twitter:label1\" content=\"Tempo di lettura stimato\" \/>\n\t<meta name=\"twitter:data1\" content=\"3 minuti\" \/>\n<script type=\"application\/ld+json\" class=\"yoast-schema-graph\">{\"@context\":\"https:\/\/schema.org\",\"@graph\":[{\"@type\":\"WebPage\",\"@id\":\"https:\/\/40annidimusica.com\/it\/privacy-policy\/\",\"url\":\"https:\/\/40annidimusica.com\/it\/privacy-policy\/\",\"name\":\"Privacy Policy - 40 anni di Musica\",\"isPartOf\":{\"@id\":\"https:\/\/40annidimusica.com\/it\/#website\"},\"datePublished\":\"2022-10-12T21:55:49+00:00\",\"dateModified\":\"2022-10-18T14:03:28+00:00\",\"breadcrumb\":{\"@id\":\"https:\/\/40annidimusica.com\/it\/privacy-policy\/#breadcrumb\"},\"inLanguage\":\"it-IT\",\"potentialAction\":[{\"@type\":\"ReadAction\",\"target\":[\"https:\/\/40annidimusica.com\/it\/privacy-policy\/\"]}]},{\"@type\":\"BreadcrumbList\",\"@id\":\"https:\/\/40annidimusica.com\/it\/privacy-policy\/#breadcrumb\",\"itemListElement\":[{\"@type\":\"ListItem\",\"position\":1,\"name\":\"Home\",\"item\":\"https:\/\/40annidimusica.com\/it\/\"},{\"@type\":\"ListItem\",\"position\":2,\"name\":\"Privacy Policy\"}]},{\"@type\":\"WebSite\",\"@id\":\"https:\/\/40annidimusica.com\/it\/#website\",\"url\":\"https:\/\/40annidimusica.com\/it\/\",\"name\":\"40 anni di Musica\",\"description\":\"LORENZA BOHUNY &amp; MAURIZIO CARLINI\",\"publisher\":{\"@id\":\"https:\/\/40annidimusica.com\/it\/#organization\"},\"potentialAction\":[{\"@type\":\"SearchAction\",\"target\":{\"@type\":\"EntryPoint\",\"urlTemplate\":\"https:\/\/40annidimusica.com\/it\/?s={search_term_string}\"},\"query-input\":{\"@type\":\"PropertyValueSpecification\",\"valueRequired\":true,\"valueName\":\"search_term_string\"}}],\"inLanguage\":\"it-IT\"},{\"@type\":\"Organization\",\"@id\":\"https:\/\/40annidimusica.com\/it\/#organization\",\"name\":\"40 anni di Musica\",\"url\":\"https:\/\/40annidimusica.com\/it\/\",\"logo\":{\"@type\":\"ImageObject\",\"inLanguage\":\"it-IT\",\"@id\":\"https:\/\/40annidimusica.com\/it\/#\/schema\/logo\/image\/\",\"url\":\"https:\/\/40annidimusica.com\/it\/wp-content\/uploads\/2022\/10\/logo-40annidimusica.png\",\"contentUrl\":\"https:\/\/40annidimusica.com\/it\/wp-content\/uploads\/2022\/10\/logo-40annidimusica.png\",\"width\":843,\"height\":843,\"caption\":\"40 anni di Musica\"},\"image\":{\"@id\":\"https:\/\/40annidimusica.com\/it\/#\/schema\/logo\/image\/\"},\"sameAs\":[\"https:\/\/www.facebook.com\/40annidimusica\/\"]}]}<\/script>\n<!-- \/ Yoast SEO plugin. -->","yoast_head_json":{"title":"Privacy Policy - 40 anni di Musica","robots":{"index":"index","follow":"follow","max-snippet":"max-snippet:-1","max-image-preview":"max-image-preview:large","max-video-preview":"max-video-preview:-1"},"canonical":"https:\/\/40annidimusica.com\/it\/privacy-policy\/","og_locale":"it_IT","og_type":"article","og_title":"Privacy Policy - 40 anni di Musica","og_description":"Chi siamo L&#8217;indirizzo del nostro sito web \u00e8: https:\/\/40annidimusica.com\/it. InContinua a leggerePrivacy Policy","og_url":"https:\/\/40annidimusica.com\/it\/privacy-policy\/","og_site_name":"40 anni di Musica","article_publisher":"https:\/\/www.facebook.com\/40annidimusica\/","article_modified_time":"2022-10-18T14:03:28+00:00","twitter_card":"summary_large_image","twitter_misc":{"Tempo di lettura stimato":"3 minuti"},"schema":{"@context":"https:\/\/schema.org","@graph":[{"@type":"WebPage","@id":"https:\/\/40annidimusica.com\/it\/privacy-policy\/","url":"https:\/\/40annidimusica.com\/it\/privacy-policy\/","name":"Privacy Policy - 40 anni di Musica","isPartOf":{"@id":"https:\/\/40annidimusica.com\/it\/#website"},"datePublished":"2022-10-12T21:55:49+00:00","dateModified":"2022-10-18T14:03:28+00:00","breadcrumb":{"@id":"https:\/\/40annidimusica.com\/it\/privacy-policy\/#breadcrumb"},"inLanguage":"it-IT","potentialAction":[{"@type":"ReadAction","target":["https:\/\/40annidimusica.com\/it\/privacy-policy\/"]}]},{"@type":"BreadcrumbList","@id":"https:\/\/40annidimusica.com\/it\/privacy-policy\/#breadcrumb","itemListElement":[{"@type":"ListItem","position":1,"name":"Home","item":"https:\/\/40annidimusica.com\/it\/"},{"@type":"ListItem","position":2,"name":"Privacy Policy"}]},{"@type":"WebSite","@id":"https:\/\/40annidimusica.com\/it\/#website","url":"https:\/\/40annidimusica.com\/it\/","name":"40 anni di Musica","description":"LORENZA BOHUNY &amp; MAURIZIO CARLINI","publisher":{"@id":"https:\/\/40annidimusica.com\/it\/#organization"},"potentialAction":[{"@type":"SearchAction","target":{"@type":"EntryPoint","urlTemplate":"https:\/\/40annidimusica.com\/it\/?s={search_term_string}"},"query-input":{"@type":"PropertyValueSpecification","valueRequired":true,"valueName":"search_term_string"}}],"inLanguage":"it-IT"},{"@type":"Organization","@id":"https:\/\/40annidimusica.com\/it\/#organization","name":"40 anni di Musica","url":"https:\/\/40annidimusica.com\/it\/","logo":{"@type":"ImageObject","inLanguage":"it-IT","@id":"https:\/\/40annidimusica.com\/it\/#\/schema\/logo\/image\/","url":"https:\/\/40annidimusica.com\/it\/wp-content\/uploads\/2022\/10\/logo-40annidimusica.png","contentUrl":"https:\/\/40annidimusica.com\/it\/wp-content\/uploads\/2022\/10\/logo-40annidimusica.png","width":843,"height":843,"caption":"40 anni di Musica"},"image":{"@id":"https:\/\/40annidimusica.com\/it\/#\/schema\/logo\/image\/"},"sameAs":["https:\/\/www.facebook.com\/40annidimusica\/"]}]}},"jetpack_sharing_enabled":true,"_links":{"self":[{"href":"https:\/\/40annidimusica.com\/it\/wp-json\/wp\/v2\/pages\/3","targetHints":{"allow":["GET"]}}],"collection":[{"href":"https:\/\/40annidimusica.com\/it\/wp-json\/wp\/v2\/pages"}],"about":[{"href":"https:\/\/40annidimusica.com\/it\/wp-json\/wp\/v2\/types\/page"}],"author":[{"embeddable":true,"href":"https:\/\/40annidimusica.com\/it\/wp-json\/wp\/v2\/users\/1"}],"replies":[{"embeddable":true,"href":"https:\/\/40annidimusica.com\/it\/wp-json\/wp\/v2\/comments?post=3"}],"version-history":[{"count":1,"href":"https:\/\/40annidimusica.com\/it\/wp-json\/wp\/v2\/pages\/3\/revisions"}],"predecessor-version":[{"id":151,"href":"https:\/\/40annidimusica.com\/it\/wp-json\/wp\/v2\/pages\/3\/revisions\/151"}],"wp:attachment":[{"href":"https:\/\/40annidimusica.com\/it\/wp-json\/wp\/v2\/media?parent=3"}],"curies":[{"name":"wp","href":"https:\/\/api.w.org\/{rel}","templated":true}]}}