{"id":29,"date":"2022-10-16T21:00:38","date_gmt":"2022-10-16T21:00:38","guid":{"rendered":"https:\/\/40annidimusica.com\/it\/?page_id=29"},"modified":"2022-11-15T10:29:30","modified_gmt":"2022-11-15T10:29:30","slug":"musica-da-interpretare","status":"publish","type":"page","link":"https:\/\/40annidimusica.com\/it\/musica-da-interpretare\/","title":{"rendered":"Musica da interpretare"},"content":{"rendered":"<p style=\"text-align: center;\"><img data-recalc-dims=\"1\" loading=\"lazy\" decoding=\"async\" class=\"alignnone size-full wp-image-6439\" src=\"https:\/\/i0.wp.com\/40annidimusica.com\/it\/wp-content\/uploads\/2022\/11\/IMG_4394-foto-copertina-lagana-4-1-scaled.jpg?resize=920%2C920&#038;ssl=1\" alt=\"\" width=\"920\" height=\"920\" srcset=\"https:\/\/i0.wp.com\/40annidimusica.com\/it\/wp-content\/uploads\/2022\/11\/IMG_4394-foto-copertina-lagana-4-1-scaled.jpg?w=2560&amp;ssl=1 2560w, https:\/\/i0.wp.com\/40annidimusica.com\/it\/wp-content\/uploads\/2022\/11\/IMG_4394-foto-copertina-lagana-4-1-scaled.jpg?resize=300%2C300&amp;ssl=1 300w, https:\/\/i0.wp.com\/40annidimusica.com\/it\/wp-content\/uploads\/2022\/11\/IMG_4394-foto-copertina-lagana-4-1-scaled.jpg?resize=1024%2C1024&amp;ssl=1 1024w, https:\/\/i0.wp.com\/40annidimusica.com\/it\/wp-content\/uploads\/2022\/11\/IMG_4394-foto-copertina-lagana-4-1-scaled.jpg?resize=150%2C150&amp;ssl=1 150w, https:\/\/i0.wp.com\/40annidimusica.com\/it\/wp-content\/uploads\/2022\/11\/IMG_4394-foto-copertina-lagana-4-1-scaled.jpg?resize=768%2C768&amp;ssl=1 768w, https:\/\/i0.wp.com\/40annidimusica.com\/it\/wp-content\/uploads\/2022\/11\/IMG_4394-foto-copertina-lagana-4-1-scaled.jpg?resize=1536%2C1536&amp;ssl=1 1536w, https:\/\/i0.wp.com\/40annidimusica.com\/it\/wp-content\/uploads\/2022\/11\/IMG_4394-foto-copertina-lagana-4-1-scaled.jpg?resize=2048%2C2048&amp;ssl=1 2048w, https:\/\/i0.wp.com\/40annidimusica.com\/it\/wp-content\/uploads\/2022\/11\/IMG_4394-foto-copertina-lagana-4-1-scaled.jpg?resize=640%2C640&amp;ssl=1 640w, https:\/\/i0.wp.com\/40annidimusica.com\/it\/wp-content\/uploads\/2022\/11\/IMG_4394-foto-copertina-lagana-4-1-scaled.jpg?resize=50%2C50&amp;ssl=1 50w, https:\/\/i0.wp.com\/40annidimusica.com\/it\/wp-content\/uploads\/2022\/11\/IMG_4394-foto-copertina-lagana-4-1-scaled.jpg?resize=1320%2C1320&amp;ssl=1 1320w, https:\/\/i0.wp.com\/40annidimusica.com\/it\/wp-content\/uploads\/2022\/11\/IMG_4394-foto-copertina-lagana-4-1-scaled.jpg?resize=200%2C200&amp;ssl=1 200w, https:\/\/i0.wp.com\/40annidimusica.com\/it\/wp-content\/uploads\/2022\/11\/IMG_4394-foto-copertina-lagana-4-1-scaled.jpg?resize=600%2C600&amp;ssl=1 600w, https:\/\/i0.wp.com\/40annidimusica.com\/it\/wp-content\/uploads\/2022\/11\/IMG_4394-foto-copertina-lagana-4-1-scaled.jpg?resize=100%2C100&amp;ssl=1 100w, https:\/\/i0.wp.com\/40annidimusica.com\/it\/wp-content\/uploads\/2022\/11\/IMG_4394-foto-copertina-lagana-4-1-scaled.jpg?w=1840&amp;ssl=1 1840w\" sizes=\"auto, (max-width: 920px) 100vw, 920px\" \/><\/p>\n<p style=\"text-align: justify;\">&#8220;<strong>Canzoni scritte per altri interpreti, collaborazioni a progetti di altri artisti<\/strong>&#8220;.<!--more--><\/p>\n<p style=\"text-align: justify;\"><strong>Lorenza e Maurizio<\/strong> hanno avuto pi\u00f9 volte la felice occasione di collaborare come autori con altri artisti, a partire dal 2011 quando Maurizio ha musicato le poesie di <strong>15 diversi poeti<\/strong> nel CD &#8220;<strong>Vorrei<\/strong>&#8220;, passando per l&#8217;esperienza di Lorenza con il M\u00b0 <strong>Piero Pintucci<\/strong> per i suoi testi &#8220;La Titana&#8221; e &#8220;Cento vite&#8221;.<\/p>\n<p style=\"text-align: justify;\">Nel 2020 scrivono la canzone &#8220;<strong>L&#8217;urtimo Tango a Roma<\/strong>&#8221; per <strong>Lavinia Fiorani<\/strong> che ottiene il secondo posto al Festival &#8220;Dallo stornello al Rap&#8221; di <strong>Elena Bonelli<\/strong> e nel 2022 scrivono il brano &#8220;<strong>Carozzella romana<\/strong>&#8221; per la voce di <strong>Rodolfo Lagan\u00e0<\/strong>, un ironico e beffardo inno di protesta contro le barriere architettoniche che affliggono le persone con diversa abilit\u00e0 specialmente in citt\u00e0.<\/p>\n<p style=\"text-align: justify;\">Questo tipo di attivit\u00e0 \u00e8 straordinariamente importante per gli autori, perch\u00e9 permette loro di esplorare, con rispetto e in punta di piedi, le storie e le vite di altri artisti, ci\u00f2 che rappresenta un grande arricchimento e una grande crescita umana e professionale.<\/p>\n<p>&nbsp;<\/p>\n<table>\n<tbody>\n<tr>\n<td><iframe loading=\"lazy\" title=\"YouTube video player\" src=\"https:\/\/www.youtube.com\/embed\/ZMy3_XkWXcc\" width=\"790\" height=\"415\" frameborder=\"0\" allowfullscreen=\"allowfullscreen\"><\/iframe><\/td>\n<\/tr>\n<tr>\n<td style=\"text-align: justify;\">&#8220;<strong>L&#8217;URTIMO TANGO a ROMA&#8221;<\/strong>: Una canzone che Lorenza e Maurizio hanno scritto per il Festival &#8220;Dallo stornello al Rap&#8221; di Elena Bonelli. Il regolamento raccomandava di inviare a concorso delle canzoni in dialetto romanesco aventi attinenza con il periodo del Covid, cos\u00ec i due autori decidono di raccontare la pandemia vita dagli occhi di una amante che non pu\u00f2 vedere il suo amore clandestino, &#8220;costretto&#8221; dal virus a rimanere in casa con la moglie. La canzone arriva al secondo posto del prestigioso festival, uno dei pochissimi a valorizzare la romanit\u00e0 nella musica, interpretata da Lavinia Fiorani in arte &#8220;La Romantica&#8221;.<\/td>\n<\/tr>\n<\/tbody>\n<\/table>\n<p>&nbsp;<\/p>\n<table>\n<tbody>\n<tr>\n<td><iframe loading=\"lazy\" title=\"YouTube video player\" src=\"https:\/\/www.youtube.com\/embed\/CVDO9orMz14\" width=\"790\" height=\"415\" frameborder=\"0\" allowfullscreen=\"allowfullscreen\"><span style=\"display: inline-block; width: 0px; overflow: hidden; line-height: 0;\" data-mce-type=\"bookmark\" class=\"mce_SELRES_start\">\ufeff<\/span><\/iframe><\/td>\n<\/tr>\n<tr>\n<td style=\"text-align: justify;\">&#8220;<strong>CAROZZELLA ROMANA&#8221;<\/strong>: Nel 2021, <strong>Lorenza<\/strong> e <strong>Maurizio<\/strong> incontrano Rodolfo Lagan\u00e0 dopo la realizzazione della canzone &#8220;L&#8217;urtimo romano&#8221; dedicata a Gigi Proietti, di cui Rodolfo \u00e8 stato allievo nel celebre &#8220;Laboratorio di esercitazioni sceniche&#8221; e iniziano una collaborazione con lui proponendogli questa canzone che racconta le difficolt\u00e0 incontrate quotidianamente da chi, come l&#8217;attore, deve spostarsi in citt\u00e0 su una sedia a rotelle.<\/p>\n<p>Dalla canzone, arrangiata da <strong>Marco Rinalduzzi<\/strong>, nasce il video con la regia di <strong>Giovanni Pirri<\/strong>, che lo realizza in occasione della Giornata mondiale per la lotta alla sclerosi multipla. Il risultato del lavoro di questa squadra \u00e8 un video ironico, tagliente, diretto, che fa sorridere ma soprattutto riflettere sulla condizione di queste persone, trattate spesso, nei fatti, dalle istituzioni come cittadini di serie B.<\/p>\n<p>Un video che ha riscosso immediatamente un grande successo, passando per le maggiori reti TV e ottenendo premi e citazioni importanti, come quella al <strong>FIABA DAY 2022<\/strong> in piazza Colonna, di fronte alla Presidenza del consiglio.<\/td>\n<\/tr>\n<\/tbody>\n<\/table>\n<p><img data-recalc-dims=\"1\" loading=\"lazy\" decoding=\"async\" class=\"alignnone size-full wp-image-6688\" src=\"https:\/\/i0.wp.com\/40annidimusica.com\/it\/wp-content\/uploads\/2022\/11\/Maddalena-e-Massimo-4-2.jpg?resize=758%2C473&#038;ssl=1\" alt=\"\" width=\"758\" height=\"473\" srcset=\"https:\/\/i0.wp.com\/40annidimusica.com\/it\/wp-content\/uploads\/2022\/11\/Maddalena-e-Massimo-4-2.jpg?w=758&amp;ssl=1 758w, https:\/\/i0.wp.com\/40annidimusica.com\/it\/wp-content\/uploads\/2022\/11\/Maddalena-e-Massimo-4-2.jpg?resize=300%2C187&amp;ssl=1 300w, https:\/\/i0.wp.com\/40annidimusica.com\/it\/wp-content\/uploads\/2022\/11\/Maddalena-e-Massimo-4-2.jpg?resize=600%2C374&amp;ssl=1 600w\" sizes=\"auto, (max-width: 758px) 100vw, 758px\" \/><\/p>\n<p>&#8220;<strong>UNDERNEATH WE LIVE<\/strong>&#8221; (Vita sotterranea): Nel 2021, i due poeti <strong>Maddalena Capalbi<\/strong> e <strong>Massimo Moraldi<\/strong> realizzano un&#8217;allegoria esistenziale che mostra, giocando sul suono simile delle parole inglesi &#8220;live&#8221; e &#8220;leave&#8221;, come l&#8217;uomo cerchi di riportare a livello esteriore il suo travaglio interiore, da lasciare (&#8220;to leave&#8221;) sotterraneo, in modo da viverlo pienamente (&#8220;to live&#8221;). Da questo lavoro, con le musiche composte da Massimo Moraldi, Maurizio realizza gli arrangiamenti di una Suite per chitarra, voce e orchestra, intitolata appunto &#8220;Underneath we live&#8221;, con la collaborazione di Lorenza alla voce solista. Qui sotto potete ascoltare il 4\u00b0 movimento della Suite, &#8220;Vision&#8221;.<\/p>\n<audio class=\"wp-audio-shortcode\" id=\"audio-29-1\" preload=\"none\" style=\"width: 100%;\" controls=\"controls\"><source type=\"audio\/mpeg\" src=\"https:\/\/40annidimusica.com\/it\/wp-content\/uploads\/2022\/11\/Vision-mov.4.mp3?_=1\" \/><a href=\"https:\/\/40annidimusica.com\/it\/wp-content\/uploads\/2022\/11\/Vision-mov.4.mp3\">https:\/\/40annidimusica.com\/it\/wp-content\/uploads\/2022\/11\/Vision-mov.4.mp3<\/a><\/audio>\n","protected":false},"excerpt":{"rendered":"<p>&#8220;Canzoni scritte per altri interpreti, collaborazioni a progetti di altri<\/p>\n<p class=\"more-link\"><a class=\"button\" href=\"https:\/\/40annidimusica.com\/it\/musica-da-interpretare\/\" class=\"readmore\">Continua a leggere<span class=\"screen-reader-text\">Musica da interpretare<\/span><\/a><\/p>\n","protected":false},"author":1,"featured_media":6439,"parent":0,"menu_order":0,"comment_status":"closed","ping_status":"closed","template":"","meta":{"footnotes":""},"class_list":["post-29","page","type-page","status-publish","has-post-thumbnail","hentry"],"yoast_head":"<!-- This site is optimized with the Yoast SEO plugin v23.4 - https:\/\/yoast.com\/wordpress\/plugins\/seo\/ -->\n<title>Musica da interpretare - 40 anni di Musica<\/title>\n<meta name=\"description\" content=\"Questa sezione contiene le &quot;Canzoni scritte per altri interpreti, collaborazioni a progetti di altri artisti&quot;.\" \/>\n<meta name=\"robots\" content=\"index, follow, max-snippet:-1, max-image-preview:large, max-video-preview:-1\" \/>\n<link rel=\"canonical\" href=\"https:\/\/40annidimusica.com\/it\/musica-da-interpretare\/\" \/>\n<meta property=\"og:locale\" content=\"it_IT\" \/>\n<meta property=\"og:type\" content=\"article\" \/>\n<meta property=\"og:title\" content=\"Musica da interpretare - 40 anni di Musica\" \/>\n<meta property=\"og:description\" content=\"Questa sezione contiene le &quot;Canzoni scritte per altri interpreti, collaborazioni a progetti di altri artisti&quot;.\" \/>\n<meta property=\"og:url\" content=\"https:\/\/40annidimusica.com\/it\/musica-da-interpretare\/\" \/>\n<meta property=\"og:site_name\" content=\"40 anni di Musica\" \/>\n<meta property=\"article:publisher\" content=\"https:\/\/www.facebook.com\/40annidimusica\/\" \/>\n<meta property=\"article:modified_time\" content=\"2022-11-15T10:29:30+00:00\" \/>\n<meta property=\"og:image\" content=\"https:\/\/40annidimusica.com\/it\/wp-content\/uploads\/2022\/11\/IMG_4394-foto-copertina-lagana-4-1-scaled.jpg\" \/>\n\t<meta property=\"og:image:width\" content=\"2560\" \/>\n\t<meta property=\"og:image:height\" content=\"2560\" \/>\n\t<meta property=\"og:image:type\" content=\"image\/jpeg\" \/>\n<meta name=\"twitter:card\" content=\"summary_large_image\" \/>\n<meta name=\"twitter:label1\" content=\"Tempo di lettura stimato\" \/>\n\t<meta name=\"twitter:data1\" content=\"4 minuti\" \/>\n<script type=\"application\/ld+json\" class=\"yoast-schema-graph\">{\"@context\":\"https:\/\/schema.org\",\"@graph\":[{\"@type\":\"WebPage\",\"@id\":\"https:\/\/40annidimusica.com\/it\/musica-da-interpretare\/\",\"url\":\"https:\/\/40annidimusica.com\/it\/musica-da-interpretare\/\",\"name\":\"Musica da interpretare - 40 anni di Musica\",\"isPartOf\":{\"@id\":\"https:\/\/40annidimusica.com\/it\/#website\"},\"primaryImageOfPage\":{\"@id\":\"https:\/\/40annidimusica.com\/it\/musica-da-interpretare\/#primaryimage\"},\"image\":{\"@id\":\"https:\/\/40annidimusica.com\/it\/musica-da-interpretare\/#primaryimage\"},\"thumbnailUrl\":\"https:\/\/i0.wp.com\/40annidimusica.com\/it\/wp-content\/uploads\/2022\/11\/IMG_4394-foto-copertina-lagana-4-1-scaled.jpg?fit=2560%2C2560&ssl=1\",\"datePublished\":\"2022-10-16T21:00:38+00:00\",\"dateModified\":\"2022-11-15T10:29:30+00:00\",\"description\":\"Questa sezione contiene le \\\"Canzoni scritte per altri interpreti, collaborazioni a progetti di altri artisti\\\".\",\"breadcrumb\":{\"@id\":\"https:\/\/40annidimusica.com\/it\/musica-da-interpretare\/#breadcrumb\"},\"inLanguage\":\"it-IT\",\"potentialAction\":[{\"@type\":\"ReadAction\",\"target\":[\"https:\/\/40annidimusica.com\/it\/musica-da-interpretare\/\"]}]},{\"@type\":\"ImageObject\",\"inLanguage\":\"it-IT\",\"@id\":\"https:\/\/40annidimusica.com\/it\/musica-da-interpretare\/#primaryimage\",\"url\":\"https:\/\/i0.wp.com\/40annidimusica.com\/it\/wp-content\/uploads\/2022\/11\/IMG_4394-foto-copertina-lagana-4-1-scaled.jpg?fit=2560%2C2560&ssl=1\",\"contentUrl\":\"https:\/\/i0.wp.com\/40annidimusica.com\/it\/wp-content\/uploads\/2022\/11\/IMG_4394-foto-copertina-lagana-4-1-scaled.jpg?fit=2560%2C2560&ssl=1\",\"width\":2560,\"height\":2560},{\"@type\":\"BreadcrumbList\",\"@id\":\"https:\/\/40annidimusica.com\/it\/musica-da-interpretare\/#breadcrumb\",\"itemListElement\":[{\"@type\":\"ListItem\",\"position\":1,\"name\":\"Home\",\"item\":\"https:\/\/40annidimusica.com\/it\/\"},{\"@type\":\"ListItem\",\"position\":2,\"name\":\"Musica da interpretare\"}]},{\"@type\":\"WebSite\",\"@id\":\"https:\/\/40annidimusica.com\/it\/#website\",\"url\":\"https:\/\/40annidimusica.com\/it\/\",\"name\":\"40 anni di Musica\",\"description\":\"LORENZA BOHUNY &amp; MAURIZIO CARLINI\",\"publisher\":{\"@id\":\"https:\/\/40annidimusica.com\/it\/#organization\"},\"potentialAction\":[{\"@type\":\"SearchAction\",\"target\":{\"@type\":\"EntryPoint\",\"urlTemplate\":\"https:\/\/40annidimusica.com\/it\/?s={search_term_string}\"},\"query-input\":{\"@type\":\"PropertyValueSpecification\",\"valueRequired\":true,\"valueName\":\"search_term_string\"}}],\"inLanguage\":\"it-IT\"},{\"@type\":\"Organization\",\"@id\":\"https:\/\/40annidimusica.com\/it\/#organization\",\"name\":\"40 anni di Musica\",\"url\":\"https:\/\/40annidimusica.com\/it\/\",\"logo\":{\"@type\":\"ImageObject\",\"inLanguage\":\"it-IT\",\"@id\":\"https:\/\/40annidimusica.com\/it\/#\/schema\/logo\/image\/\",\"url\":\"https:\/\/40annidimusica.com\/it\/wp-content\/uploads\/2022\/10\/logo-40annidimusica.png\",\"contentUrl\":\"https:\/\/40annidimusica.com\/it\/wp-content\/uploads\/2022\/10\/logo-40annidimusica.png\",\"width\":843,\"height\":843,\"caption\":\"40 anni di Musica\"},\"image\":{\"@id\":\"https:\/\/40annidimusica.com\/it\/#\/schema\/logo\/image\/\"},\"sameAs\":[\"https:\/\/www.facebook.com\/40annidimusica\/\"]}]}<\/script>\n<!-- \/ Yoast SEO plugin. -->","yoast_head_json":{"title":"Musica da interpretare - 40 anni di Musica","description":"Questa sezione contiene le \"Canzoni scritte per altri interpreti, collaborazioni a progetti di altri artisti\".","robots":{"index":"index","follow":"follow","max-snippet":"max-snippet:-1","max-image-preview":"max-image-preview:large","max-video-preview":"max-video-preview:-1"},"canonical":"https:\/\/40annidimusica.com\/it\/musica-da-interpretare\/","og_locale":"it_IT","og_type":"article","og_title":"Musica da interpretare - 40 anni di Musica","og_description":"Questa sezione contiene le \"Canzoni scritte per altri interpreti, collaborazioni a progetti di altri artisti\".","og_url":"https:\/\/40annidimusica.com\/it\/musica-da-interpretare\/","og_site_name":"40 anni di Musica","article_publisher":"https:\/\/www.facebook.com\/40annidimusica\/","article_modified_time":"2022-11-15T10:29:30+00:00","og_image":[{"width":2560,"height":2560,"url":"https:\/\/40annidimusica.com\/it\/wp-content\/uploads\/2022\/11\/IMG_4394-foto-copertina-lagana-4-1-scaled.jpg","type":"image\/jpeg"}],"twitter_card":"summary_large_image","twitter_misc":{"Tempo di lettura stimato":"4 minuti"},"schema":{"@context":"https:\/\/schema.org","@graph":[{"@type":"WebPage","@id":"https:\/\/40annidimusica.com\/it\/musica-da-interpretare\/","url":"https:\/\/40annidimusica.com\/it\/musica-da-interpretare\/","name":"Musica da interpretare - 40 anni di Musica","isPartOf":{"@id":"https:\/\/40annidimusica.com\/it\/#website"},"primaryImageOfPage":{"@id":"https:\/\/40annidimusica.com\/it\/musica-da-interpretare\/#primaryimage"},"image":{"@id":"https:\/\/40annidimusica.com\/it\/musica-da-interpretare\/#primaryimage"},"thumbnailUrl":"https:\/\/i0.wp.com\/40annidimusica.com\/it\/wp-content\/uploads\/2022\/11\/IMG_4394-foto-copertina-lagana-4-1-scaled.jpg?fit=2560%2C2560&ssl=1","datePublished":"2022-10-16T21:00:38+00:00","dateModified":"2022-11-15T10:29:30+00:00","description":"Questa sezione contiene le \"Canzoni scritte per altri interpreti, collaborazioni a progetti di altri artisti\".","breadcrumb":{"@id":"https:\/\/40annidimusica.com\/it\/musica-da-interpretare\/#breadcrumb"},"inLanguage":"it-IT","potentialAction":[{"@type":"ReadAction","target":["https:\/\/40annidimusica.com\/it\/musica-da-interpretare\/"]}]},{"@type":"ImageObject","inLanguage":"it-IT","@id":"https:\/\/40annidimusica.com\/it\/musica-da-interpretare\/#primaryimage","url":"https:\/\/i0.wp.com\/40annidimusica.com\/it\/wp-content\/uploads\/2022\/11\/IMG_4394-foto-copertina-lagana-4-1-scaled.jpg?fit=2560%2C2560&ssl=1","contentUrl":"https:\/\/i0.wp.com\/40annidimusica.com\/it\/wp-content\/uploads\/2022\/11\/IMG_4394-foto-copertina-lagana-4-1-scaled.jpg?fit=2560%2C2560&ssl=1","width":2560,"height":2560},{"@type":"BreadcrumbList","@id":"https:\/\/40annidimusica.com\/it\/musica-da-interpretare\/#breadcrumb","itemListElement":[{"@type":"ListItem","position":1,"name":"Home","item":"https:\/\/40annidimusica.com\/it\/"},{"@type":"ListItem","position":2,"name":"Musica da interpretare"}]},{"@type":"WebSite","@id":"https:\/\/40annidimusica.com\/it\/#website","url":"https:\/\/40annidimusica.com\/it\/","name":"40 anni di Musica","description":"LORENZA BOHUNY &amp; MAURIZIO CARLINI","publisher":{"@id":"https:\/\/40annidimusica.com\/it\/#organization"},"potentialAction":[{"@type":"SearchAction","target":{"@type":"EntryPoint","urlTemplate":"https:\/\/40annidimusica.com\/it\/?s={search_term_string}"},"query-input":{"@type":"PropertyValueSpecification","valueRequired":true,"valueName":"search_term_string"}}],"inLanguage":"it-IT"},{"@type":"Organization","@id":"https:\/\/40annidimusica.com\/it\/#organization","name":"40 anni di Musica","url":"https:\/\/40annidimusica.com\/it\/","logo":{"@type":"ImageObject","inLanguage":"it-IT","@id":"https:\/\/40annidimusica.com\/it\/#\/schema\/logo\/image\/","url":"https:\/\/40annidimusica.com\/it\/wp-content\/uploads\/2022\/10\/logo-40annidimusica.png","contentUrl":"https:\/\/40annidimusica.com\/it\/wp-content\/uploads\/2022\/10\/logo-40annidimusica.png","width":843,"height":843,"caption":"40 anni di Musica"},"image":{"@id":"https:\/\/40annidimusica.com\/it\/#\/schema\/logo\/image\/"},"sameAs":["https:\/\/www.facebook.com\/40annidimusica\/"]}]}},"jetpack_sharing_enabled":true,"_links":{"self":[{"href":"https:\/\/40annidimusica.com\/it\/wp-json\/wp\/v2\/pages\/29","targetHints":{"allow":["GET"]}}],"collection":[{"href":"https:\/\/40annidimusica.com\/it\/wp-json\/wp\/v2\/pages"}],"about":[{"href":"https:\/\/40annidimusica.com\/it\/wp-json\/wp\/v2\/types\/page"}],"author":[{"embeddable":true,"href":"https:\/\/40annidimusica.com\/it\/wp-json\/wp\/v2\/users\/1"}],"replies":[{"embeddable":true,"href":"https:\/\/40annidimusica.com\/it\/wp-json\/wp\/v2\/comments?post=29"}],"version-history":[{"count":13,"href":"https:\/\/40annidimusica.com\/it\/wp-json\/wp\/v2\/pages\/29\/revisions"}],"predecessor-version":[{"id":6693,"href":"https:\/\/40annidimusica.com\/it\/wp-json\/wp\/v2\/pages\/29\/revisions\/6693"}],"wp:featuredmedia":[{"embeddable":true,"href":"https:\/\/40annidimusica.com\/it\/wp-json\/wp\/v2\/media\/6439"}],"wp:attachment":[{"href":"https:\/\/40annidimusica.com\/it\/wp-json\/wp\/v2\/media?parent=29"}],"curies":[{"name":"wp","href":"https:\/\/api.w.org\/{rel}","templated":true}]}}