{"id":27,"date":"2022-10-16T20:55:31","date_gmt":"2022-10-16T20:55:31","guid":{"rendered":"https:\/\/40annidimusica.com\/it\/?page_id=27"},"modified":"2022-11-13T21:53:04","modified_gmt":"2022-11-13T21:53:04","slug":"musica-per-ricordare","status":"publish","type":"page","link":"https:\/\/40annidimusica.com\/it\/musica-per-ricordare\/","title":{"rendered":"Musica per ricordare"},"content":{"rendered":"<p><img data-recalc-dims=\"1\" loading=\"lazy\" decoding=\"async\" class=\"aligncenter wp-image-6390 size-full\" src=\"https:\/\/i0.wp.com\/40annidimusica.com\/it\/wp-content\/uploads\/2022\/11\/0L8A0754-scaled.jpg?resize=920%2C613&#038;ssl=1\" alt=\"\" width=\"920\" height=\"613\" srcset=\"https:\/\/i0.wp.com\/40annidimusica.com\/it\/wp-content\/uploads\/2022\/11\/0L8A0754-scaled.jpg?w=2560&amp;ssl=1 2560w, https:\/\/i0.wp.com\/40annidimusica.com\/it\/wp-content\/uploads\/2022\/11\/0L8A0754-scaled.jpg?resize=300%2C200&amp;ssl=1 300w, https:\/\/i0.wp.com\/40annidimusica.com\/it\/wp-content\/uploads\/2022\/11\/0L8A0754-scaled.jpg?resize=1024%2C683&amp;ssl=1 1024w, https:\/\/i0.wp.com\/40annidimusica.com\/it\/wp-content\/uploads\/2022\/11\/0L8A0754-scaled.jpg?resize=768%2C512&amp;ssl=1 768w, https:\/\/i0.wp.com\/40annidimusica.com\/it\/wp-content\/uploads\/2022\/11\/0L8A0754-scaled.jpg?resize=1536%2C1024&amp;ssl=1 1536w, https:\/\/i0.wp.com\/40annidimusica.com\/it\/wp-content\/uploads\/2022\/11\/0L8A0754-scaled.jpg?resize=2048%2C1365&amp;ssl=1 2048w, https:\/\/i0.wp.com\/40annidimusica.com\/it\/wp-content\/uploads\/2022\/11\/0L8A0754-scaled.jpg?resize=960%2C640&amp;ssl=1 960w, https:\/\/i0.wp.com\/40annidimusica.com\/it\/wp-content\/uploads\/2022\/11\/0L8A0754-scaled.jpg?resize=606%2C404&amp;ssl=1 606w, https:\/\/i0.wp.com\/40annidimusica.com\/it\/wp-content\/uploads\/2022\/11\/0L8A0754-scaled.jpg?resize=1320%2C880&amp;ssl=1 1320w, https:\/\/i0.wp.com\/40annidimusica.com\/it\/wp-content\/uploads\/2022\/11\/0L8A0754-scaled.jpg?resize=600%2C400&amp;ssl=1 600w, https:\/\/i0.wp.com\/40annidimusica.com\/it\/wp-content\/uploads\/2022\/11\/0L8A0754-scaled.jpg?w=1840&amp;ssl=1 1840w\" sizes=\"auto, (max-width: 920px) 100vw, 920px\" \/><\/p>\n<p style=\"text-align: justify;\">&#8220;Canzoni su personaggi storici e attuali per non dimenticare la loro importanza nella nostra cultura&#8221;.<!--more--><\/p>\n<p style=\"text-align: justify;\"><strong>Lorenza<\/strong> e <strong>Maurizio<\/strong> amano raccontare le <strong>storie di personaggi importanti, storici e attuali<\/strong>, soprattutto quelli che hanno avuto un significato per la citt\u00e0 di Roma. Insieme hanno scritto e musicato: le vicende di <strong>Donna Olimpia Pamphilj<\/strong> detta &#8220;La Pimpaccia&#8221;, cognata del <strong>Papa Innocenzo X<\/strong> e donna potentissima a Roma; la rivalit\u00e0 tra i due grandi artisti <strong>Gian Lorenzo Bernini <\/strong>e<strong> Francesco Borromini<\/strong>, con le loro opere proprio in piazza Navona dove Donna Olimpia risiedeva; le invettive contro il potere della &#8220;statua parlante&#8221; <strong>Pasquino<\/strong>; il lavoro terribile e preciso di <strong>Giovanni Battista Bugatti,<\/strong> detto <strong>Mastro Titta<\/strong>, il boia di Roma; l&#8217;incontro tra l&#8217;irrequieto pittore <strong>Michelangelo Merisi da Caravaggio<\/strong> e la sua modella <strong>Lena Antognetti<\/strong>, la storia magica e triste di <strong>Lorenza Feliciani<\/strong>, moglie di Giuseppe Balsamo Conte di Cagliostro; la vita turbolenta ed eroica di <strong>Anita Garibaldi<\/strong> al fianco del generale suo marito; il sacrificio, le intuizioni e la filosofia di<strong> Giordano Bruno<\/strong>, e le teorie che lo portarono al rogo in Campo de Fiori; il percorso verso il patibolo di <strong>Beatrice Cenci<\/strong>, condannata a morte assieme ai suoi fratelli per l&#8217;uccisione del loro padre; l&#8217;attivit\u00e0 di <strong>Vannozza Cattanei<\/strong>, la madre dei Borgia, tenutaria di bordelli e usuraia, eppure ricordata con una lapide come santa donna dedita alla beneficenza; la straordinaria pittrice <strong>Artemisia Gentileschi<\/strong> e il processo per stupro nei suoi confronti da parte del suo maestro; la bella <strong>Giulia Farnese<\/strong>, che fece impazzire di desiderio il cardinale <strong>Rodrigo Borgia,<\/strong> che diventer\u00e0 <strong>Papa Alessandro VI<\/strong> e per lei lascer\u00e0 proprio Vannozza, madre dei suoi figli; fino ad arrivare ai personaggi della nostra epoca, come la <strong>Sora Lella<\/strong>, Elena Fabrizi sorella del grande attore Aldo, ristoratrice, attrice e &#8220;opinionista televisiva&#8221; di grande simpatia e saggezza; le &#8220;Stelle di Roma&#8221; <strong>Anna Magnani, Monica Vitti <\/strong>e<strong> Gabriella Ferri<\/strong> e ultimo in ordine di tempo, l&#8217;indimenticabile <strong>Gigi Proietti<\/strong>, attore, cantante, showman che ha rivoluzionato il modo di fare teatro.<\/p>\n<table>\n<tbody>\n<tr>\n<td><iframe loading=\"lazy\" title=\"YouTube video player\" src=\"https:\/\/www.youtube.com\/embed\/lhXVqbvBEz8\" width=\"790\" height=\"415\" frameborder=\"0\" allowfullscreen=\"allowfullscreen\"><\/iframe><\/td>\n<\/tr>\n<tr>\n<td style=\"text-align: justify;\">&#8220;<strong>MASTRO TITTA PASSA PONTE&#8221;<\/strong>: Giovan Battista Bugatti, detto mastro Titta &#8220;Er Boja de Roma&#8221;. Quando non esercita la sua professione di tagliatore, squartatore, mazzolatore, impalatore, fa l&#8217;ombrellaio.<br \/>\nVissuto fino a 90 anni ha compiuto 516 esecuzioni. Conosciuto dal grande pubblico col &#8220;Rugantino&#8221; di Garinei, Giovannini e Trovajoli, la sua figura ne \u00e8 venuta fuori addolcita e mitigata dall&#8217;interpretazione magistrale di Aldo Fabrizi. Ma M\u00b0 Titta \u00e8 stato in realt\u00e0 un personaggio molto particolare e decisamente spietato. O meglio: un obbediente esecutore e un distaccato impiegato del Papa Re. Anche noi abbiamo voluto dargli un volto di simpatia, se non altro perch\u00e9 \u00e8 uno dei fantasmi pi\u00f9 famosi di Roma e gli si deve la reverenza che si deve a tutti gli spettri: nun se sa mai!<br \/>\nPassa er ponte: testo di Lorenza Bohuny; musica di Maurizio Carlini. Il personaggio di Mastro Titta \u00e8 interpretato d Massimo Moraldi.<\/td>\n<\/tr>\n<tr>\n<td><iframe loading=\"lazy\" title=\"YouTube video player\" src=\"https:\/\/www.youtube.com\/embed\/XO9ewyAnqKw\" width=\"790\" height=\"415\" frameborder=\"0\" allowfullscreen=\"allowfullscreen\"><\/iframe><\/td>\n<\/tr>\n<tr>\n<td style=\"text-align: justify;\">&#8220;<strong>L&#8217;URTIMO ROMANO&#8221;<\/strong>: Una canzone corale in omaggio a Gigi Proietti: gli attori che lo hanno conosciuto e amato, tra cui molti suoi allievi, hanno cantato questa nostra canzone insieme a noi. Il brano \u00e8 nato poche ore dopo la scomparsa di Gigi ed \u00e8 stato arrangiato, registrato e filmato in pochissimi giorni, in una citt\u00e0 ancora in clima da Covid, incredula e disorientata dalla mancanza improvvisa di uno dei suoi cittadini pi\u00f9 amati ed ammirati. Un uomo colto, raffinato, garbato e straordinariamente popolare che ha lasciato un grandissimo vuoto nel mondo dell&#8217;arte della Capitale e del Paese intero.<\/td>\n<\/tr>\n<\/tbody>\n<\/table>\n","protected":false},"excerpt":{"rendered":"<p>&#8220;Canzoni su personaggi storici e attuali per non dimenticare la<\/p>\n<p class=\"more-link\"><a class=\"button\" href=\"https:\/\/40annidimusica.com\/it\/musica-per-ricordare\/\" class=\"readmore\">Continua a leggere<span class=\"screen-reader-text\">Musica per ricordare<\/span><\/a><\/p>\n","protected":false},"author":1,"featured_media":6390,"parent":0,"menu_order":0,"comment_status":"closed","ping_status":"closed","template":"","meta":{"footnotes":""},"class_list":["post-27","page","type-page","status-publish","has-post-thumbnail","hentry"],"yoast_head":"<!-- This site is optimized with the Yoast SEO plugin v23.4 - https:\/\/yoast.com\/wordpress\/plugins\/seo\/ -->\n<title>Musica per ricordare - 40 anni di Musica<\/title>\n<meta name=\"description\" content=\"Questa sezione contiene le &quot;Canzoni su personaggi storici e attuali per non dimenticare la loro importanza nella nostra cultura&quot;.\" \/>\n<meta name=\"robots\" content=\"index, follow, max-snippet:-1, max-image-preview:large, max-video-preview:-1\" \/>\n<link rel=\"canonical\" href=\"https:\/\/40annidimusica.com\/it\/musica-per-ricordare\/\" \/>\n<meta property=\"og:locale\" content=\"it_IT\" \/>\n<meta property=\"og:type\" content=\"article\" \/>\n<meta property=\"og:title\" content=\"Musica per ricordare - 40 anni di Musica\" \/>\n<meta property=\"og:description\" content=\"Questa sezione contiene le &quot;Canzoni su personaggi storici e attuali per non dimenticare la loro importanza nella nostra cultura&quot;.\" \/>\n<meta property=\"og:url\" content=\"https:\/\/40annidimusica.com\/it\/musica-per-ricordare\/\" \/>\n<meta property=\"og:site_name\" content=\"40 anni di Musica\" \/>\n<meta property=\"article:publisher\" content=\"https:\/\/www.facebook.com\/40annidimusica\/\" \/>\n<meta property=\"article:modified_time\" content=\"2022-11-13T21:53:04+00:00\" \/>\n<meta property=\"og:image\" content=\"https:\/\/40annidimusica.com\/it\/wp-content\/uploads\/2022\/11\/0L8A0754-scaled.jpg\" \/>\n\t<meta property=\"og:image:width\" content=\"2560\" \/>\n\t<meta property=\"og:image:height\" content=\"1707\" \/>\n\t<meta property=\"og:image:type\" content=\"image\/jpeg\" \/>\n<meta name=\"twitter:card\" content=\"summary_large_image\" \/>\n<meta name=\"twitter:label1\" content=\"Tempo di lettura stimato\" \/>\n\t<meta name=\"twitter:data1\" content=\"4 minuti\" \/>\n<script type=\"application\/ld+json\" class=\"yoast-schema-graph\">{\"@context\":\"https:\/\/schema.org\",\"@graph\":[{\"@type\":\"WebPage\",\"@id\":\"https:\/\/40annidimusica.com\/it\/musica-per-ricordare\/\",\"url\":\"https:\/\/40annidimusica.com\/it\/musica-per-ricordare\/\",\"name\":\"Musica per ricordare - 40 anni di Musica\",\"isPartOf\":{\"@id\":\"https:\/\/40annidimusica.com\/it\/#website\"},\"primaryImageOfPage\":{\"@id\":\"https:\/\/40annidimusica.com\/it\/musica-per-ricordare\/#primaryimage\"},\"image\":{\"@id\":\"https:\/\/40annidimusica.com\/it\/musica-per-ricordare\/#primaryimage\"},\"thumbnailUrl\":\"https:\/\/i0.wp.com\/40annidimusica.com\/it\/wp-content\/uploads\/2022\/11\/0L8A0754-scaled.jpg?fit=2560%2C1707&ssl=1\",\"datePublished\":\"2022-10-16T20:55:31+00:00\",\"dateModified\":\"2022-11-13T21:53:04+00:00\",\"description\":\"Questa sezione contiene le \\\"Canzoni su personaggi storici e attuali per non dimenticare la loro importanza nella nostra cultura\\\".\",\"breadcrumb\":{\"@id\":\"https:\/\/40annidimusica.com\/it\/musica-per-ricordare\/#breadcrumb\"},\"inLanguage\":\"it-IT\",\"potentialAction\":[{\"@type\":\"ReadAction\",\"target\":[\"https:\/\/40annidimusica.com\/it\/musica-per-ricordare\/\"]}]},{\"@type\":\"ImageObject\",\"inLanguage\":\"it-IT\",\"@id\":\"https:\/\/40annidimusica.com\/it\/musica-per-ricordare\/#primaryimage\",\"url\":\"https:\/\/i0.wp.com\/40annidimusica.com\/it\/wp-content\/uploads\/2022\/11\/0L8A0754-scaled.jpg?fit=2560%2C1707&ssl=1\",\"contentUrl\":\"https:\/\/i0.wp.com\/40annidimusica.com\/it\/wp-content\/uploads\/2022\/11\/0L8A0754-scaled.jpg?fit=2560%2C1707&ssl=1\",\"width\":2560,\"height\":1707},{\"@type\":\"BreadcrumbList\",\"@id\":\"https:\/\/40annidimusica.com\/it\/musica-per-ricordare\/#breadcrumb\",\"itemListElement\":[{\"@type\":\"ListItem\",\"position\":1,\"name\":\"Home\",\"item\":\"https:\/\/40annidimusica.com\/it\/\"},{\"@type\":\"ListItem\",\"position\":2,\"name\":\"Musica per ricordare\"}]},{\"@type\":\"WebSite\",\"@id\":\"https:\/\/40annidimusica.com\/it\/#website\",\"url\":\"https:\/\/40annidimusica.com\/it\/\",\"name\":\"40 anni di Musica\",\"description\":\"LORENZA BOHUNY &amp; MAURIZIO CARLINI\",\"publisher\":{\"@id\":\"https:\/\/40annidimusica.com\/it\/#organization\"},\"potentialAction\":[{\"@type\":\"SearchAction\",\"target\":{\"@type\":\"EntryPoint\",\"urlTemplate\":\"https:\/\/40annidimusica.com\/it\/?s={search_term_string}\"},\"query-input\":{\"@type\":\"PropertyValueSpecification\",\"valueRequired\":true,\"valueName\":\"search_term_string\"}}],\"inLanguage\":\"it-IT\"},{\"@type\":\"Organization\",\"@id\":\"https:\/\/40annidimusica.com\/it\/#organization\",\"name\":\"40 anni di Musica\",\"url\":\"https:\/\/40annidimusica.com\/it\/\",\"logo\":{\"@type\":\"ImageObject\",\"inLanguage\":\"it-IT\",\"@id\":\"https:\/\/40annidimusica.com\/it\/#\/schema\/logo\/image\/\",\"url\":\"https:\/\/40annidimusica.com\/it\/wp-content\/uploads\/2022\/10\/logo-40annidimusica.png\",\"contentUrl\":\"https:\/\/40annidimusica.com\/it\/wp-content\/uploads\/2022\/10\/logo-40annidimusica.png\",\"width\":843,\"height\":843,\"caption\":\"40 anni di Musica\"},\"image\":{\"@id\":\"https:\/\/40annidimusica.com\/it\/#\/schema\/logo\/image\/\"},\"sameAs\":[\"https:\/\/www.facebook.com\/40annidimusica\/\"]}]}<\/script>\n<!-- \/ Yoast SEO plugin. -->","yoast_head_json":{"title":"Musica per ricordare - 40 anni di Musica","description":"Questa sezione contiene le \"Canzoni su personaggi storici e attuali per non dimenticare la loro importanza nella nostra cultura\".","robots":{"index":"index","follow":"follow","max-snippet":"max-snippet:-1","max-image-preview":"max-image-preview:large","max-video-preview":"max-video-preview:-1"},"canonical":"https:\/\/40annidimusica.com\/it\/musica-per-ricordare\/","og_locale":"it_IT","og_type":"article","og_title":"Musica per ricordare - 40 anni di Musica","og_description":"Questa sezione contiene le \"Canzoni su personaggi storici e attuali per non dimenticare la loro importanza nella nostra cultura\".","og_url":"https:\/\/40annidimusica.com\/it\/musica-per-ricordare\/","og_site_name":"40 anni di Musica","article_publisher":"https:\/\/www.facebook.com\/40annidimusica\/","article_modified_time":"2022-11-13T21:53:04+00:00","og_image":[{"width":2560,"height":1707,"url":"https:\/\/40annidimusica.com\/it\/wp-content\/uploads\/2022\/11\/0L8A0754-scaled.jpg","type":"image\/jpeg"}],"twitter_card":"summary_large_image","twitter_misc":{"Tempo di lettura stimato":"4 minuti"},"schema":{"@context":"https:\/\/schema.org","@graph":[{"@type":"WebPage","@id":"https:\/\/40annidimusica.com\/it\/musica-per-ricordare\/","url":"https:\/\/40annidimusica.com\/it\/musica-per-ricordare\/","name":"Musica per ricordare - 40 anni di Musica","isPartOf":{"@id":"https:\/\/40annidimusica.com\/it\/#website"},"primaryImageOfPage":{"@id":"https:\/\/40annidimusica.com\/it\/musica-per-ricordare\/#primaryimage"},"image":{"@id":"https:\/\/40annidimusica.com\/it\/musica-per-ricordare\/#primaryimage"},"thumbnailUrl":"https:\/\/i0.wp.com\/40annidimusica.com\/it\/wp-content\/uploads\/2022\/11\/0L8A0754-scaled.jpg?fit=2560%2C1707&ssl=1","datePublished":"2022-10-16T20:55:31+00:00","dateModified":"2022-11-13T21:53:04+00:00","description":"Questa sezione contiene le \"Canzoni su personaggi storici e attuali per non dimenticare la loro importanza nella nostra cultura\".","breadcrumb":{"@id":"https:\/\/40annidimusica.com\/it\/musica-per-ricordare\/#breadcrumb"},"inLanguage":"it-IT","potentialAction":[{"@type":"ReadAction","target":["https:\/\/40annidimusica.com\/it\/musica-per-ricordare\/"]}]},{"@type":"ImageObject","inLanguage":"it-IT","@id":"https:\/\/40annidimusica.com\/it\/musica-per-ricordare\/#primaryimage","url":"https:\/\/i0.wp.com\/40annidimusica.com\/it\/wp-content\/uploads\/2022\/11\/0L8A0754-scaled.jpg?fit=2560%2C1707&ssl=1","contentUrl":"https:\/\/i0.wp.com\/40annidimusica.com\/it\/wp-content\/uploads\/2022\/11\/0L8A0754-scaled.jpg?fit=2560%2C1707&ssl=1","width":2560,"height":1707},{"@type":"BreadcrumbList","@id":"https:\/\/40annidimusica.com\/it\/musica-per-ricordare\/#breadcrumb","itemListElement":[{"@type":"ListItem","position":1,"name":"Home","item":"https:\/\/40annidimusica.com\/it\/"},{"@type":"ListItem","position":2,"name":"Musica per ricordare"}]},{"@type":"WebSite","@id":"https:\/\/40annidimusica.com\/it\/#website","url":"https:\/\/40annidimusica.com\/it\/","name":"40 anni di Musica","description":"LORENZA BOHUNY &amp; MAURIZIO CARLINI","publisher":{"@id":"https:\/\/40annidimusica.com\/it\/#organization"},"potentialAction":[{"@type":"SearchAction","target":{"@type":"EntryPoint","urlTemplate":"https:\/\/40annidimusica.com\/it\/?s={search_term_string}"},"query-input":{"@type":"PropertyValueSpecification","valueRequired":true,"valueName":"search_term_string"}}],"inLanguage":"it-IT"},{"@type":"Organization","@id":"https:\/\/40annidimusica.com\/it\/#organization","name":"40 anni di Musica","url":"https:\/\/40annidimusica.com\/it\/","logo":{"@type":"ImageObject","inLanguage":"it-IT","@id":"https:\/\/40annidimusica.com\/it\/#\/schema\/logo\/image\/","url":"https:\/\/40annidimusica.com\/it\/wp-content\/uploads\/2022\/10\/logo-40annidimusica.png","contentUrl":"https:\/\/40annidimusica.com\/it\/wp-content\/uploads\/2022\/10\/logo-40annidimusica.png","width":843,"height":843,"caption":"40 anni di Musica"},"image":{"@id":"https:\/\/40annidimusica.com\/it\/#\/schema\/logo\/image\/"},"sameAs":["https:\/\/www.facebook.com\/40annidimusica\/"]}]}},"jetpack_sharing_enabled":true,"_links":{"self":[{"href":"https:\/\/40annidimusica.com\/it\/wp-json\/wp\/v2\/pages\/27","targetHints":{"allow":["GET"]}}],"collection":[{"href":"https:\/\/40annidimusica.com\/it\/wp-json\/wp\/v2\/pages"}],"about":[{"href":"https:\/\/40annidimusica.com\/it\/wp-json\/wp\/v2\/types\/page"}],"author":[{"embeddable":true,"href":"https:\/\/40annidimusica.com\/it\/wp-json\/wp\/v2\/users\/1"}],"replies":[{"embeddable":true,"href":"https:\/\/40annidimusica.com\/it\/wp-json\/wp\/v2\/comments?post=27"}],"version-history":[{"count":10,"href":"https:\/\/40annidimusica.com\/it\/wp-json\/wp\/v2\/pages\/27\/revisions"}],"predecessor-version":[{"id":6643,"href":"https:\/\/40annidimusica.com\/it\/wp-json\/wp\/v2\/pages\/27\/revisions\/6643"}],"wp:featuredmedia":[{"embeddable":true,"href":"https:\/\/40annidimusica.com\/it\/wp-json\/wp\/v2\/media\/6390"}],"wp:attachment":[{"href":"https:\/\/40annidimusica.com\/it\/wp-json\/wp\/v2\/media?parent=27"}],"curies":[{"name":"wp","href":"https:\/\/api.w.org\/{rel}","templated":true}]}}