{"id":25,"date":"2022-10-16T20:53:19","date_gmt":"2022-10-16T20:53:19","guid":{"rendered":"https:\/\/40annidimusica.com\/it\/?page_id=25"},"modified":"2022-11-13T22:17:40","modified_gmt":"2022-11-13T22:17:40","slug":"40anni-di-musica","status":"publish","type":"page","link":"https:\/\/40annidimusica.com\/it\/40anni-di-musica\/","title":{"rendered":"40anni di Musica"},"content":{"rendered":"<h3 style=\"text-align: center;\"><em>&#8220;<strong>In tutte le occasioni della vita<\/strong><\/em><br \/>\n<strong><em>un musicista ti accompagner\u00e0<\/em><\/strong><br \/>\n<strong><em>se provi un&#8217;emozione e non sai dirla<\/em><\/strong><br \/>\n<em><strong>c&#8217;\u00e8 un paroliere che ti aiuter\u00e0<\/strong>&#8220;<\/em><\/h3>\n<h3 style=\"text-align: center;\">Scopri le 9 sezioni:<\/h3>\n<h2><strong><a href=\"https:\/\/40annidimusica.com\/it\/musica-per-ricordare\/\"><img data-recalc-dims=\"1\" loading=\"lazy\" decoding=\"async\" class=\"aligncenter wp-image-6409 size-full\" src=\"https:\/\/i0.wp.com\/40annidimusica.com\/it\/wp-content\/uploads\/2022\/11\/musica-per-ricordare.png?resize=827%2C674&#038;ssl=1\" alt=\"\" width=\"827\" height=\"674\" srcset=\"https:\/\/i0.wp.com\/40annidimusica.com\/it\/wp-content\/uploads\/2022\/11\/musica-per-ricordare.png?w=827&amp;ssl=1 827w, https:\/\/i0.wp.com\/40annidimusica.com\/it\/wp-content\/uploads\/2022\/11\/musica-per-ricordare.png?resize=300%2C244&amp;ssl=1 300w, https:\/\/i0.wp.com\/40annidimusica.com\/it\/wp-content\/uploads\/2022\/11\/musica-per-ricordare.png?resize=768%2C626&amp;ssl=1 768w, https:\/\/i0.wp.com\/40annidimusica.com\/it\/wp-content\/uploads\/2022\/11\/musica-per-ricordare.png?resize=600%2C489&amp;ssl=1 600w\" sizes=\"auto, (max-width: 827px) 100vw, 827px\" \/><\/a><\/strong><strong> <a href=\"https:\/\/40annidimusica.com\/it\/musica-da-interpretare\/\"><img data-recalc-dims=\"1\" loading=\"lazy\" decoding=\"async\" class=\"aligncenter wp-image-6533 size-full\" src=\"https:\/\/i0.wp.com\/40annidimusica.com\/it\/wp-content\/uploads\/2022\/11\/musica-da-interpretare.png?resize=825%2C674&#038;ssl=1\" alt=\"\" width=\"825\" height=\"674\" srcset=\"https:\/\/i0.wp.com\/40annidimusica.com\/it\/wp-content\/uploads\/2022\/11\/musica-da-interpretare.png?w=825&amp;ssl=1 825w, https:\/\/i0.wp.com\/40annidimusica.com\/it\/wp-content\/uploads\/2022\/11\/musica-da-interpretare.png?resize=300%2C245&amp;ssl=1 300w, https:\/\/i0.wp.com\/40annidimusica.com\/it\/wp-content\/uploads\/2022\/11\/musica-da-interpretare.png?resize=768%2C627&amp;ssl=1 768w, https:\/\/i0.wp.com\/40annidimusica.com\/it\/wp-content\/uploads\/2022\/11\/musica-da-interpretare.png?resize=600%2C490&amp;ssl=1 600w\" sizes=\"auto, (max-width: 825px) 100vw, 825px\" \/><\/a> <\/strong><strong> <a href=\"https:\/\/40annidimusica.com\/it\/musica-da-vedere\/\"><img data-recalc-dims=\"1\" loading=\"lazy\" decoding=\"async\" class=\"aligncenter wp-image-6645 size-full\" src=\"https:\/\/i0.wp.com\/40annidimusica.com\/it\/wp-content\/uploads\/2022\/11\/musica-da-vedere-new.png?resize=828%2C674&#038;ssl=1\" alt=\"\" width=\"828\" height=\"674\" srcset=\"https:\/\/i0.wp.com\/40annidimusica.com\/it\/wp-content\/uploads\/2022\/11\/musica-da-vedere-new.png?w=828&amp;ssl=1 828w, https:\/\/i0.wp.com\/40annidimusica.com\/it\/wp-content\/uploads\/2022\/11\/musica-da-vedere-new.png?resize=300%2C244&amp;ssl=1 300w, https:\/\/i0.wp.com\/40annidimusica.com\/it\/wp-content\/uploads\/2022\/11\/musica-da-vedere-new.png?resize=768%2C625&amp;ssl=1 768w, https:\/\/i0.wp.com\/40annidimusica.com\/it\/wp-content\/uploads\/2022\/11\/musica-da-vedere-new.png?resize=600%2C488&amp;ssl=1 600w\" sizes=\"auto, (max-width: 828px) 100vw, 828px\" \/><\/a><\/strong><strong> <a href=\"https:\/\/40annidimusica.com\/it\/musica-per-crescere\/\"><img data-recalc-dims=\"1\" loading=\"lazy\" decoding=\"async\" class=\"aligncenter wp-image-6411 size-full\" src=\"https:\/\/i0.wp.com\/40annidimusica.com\/it\/wp-content\/uploads\/2022\/11\/musica-per-crescere.png?resize=828%2C674&#038;ssl=1\" alt=\"\" width=\"828\" height=\"674\" srcset=\"https:\/\/i0.wp.com\/40annidimusica.com\/it\/wp-content\/uploads\/2022\/11\/musica-per-crescere.png?w=828&amp;ssl=1 828w, https:\/\/i0.wp.com\/40annidimusica.com\/it\/wp-content\/uploads\/2022\/11\/musica-per-crescere.png?resize=300%2C244&amp;ssl=1 300w, https:\/\/i0.wp.com\/40annidimusica.com\/it\/wp-content\/uploads\/2022\/11\/musica-per-crescere.png?resize=768%2C625&amp;ssl=1 768w, https:\/\/i0.wp.com\/40annidimusica.com\/it\/wp-content\/uploads\/2022\/11\/musica-per-crescere.png?resize=600%2C488&amp;ssl=1 600w\" sizes=\"auto, (max-width: 828px) 100vw, 828px\" \/><\/a><\/strong> <a href=\"https:\/\/40annidimusica.com\/it\/musica-per-difendere\/\"><img data-recalc-dims=\"1\" loading=\"lazy\" decoding=\"async\" class=\"aligncenter wp-image-6537 size-full\" src=\"https:\/\/i0.wp.com\/40annidimusica.com\/it\/wp-content\/uploads\/2022\/11\/musica-per-difendere-1.png?resize=824%2C674&#038;ssl=1\" alt=\"\" width=\"824\" height=\"674\" srcset=\"https:\/\/i0.wp.com\/40annidimusica.com\/it\/wp-content\/uploads\/2022\/11\/musica-per-difendere-1.png?w=824&amp;ssl=1 824w, https:\/\/i0.wp.com\/40annidimusica.com\/it\/wp-content\/uploads\/2022\/11\/musica-per-difendere-1.png?resize=300%2C245&amp;ssl=1 300w, https:\/\/i0.wp.com\/40annidimusica.com\/it\/wp-content\/uploads\/2022\/11\/musica-per-difendere-1.png?resize=768%2C628&amp;ssl=1 768w, https:\/\/i0.wp.com\/40annidimusica.com\/it\/wp-content\/uploads\/2022\/11\/musica-per-difendere-1.png?resize=600%2C491&amp;ssl=1 600w\" sizes=\"auto, (max-width: 824px) 100vw, 824px\" \/><\/a><strong> <a href=\"https:\/\/40annidimusica.com\/it\/musica-da-indossare\/\"><img data-recalc-dims=\"1\" loading=\"lazy\" decoding=\"async\" class=\"aligncenter wp-image-6412 size-full\" src=\"https:\/\/i0.wp.com\/40annidimusica.com\/it\/wp-content\/uploads\/2022\/11\/musica-da-indossare.png?resize=828%2C674&#038;ssl=1\" alt=\"\" width=\"828\" height=\"674\" srcset=\"https:\/\/i0.wp.com\/40annidimusica.com\/it\/wp-content\/uploads\/2022\/11\/musica-da-indossare.png?w=828&amp;ssl=1 828w, https:\/\/i0.wp.com\/40annidimusica.com\/it\/wp-content\/uploads\/2022\/11\/musica-da-indossare.png?resize=300%2C244&amp;ssl=1 300w, https:\/\/i0.wp.com\/40annidimusica.com\/it\/wp-content\/uploads\/2022\/11\/musica-da-indossare.png?resize=768%2C625&amp;ssl=1 768w, https:\/\/i0.wp.com\/40annidimusica.com\/it\/wp-content\/uploads\/2022\/11\/musica-da-indossare.png?resize=600%2C488&amp;ssl=1 600w\" sizes=\"auto, (max-width: 828px) 100vw, 828px\" \/><\/a><\/strong> <a href=\"https:\/\/40annidimusica.com\/it\/musica-da-recitare\/\"><img data-recalc-dims=\"1\" loading=\"lazy\" decoding=\"async\" class=\"aligncenter wp-image-6413 size-full\" src=\"https:\/\/i0.wp.com\/40annidimusica.com\/it\/wp-content\/uploads\/2022\/11\/musica-da-recitare.png?resize=823%2C675&#038;ssl=1\" alt=\"\" width=\"823\" height=\"675\" srcset=\"https:\/\/i0.wp.com\/40annidimusica.com\/it\/wp-content\/uploads\/2022\/11\/musica-da-recitare.png?w=823&amp;ssl=1 823w, https:\/\/i0.wp.com\/40annidimusica.com\/it\/wp-content\/uploads\/2022\/11\/musica-da-recitare.png?resize=300%2C246&amp;ssl=1 300w, https:\/\/i0.wp.com\/40annidimusica.com\/it\/wp-content\/uploads\/2022\/11\/musica-da-recitare.png?resize=768%2C630&amp;ssl=1 768w, https:\/\/i0.wp.com\/40annidimusica.com\/it\/wp-content\/uploads\/2022\/11\/musica-da-recitare.png?resize=600%2C492&amp;ssl=1 600w\" sizes=\"auto, (max-width: 823px) 100vw, 823px\" \/><\/a> <a href=\"https:\/\/40annidimusica.com\/it\/musica-per-continuare\/\"><img data-recalc-dims=\"1\" loading=\"lazy\" decoding=\"async\" class=\"aligncenter wp-image-6536 size-full\" src=\"https:\/\/i0.wp.com\/40annidimusica.com\/it\/wp-content\/uploads\/2022\/11\/musica-per-continuare-1.png?resize=828%2C674&#038;ssl=1\" alt=\"\" width=\"828\" height=\"674\" srcset=\"https:\/\/i0.wp.com\/40annidimusica.com\/it\/wp-content\/uploads\/2022\/11\/musica-per-continuare-1.png?w=828&amp;ssl=1 828w, https:\/\/i0.wp.com\/40annidimusica.com\/it\/wp-content\/uploads\/2022\/11\/musica-per-continuare-1.png?resize=300%2C244&amp;ssl=1 300w, https:\/\/i0.wp.com\/40annidimusica.com\/it\/wp-content\/uploads\/2022\/11\/musica-per-continuare-1.png?resize=768%2C625&amp;ssl=1 768w, https:\/\/i0.wp.com\/40annidimusica.com\/it\/wp-content\/uploads\/2022\/11\/musica-per-continuare-1.png?resize=600%2C488&amp;ssl=1 600w\" sizes=\"auto, (max-width: 828px) 100vw, 828px\" \/><\/a><strong> <a href=\"https:\/\/40annidimusica.com\/it\/musica-per-respirare\/\"><img data-recalc-dims=\"1\" loading=\"lazy\" decoding=\"async\" class=\"aligncenter wp-image-6644 size-full\" src=\"https:\/\/i0.wp.com\/40annidimusica.com\/it\/wp-content\/uploads\/2022\/11\/musica-per-respirare-new.png?resize=826%2C674&#038;ssl=1\" alt=\"\" width=\"826\" height=\"674\" srcset=\"https:\/\/i0.wp.com\/40annidimusica.com\/it\/wp-content\/uploads\/2022\/11\/musica-per-respirare-new.png?w=826&amp;ssl=1 826w, https:\/\/i0.wp.com\/40annidimusica.com\/it\/wp-content\/uploads\/2022\/11\/musica-per-respirare-new.png?resize=300%2C245&amp;ssl=1 300w, https:\/\/i0.wp.com\/40annidimusica.com\/it\/wp-content\/uploads\/2022\/11\/musica-per-respirare-new.png?resize=768%2C627&amp;ssl=1 768w, https:\/\/i0.wp.com\/40annidimusica.com\/it\/wp-content\/uploads\/2022\/11\/musica-per-respirare-new.png?resize=600%2C490&amp;ssl=1 600w\" sizes=\"auto, (max-width: 826px) 100vw, 826px\" \/><\/a><\/strong><\/h2>\n<h2><\/h2>\n<p>&nbsp;<\/p>\n","protected":false},"excerpt":{"rendered":"<p>&#8220;In tutte le occasioni della vita un musicista ti accompagner\u00e0<\/p>\n<p class=\"more-link\"><a class=\"button\" href=\"https:\/\/40annidimusica.com\/it\/40anni-di-musica\/\" class=\"readmore\">Continua a leggere<span class=\"screen-reader-text\">40anni di Musica<\/span><\/a><\/p>\n","protected":false},"author":1,"featured_media":0,"parent":0,"menu_order":0,"comment_status":"closed","ping_status":"closed","template":"","meta":{"footnotes":""},"class_list":["post-25","page","type-page","status-publish","hentry"],"yoast_head":"<!-- This site is optimized with the Yoast SEO plugin v23.4 - https:\/\/yoast.com\/wordpress\/plugins\/seo\/ -->\n<title>40anni di Musica - 40 anni di Musica<\/title>\n<meta name=\"description\" content=\"&quot;In tutte le occasioni della vitaun musicista ti accompagner\u00e0se provi un&#039;emozione e non sai dirlac&#039;\u00e8 un paroliere che ti aiuter\u00e0&quot;\" \/>\n<meta name=\"robots\" content=\"index, follow, max-snippet:-1, max-image-preview:large, max-video-preview:-1\" \/>\n<link rel=\"canonical\" href=\"https:\/\/40annidimusica.com\/it\/40anni-di-musica\/\" \/>\n<meta property=\"og:locale\" content=\"it_IT\" \/>\n<meta property=\"og:type\" content=\"article\" \/>\n<meta property=\"og:title\" content=\"40anni di Musica - 40 anni di Musica\" \/>\n<meta property=\"og:description\" content=\"&quot;In tutte le occasioni della vitaun musicista ti accompagner\u00e0se provi un&#039;emozione e non sai dirlac&#039;\u00e8 un paroliere che ti aiuter\u00e0&quot;\" \/>\n<meta property=\"og:url\" content=\"https:\/\/40annidimusica.com\/it\/40anni-di-musica\/\" \/>\n<meta property=\"og:site_name\" content=\"40 anni di Musica\" \/>\n<meta property=\"article:publisher\" content=\"https:\/\/www.facebook.com\/40annidimusica\/\" \/>\n<meta property=\"article:modified_time\" content=\"2022-11-13T22:17:40+00:00\" \/>\n<meta property=\"og:image\" content=\"https:\/\/40annidimusica.com\/it\/wp-content\/uploads\/2022\/11\/musica-per-ricordare.png\" \/>\n<meta name=\"twitter:card\" content=\"summary_large_image\" \/>\n<meta name=\"twitter:label1\" content=\"Tempo di lettura stimato\" \/>\n\t<meta name=\"twitter:data1\" content=\"2 minuti\" \/>\n<script type=\"application\/ld+json\" class=\"yoast-schema-graph\">{\"@context\":\"https:\/\/schema.org\",\"@graph\":[{\"@type\":\"WebPage\",\"@id\":\"https:\/\/40annidimusica.com\/it\/40anni-di-musica\/\",\"url\":\"https:\/\/40annidimusica.com\/it\/40anni-di-musica\/\",\"name\":\"40anni di Musica - 40 anni di Musica\",\"isPartOf\":{\"@id\":\"https:\/\/40annidimusica.com\/it\/#website\"},\"primaryImageOfPage\":{\"@id\":\"https:\/\/40annidimusica.com\/it\/40anni-di-musica\/#primaryimage\"},\"image\":{\"@id\":\"https:\/\/40annidimusica.com\/it\/40anni-di-musica\/#primaryimage\"},\"thumbnailUrl\":\"https:\/\/40annidimusica.com\/it\/wp-content\/uploads\/2022\/11\/musica-per-ricordare.png\",\"datePublished\":\"2022-10-16T20:53:19+00:00\",\"dateModified\":\"2022-11-13T22:17:40+00:00\",\"description\":\"\\\"In tutte le occasioni della vitaun musicista ti accompagner\u00e0se provi un'emozione e non sai dirlac'\u00e8 un paroliere che ti aiuter\u00e0\\\"\",\"breadcrumb\":{\"@id\":\"https:\/\/40annidimusica.com\/it\/40anni-di-musica\/#breadcrumb\"},\"inLanguage\":\"it-IT\",\"potentialAction\":[{\"@type\":\"ReadAction\",\"target\":[\"https:\/\/40annidimusica.com\/it\/40anni-di-musica\/\"]}]},{\"@type\":\"ImageObject\",\"inLanguage\":\"it-IT\",\"@id\":\"https:\/\/40annidimusica.com\/it\/40anni-di-musica\/#primaryimage\",\"url\":\"https:\/\/i0.wp.com\/40annidimusica.com\/it\/wp-content\/uploads\/2022\/11\/musica-per-ricordare.png?fit=827%2C674&ssl=1\",\"contentUrl\":\"https:\/\/i0.wp.com\/40annidimusica.com\/it\/wp-content\/uploads\/2022\/11\/musica-per-ricordare.png?fit=827%2C674&ssl=1\",\"width\":827,\"height\":674},{\"@type\":\"BreadcrumbList\",\"@id\":\"https:\/\/40annidimusica.com\/it\/40anni-di-musica\/#breadcrumb\",\"itemListElement\":[{\"@type\":\"ListItem\",\"position\":1,\"name\":\"Home\",\"item\":\"https:\/\/40annidimusica.com\/it\/\"},{\"@type\":\"ListItem\",\"position\":2,\"name\":\"40anni di Musica\"}]},{\"@type\":\"WebSite\",\"@id\":\"https:\/\/40annidimusica.com\/it\/#website\",\"url\":\"https:\/\/40annidimusica.com\/it\/\",\"name\":\"40 anni di Musica\",\"description\":\"LORENZA BOHUNY &amp; MAURIZIO CARLINI\",\"publisher\":{\"@id\":\"https:\/\/40annidimusica.com\/it\/#organization\"},\"potentialAction\":[{\"@type\":\"SearchAction\",\"target\":{\"@type\":\"EntryPoint\",\"urlTemplate\":\"https:\/\/40annidimusica.com\/it\/?s={search_term_string}\"},\"query-input\":{\"@type\":\"PropertyValueSpecification\",\"valueRequired\":true,\"valueName\":\"search_term_string\"}}],\"inLanguage\":\"it-IT\"},{\"@type\":\"Organization\",\"@id\":\"https:\/\/40annidimusica.com\/it\/#organization\",\"name\":\"40 anni di Musica\",\"url\":\"https:\/\/40annidimusica.com\/it\/\",\"logo\":{\"@type\":\"ImageObject\",\"inLanguage\":\"it-IT\",\"@id\":\"https:\/\/40annidimusica.com\/it\/#\/schema\/logo\/image\/\",\"url\":\"https:\/\/40annidimusica.com\/it\/wp-content\/uploads\/2022\/10\/logo-40annidimusica.png\",\"contentUrl\":\"https:\/\/40annidimusica.com\/it\/wp-content\/uploads\/2022\/10\/logo-40annidimusica.png\",\"width\":843,\"height\":843,\"caption\":\"40 anni di Musica\"},\"image\":{\"@id\":\"https:\/\/40annidimusica.com\/it\/#\/schema\/logo\/image\/\"},\"sameAs\":[\"https:\/\/www.facebook.com\/40annidimusica\/\"]}]}<\/script>\n<!-- \/ Yoast SEO plugin. -->","yoast_head_json":{"title":"40anni di Musica - 40 anni di Musica","description":"\"In tutte le occasioni della vitaun musicista ti accompagner\u00e0se provi un'emozione e non sai dirlac'\u00e8 un paroliere che ti aiuter\u00e0\"","robots":{"index":"index","follow":"follow","max-snippet":"max-snippet:-1","max-image-preview":"max-image-preview:large","max-video-preview":"max-video-preview:-1"},"canonical":"https:\/\/40annidimusica.com\/it\/40anni-di-musica\/","og_locale":"it_IT","og_type":"article","og_title":"40anni di Musica - 40 anni di Musica","og_description":"\"In tutte le occasioni della vitaun musicista ti accompagner\u00e0se provi un'emozione e non sai dirlac'\u00e8 un paroliere che ti aiuter\u00e0\"","og_url":"https:\/\/40annidimusica.com\/it\/40anni-di-musica\/","og_site_name":"40 anni di Musica","article_publisher":"https:\/\/www.facebook.com\/40annidimusica\/","article_modified_time":"2022-11-13T22:17:40+00:00","og_image":[{"url":"https:\/\/40annidimusica.com\/it\/wp-content\/uploads\/2022\/11\/musica-per-ricordare.png"}],"twitter_card":"summary_large_image","twitter_misc":{"Tempo di lettura stimato":"2 minuti"},"schema":{"@context":"https:\/\/schema.org","@graph":[{"@type":"WebPage","@id":"https:\/\/40annidimusica.com\/it\/40anni-di-musica\/","url":"https:\/\/40annidimusica.com\/it\/40anni-di-musica\/","name":"40anni di Musica - 40 anni di Musica","isPartOf":{"@id":"https:\/\/40annidimusica.com\/it\/#website"},"primaryImageOfPage":{"@id":"https:\/\/40annidimusica.com\/it\/40anni-di-musica\/#primaryimage"},"image":{"@id":"https:\/\/40annidimusica.com\/it\/40anni-di-musica\/#primaryimage"},"thumbnailUrl":"https:\/\/40annidimusica.com\/it\/wp-content\/uploads\/2022\/11\/musica-per-ricordare.png","datePublished":"2022-10-16T20:53:19+00:00","dateModified":"2022-11-13T22:17:40+00:00","description":"\"In tutte le occasioni della vitaun musicista ti accompagner\u00e0se provi un'emozione e non sai dirlac'\u00e8 un paroliere che ti aiuter\u00e0\"","breadcrumb":{"@id":"https:\/\/40annidimusica.com\/it\/40anni-di-musica\/#breadcrumb"},"inLanguage":"it-IT","potentialAction":[{"@type":"ReadAction","target":["https:\/\/40annidimusica.com\/it\/40anni-di-musica\/"]}]},{"@type":"ImageObject","inLanguage":"it-IT","@id":"https:\/\/40annidimusica.com\/it\/40anni-di-musica\/#primaryimage","url":"https:\/\/i0.wp.com\/40annidimusica.com\/it\/wp-content\/uploads\/2022\/11\/musica-per-ricordare.png?fit=827%2C674&ssl=1","contentUrl":"https:\/\/i0.wp.com\/40annidimusica.com\/it\/wp-content\/uploads\/2022\/11\/musica-per-ricordare.png?fit=827%2C674&ssl=1","width":827,"height":674},{"@type":"BreadcrumbList","@id":"https:\/\/40annidimusica.com\/it\/40anni-di-musica\/#breadcrumb","itemListElement":[{"@type":"ListItem","position":1,"name":"Home","item":"https:\/\/40annidimusica.com\/it\/"},{"@type":"ListItem","position":2,"name":"40anni di Musica"}]},{"@type":"WebSite","@id":"https:\/\/40annidimusica.com\/it\/#website","url":"https:\/\/40annidimusica.com\/it\/","name":"40 anni di Musica","description":"LORENZA BOHUNY &amp; MAURIZIO CARLINI","publisher":{"@id":"https:\/\/40annidimusica.com\/it\/#organization"},"potentialAction":[{"@type":"SearchAction","target":{"@type":"EntryPoint","urlTemplate":"https:\/\/40annidimusica.com\/it\/?s={search_term_string}"},"query-input":{"@type":"PropertyValueSpecification","valueRequired":true,"valueName":"search_term_string"}}],"inLanguage":"it-IT"},{"@type":"Organization","@id":"https:\/\/40annidimusica.com\/it\/#organization","name":"40 anni di Musica","url":"https:\/\/40annidimusica.com\/it\/","logo":{"@type":"ImageObject","inLanguage":"it-IT","@id":"https:\/\/40annidimusica.com\/it\/#\/schema\/logo\/image\/","url":"https:\/\/40annidimusica.com\/it\/wp-content\/uploads\/2022\/10\/logo-40annidimusica.png","contentUrl":"https:\/\/40annidimusica.com\/it\/wp-content\/uploads\/2022\/10\/logo-40annidimusica.png","width":843,"height":843,"caption":"40 anni di Musica"},"image":{"@id":"https:\/\/40annidimusica.com\/it\/#\/schema\/logo\/image\/"},"sameAs":["https:\/\/www.facebook.com\/40annidimusica\/"]}]}},"jetpack_sharing_enabled":true,"_links":{"self":[{"href":"https:\/\/40annidimusica.com\/it\/wp-json\/wp\/v2\/pages\/25","targetHints":{"allow":["GET"]}}],"collection":[{"href":"https:\/\/40annidimusica.com\/it\/wp-json\/wp\/v2\/pages"}],"about":[{"href":"https:\/\/40annidimusica.com\/it\/wp-json\/wp\/v2\/types\/page"}],"author":[{"embeddable":true,"href":"https:\/\/40annidimusica.com\/it\/wp-json\/wp\/v2\/users\/1"}],"replies":[{"embeddable":true,"href":"https:\/\/40annidimusica.com\/it\/wp-json\/wp\/v2\/comments?post=25"}],"version-history":[{"count":13,"href":"https:\/\/40annidimusica.com\/it\/wp-json\/wp\/v2\/pages\/25\/revisions"}],"predecessor-version":[{"id":6646,"href":"https:\/\/40annidimusica.com\/it\/wp-json\/wp\/v2\/pages\/25\/revisions\/6646"}],"wp:attachment":[{"href":"https:\/\/40annidimusica.com\/it\/wp-json\/wp\/v2\/media?parent=25"}],"curies":[{"name":"wp","href":"https:\/\/api.w.org\/{rel}","templated":true}]}}