{"id":197,"date":"2022-10-19T09:47:17","date_gmt":"2022-10-19T09:47:17","guid":{"rendered":"https:\/\/40annidimusica.com\/it\/?page_id=197"},"modified":"2022-11-13T21:51:57","modified_gmt":"2022-11-13T21:51:57","slug":"musica-per-respirare","status":"publish","type":"page","link":"https:\/\/40annidimusica.com\/it\/musica-per-respirare\/","title":{"rendered":"Musica per respirare"},"content":{"rendered":"<p style=\"text-align: center;\"><img data-recalc-dims=\"1\" loading=\"lazy\" decoding=\"async\" class=\"alignnone size-full wp-image-6526\" src=\"https:\/\/i0.wp.com\/40annidimusica.com\/it\/wp-content\/uploads\/2022\/11\/0L8A1190-1-scaled.jpg?resize=920%2C613&#038;ssl=1\" alt=\"\" width=\"920\" height=\"613\" srcset=\"https:\/\/i0.wp.com\/40annidimusica.com\/it\/wp-content\/uploads\/2022\/11\/0L8A1190-1-scaled.jpg?w=2560&amp;ssl=1 2560w, https:\/\/i0.wp.com\/40annidimusica.com\/it\/wp-content\/uploads\/2022\/11\/0L8A1190-1-scaled.jpg?resize=300%2C200&amp;ssl=1 300w, https:\/\/i0.wp.com\/40annidimusica.com\/it\/wp-content\/uploads\/2022\/11\/0L8A1190-1-scaled.jpg?resize=1024%2C683&amp;ssl=1 1024w, https:\/\/i0.wp.com\/40annidimusica.com\/it\/wp-content\/uploads\/2022\/11\/0L8A1190-1-scaled.jpg?resize=768%2C512&amp;ssl=1 768w, https:\/\/i0.wp.com\/40annidimusica.com\/it\/wp-content\/uploads\/2022\/11\/0L8A1190-1-scaled.jpg?resize=1536%2C1024&amp;ssl=1 1536w, https:\/\/i0.wp.com\/40annidimusica.com\/it\/wp-content\/uploads\/2022\/11\/0L8A1190-1-scaled.jpg?resize=2048%2C1365&amp;ssl=1 2048w, https:\/\/i0.wp.com\/40annidimusica.com\/it\/wp-content\/uploads\/2022\/11\/0L8A1190-1-scaled.jpg?resize=960%2C640&amp;ssl=1 960w, https:\/\/i0.wp.com\/40annidimusica.com\/it\/wp-content\/uploads\/2022\/11\/0L8A1190-1-scaled.jpg?resize=606%2C404&amp;ssl=1 606w, https:\/\/i0.wp.com\/40annidimusica.com\/it\/wp-content\/uploads\/2022\/11\/0L8A1190-1-scaled.jpg?resize=1320%2C880&amp;ssl=1 1320w, https:\/\/i0.wp.com\/40annidimusica.com\/it\/wp-content\/uploads\/2022\/11\/0L8A1190-1-scaled.jpg?resize=600%2C400&amp;ssl=1 600w, https:\/\/i0.wp.com\/40annidimusica.com\/it\/wp-content\/uploads\/2022\/11\/0L8A1190-1-scaled.jpg?w=1840&amp;ssl=1 1840w\" sizes=\"auto, (max-width: 920px) 100vw, 920px\" \/><\/p>\n<p style=\"text-align: JUSTIFY;\">&#8220;<strong>Canzoni che non fanno parte di alcun progetto preciso ma costituiscono la gran parte del repertorio dei due, singolarmente e insieme<\/strong>&#8220;.<!--more--><\/p>\n<p style=\"text-align: JUSTIFY;\">Qui la vera essenza dei<strong> 40 ANNI DI MUSICA,<\/strong> il vero filo conduttore di tutto il lavoro di Lorenza e Maurizio: la passione per le canzoni, scritte anche senza che fossero parte di un progetto preciso, scritte per il gusto di scriverle, per ispirazione improvvisa, per fissare un momento, per dispetto, per capriccio, per protesta, per indignazione, per gioia. Il repertorio di Lorenza e Maurizio come <strong>DI-VERSI UGUALI<\/strong> e il precedente repertorio di Maurizio ammontano ormai a pi\u00f9 di 800 brani. E la produzione di canzoni continua, perch\u00e9 a volte scrivere e comporre diventa una necessit\u00e0 come bere e mangiare, e le canzoni diventano <strong>MUSICA PER RESPIRARE.<\/strong><\/p>\n<p>Le due raccolte emblematiche in questo senso sono per Lorenza il doppio album &#8220;<strong>IO E&#8230; BOH<\/strong>&#8221; (2017) e per Maurizio il CD &#8220;<strong>IL FIGLIO DELLA SARTA<\/strong>&#8221; (2020)<\/p>\n<table>\n<tbody>\n<tr>\n<td><iframe loading=\"lazy\" title=\"YouTube video player\" src=\"https:\/\/www.youtube.com\/embed\/SzCv6TPhRrQ\" width=\"790\" height=\"415\" frameborder=\"0\" allowfullscreen=\"allowfullscreen\"><span style=\"display: inline-block; width: 0px; overflow: hidden; line-height: 0;\" data-mce-type=\"bookmark\" class=\"mce_SELRES_start\">\ufeff<\/span><\/iframe><\/td>\n<\/tr>\n<tr>\n<td style=\"text-align: justify;\">&#8220;<strong>CD &#8211; IL FIGLIO DELLA SARTA<\/strong>&#8220;: Un album interamente scritto, composto, arrangiato, cantato, suonato, registrato e prodotto da Maurizio Carlini. Undici canzoni che si muovono tra i temi da sempre cari all&#8217;autore, l&#8217;amore e la denuncia, le grandi emozioni che stravolgono la vita ma anche le contraddizioni della societ\u00e0 e del potere, il tutto confezionato, dicono le recensioni &#8220;con il garbo e la delicatezza che contraddistinguono Maurizio, un artista capace di dire cose bellissime e terribili a bassa voce ma con decisione e fermezza&#8221;. Le atmosfere sospese e rarefatte di &#8220;Il tuo sorriso&#8221; e &#8220;Greta sur marciapiede&#8221; riescono a convivere perfettamente con le aspre denunce di &#8220;Temposocial&#8221;, &#8220;Falsi&#8221; e &#8220;Genere degenere&#8221;. Lorenza Bohuny ha collaborato con i cori e l&#8217;editing audio di tutto il CD.<\/td>\n<\/tr>\n<tr>\n<td><iframe loading=\"lazy\" title=\"YouTube video player\" src=\"https:\/\/www.youtube.com\/embed\/DM4p0P5Tkig\" width=\"790\" height=\"415\" frameborder=\"0\" allowfullscreen=\"allowfullscreen\"><\/iframe><\/td>\n<\/tr>\n<tr>\n<td style=\"text-align: justify;\">&#8220;<strong>CD &#8211; IO &amp; BOH<\/strong>&#8220;: Un vero e proprio manifesto, una summa della produzione poetica e musicale di Lorenza Bohuny. Un doppio album che si snoda attraverso 20 brani che rappresentano anche la variet\u00e0 di generi musicali esplorati nella sua collaborazione con Maurizio Carlini. Lorenza parla di s\u00e9 e di tutte le donne allo stesso tempo, giocando con i luoghi comuni (&#8220;Non ci sono mai&#8221;, &#8220;Sbrigati a sposarmi&#8221;), sviscerando le profondit\u00e0 delle esperienze femminili (&#8220;Nata di sale&#8221;, &#8220;La storia mia&#8221;, &#8220;Perdermi di pi\u00f9&#8221;), viaggiando alla ricerca delle sue radici gitane (&#8220;Sette nodi&#8221;), prendendo coscienza della condizione eternamente complicata delle donne (&#8220;Ed Eva va&#8221;, &#8220;La mia borsa&#8221;), accarezzando con sentimento le tragedie degli ultimi (&#8220;Un colore sul mare&#8221;) e dichiarando il suo grandissimo amore per l&#8217;arte (&#8220;Volare polvere&#8221;). Un doppio album per chi voglia conoscere a fondo la sua storia, cantando, ballando, riflettendo, commuovendosi e ridendo.<\/td>\n<\/tr>\n<tr>\n<td><iframe loading=\"lazy\" title=\"YouTube video player\" src=\"https:\/\/www.youtube.com\/embed\/8XDaA6SWQm4\" width=\"790\" height=\"415\" frameborder=\"0\" allowfullscreen=\"allowfullscreen\"><\/iframe><\/td>\n<\/tr>\n<tr>\n<td style=\"text-align: justify;\">&#8220;<strong>IN TUTTI I SENSI<\/strong>&#8220;: In tutti i sensi \u00e8 una canzone molto esplicita e sensuale: \u00e8 un&#8217;allusione ad un&#8217;estasi che tutti i sensi provano in un preciso momento. Non c&#8217;\u00e8 bisogno di spiegare quale, no?<\/td>\n<\/tr>\n<tr>\n<td><iframe loading=\"lazy\" title=\"YouTube video player\" src=\"https:\/\/www.youtube.com\/embed\/J2oCsarZRf8\" width=\"790\" height=\"415\" frameborder=\"0\" allowfullscreen=\"allowfullscreen\"><span style=\"display: inline-block; width: 0px; overflow: hidden; line-height: 0;\" data-mce-type=\"bookmark\" class=\"mce_SELRES_start\">\ufeff<\/span><\/iframe><\/td>\n<\/tr>\n<tr>\n<td style=\"text-align: justify;\">&#8220;<strong>SETTE NODI<\/strong>&#8220;: Sette nodi parla di un incantesimo messo in atto da una bambina che vive libera insieme a un gruppo di donne colorate, abili nella danza e che seguono con amorevole attenzione la sua crescita di donna consapevole ed indipendente. L&#8217;incantesimo si pratica veramente ancora oggi nella notte di San Giovanni, ma pochi sanno chi lo pratica e dove.<\/td>\n<\/tr>\n<\/tbody>\n<\/table>\n","protected":false},"excerpt":{"rendered":"<p>&#8220;Canzoni che non fanno parte di alcun progetto preciso ma<\/p>\n<p class=\"more-link\"><a class=\"button\" href=\"https:\/\/40annidimusica.com\/it\/musica-per-respirare\/\" class=\"readmore\">Continua a leggere<span class=\"screen-reader-text\">Musica per respirare<\/span><\/a><\/p>\n","protected":false},"author":1,"featured_media":6526,"parent":0,"menu_order":0,"comment_status":"closed","ping_status":"closed","template":"","meta":{"footnotes":""},"class_list":["post-197","page","type-page","status-publish","has-post-thumbnail","hentry"],"yoast_head":"<!-- This site is optimized with the Yoast SEO plugin v23.4 - https:\/\/yoast.com\/wordpress\/plugins\/seo\/ -->\n<title>Musica per respirare - 40 anni di Musica<\/title>\n<meta name=\"description\" content=\"Questa sezione contiene le &quot;Canzoni che non fanno parte di alcun progetto preciso ma costituiscono la gran parte del repertorio dei due, singolarmente e insieme&quot;.\" \/>\n<meta name=\"robots\" content=\"index, follow, max-snippet:-1, max-image-preview:large, max-video-preview:-1\" \/>\n<link rel=\"canonical\" href=\"https:\/\/40annidimusica.com\/it\/musica-per-respirare\/\" \/>\n<meta property=\"og:locale\" content=\"it_IT\" \/>\n<meta property=\"og:type\" content=\"article\" \/>\n<meta property=\"og:title\" content=\"Musica per respirare - 40 anni di Musica\" \/>\n<meta property=\"og:description\" content=\"Questa sezione contiene le &quot;Canzoni che non fanno parte di alcun progetto preciso ma costituiscono la gran parte del repertorio dei due, singolarmente e insieme&quot;.\" \/>\n<meta property=\"og:url\" content=\"https:\/\/40annidimusica.com\/it\/musica-per-respirare\/\" \/>\n<meta property=\"og:site_name\" content=\"40 anni di Musica\" \/>\n<meta property=\"article:publisher\" content=\"https:\/\/www.facebook.com\/40annidimusica\/\" \/>\n<meta property=\"article:modified_time\" content=\"2022-11-13T21:51:57+00:00\" \/>\n<meta property=\"og:image\" content=\"https:\/\/40annidimusica.com\/it\/wp-content\/uploads\/2022\/11\/0L8A1190-1-scaled.jpg\" \/>\n\t<meta property=\"og:image:width\" content=\"2560\" \/>\n\t<meta property=\"og:image:height\" content=\"1707\" \/>\n\t<meta property=\"og:image:type\" content=\"image\/jpeg\" \/>\n<meta name=\"twitter:card\" content=\"summary_large_image\" \/>\n<meta name=\"twitter:label1\" content=\"Tempo di lettura stimato\" \/>\n\t<meta name=\"twitter:data1\" content=\"3 minuti\" \/>\n<script type=\"application\/ld+json\" class=\"yoast-schema-graph\">{\"@context\":\"https:\/\/schema.org\",\"@graph\":[{\"@type\":\"WebPage\",\"@id\":\"https:\/\/40annidimusica.com\/it\/musica-per-respirare\/\",\"url\":\"https:\/\/40annidimusica.com\/it\/musica-per-respirare\/\",\"name\":\"Musica per respirare - 40 anni di Musica\",\"isPartOf\":{\"@id\":\"https:\/\/40annidimusica.com\/it\/#website\"},\"primaryImageOfPage\":{\"@id\":\"https:\/\/40annidimusica.com\/it\/musica-per-respirare\/#primaryimage\"},\"image\":{\"@id\":\"https:\/\/40annidimusica.com\/it\/musica-per-respirare\/#primaryimage\"},\"thumbnailUrl\":\"https:\/\/i0.wp.com\/40annidimusica.com\/it\/wp-content\/uploads\/2022\/11\/0L8A1190-1-scaled.jpg?fit=2560%2C1707&ssl=1\",\"datePublished\":\"2022-10-19T09:47:17+00:00\",\"dateModified\":\"2022-11-13T21:51:57+00:00\",\"description\":\"Questa sezione contiene le \\\"Canzoni che non fanno parte di alcun progetto preciso ma costituiscono la gran parte del repertorio dei due, singolarmente e insieme\\\".\",\"breadcrumb\":{\"@id\":\"https:\/\/40annidimusica.com\/it\/musica-per-respirare\/#breadcrumb\"},\"inLanguage\":\"it-IT\",\"potentialAction\":[{\"@type\":\"ReadAction\",\"target\":[\"https:\/\/40annidimusica.com\/it\/musica-per-respirare\/\"]}]},{\"@type\":\"ImageObject\",\"inLanguage\":\"it-IT\",\"@id\":\"https:\/\/40annidimusica.com\/it\/musica-per-respirare\/#primaryimage\",\"url\":\"https:\/\/i0.wp.com\/40annidimusica.com\/it\/wp-content\/uploads\/2022\/11\/0L8A1190-1-scaled.jpg?fit=2560%2C1707&ssl=1\",\"contentUrl\":\"https:\/\/i0.wp.com\/40annidimusica.com\/it\/wp-content\/uploads\/2022\/11\/0L8A1190-1-scaled.jpg?fit=2560%2C1707&ssl=1\",\"width\":2560,\"height\":1707},{\"@type\":\"BreadcrumbList\",\"@id\":\"https:\/\/40annidimusica.com\/it\/musica-per-respirare\/#breadcrumb\",\"itemListElement\":[{\"@type\":\"ListItem\",\"position\":1,\"name\":\"Home\",\"item\":\"https:\/\/40annidimusica.com\/it\/\"},{\"@type\":\"ListItem\",\"position\":2,\"name\":\"Musica per respirare\"}]},{\"@type\":\"WebSite\",\"@id\":\"https:\/\/40annidimusica.com\/it\/#website\",\"url\":\"https:\/\/40annidimusica.com\/it\/\",\"name\":\"40 anni di Musica\",\"description\":\"LORENZA BOHUNY &amp; MAURIZIO CARLINI\",\"publisher\":{\"@id\":\"https:\/\/40annidimusica.com\/it\/#organization\"},\"potentialAction\":[{\"@type\":\"SearchAction\",\"target\":{\"@type\":\"EntryPoint\",\"urlTemplate\":\"https:\/\/40annidimusica.com\/it\/?s={search_term_string}\"},\"query-input\":{\"@type\":\"PropertyValueSpecification\",\"valueRequired\":true,\"valueName\":\"search_term_string\"}}],\"inLanguage\":\"it-IT\"},{\"@type\":\"Organization\",\"@id\":\"https:\/\/40annidimusica.com\/it\/#organization\",\"name\":\"40 anni di Musica\",\"url\":\"https:\/\/40annidimusica.com\/it\/\",\"logo\":{\"@type\":\"ImageObject\",\"inLanguage\":\"it-IT\",\"@id\":\"https:\/\/40annidimusica.com\/it\/#\/schema\/logo\/image\/\",\"url\":\"https:\/\/40annidimusica.com\/it\/wp-content\/uploads\/2022\/10\/logo-40annidimusica.png\",\"contentUrl\":\"https:\/\/40annidimusica.com\/it\/wp-content\/uploads\/2022\/10\/logo-40annidimusica.png\",\"width\":843,\"height\":843,\"caption\":\"40 anni di Musica\"},\"image\":{\"@id\":\"https:\/\/40annidimusica.com\/it\/#\/schema\/logo\/image\/\"},\"sameAs\":[\"https:\/\/www.facebook.com\/40annidimusica\/\"]}]}<\/script>\n<!-- \/ Yoast SEO plugin. -->","yoast_head_json":{"title":"Musica per respirare - 40 anni di Musica","description":"Questa sezione contiene le \"Canzoni che non fanno parte di alcun progetto preciso ma costituiscono la gran parte del repertorio dei due, singolarmente e insieme\".","robots":{"index":"index","follow":"follow","max-snippet":"max-snippet:-1","max-image-preview":"max-image-preview:large","max-video-preview":"max-video-preview:-1"},"canonical":"https:\/\/40annidimusica.com\/it\/musica-per-respirare\/","og_locale":"it_IT","og_type":"article","og_title":"Musica per respirare - 40 anni di Musica","og_description":"Questa sezione contiene le \"Canzoni che non fanno parte di alcun progetto preciso ma costituiscono la gran parte del repertorio dei due, singolarmente e insieme\".","og_url":"https:\/\/40annidimusica.com\/it\/musica-per-respirare\/","og_site_name":"40 anni di Musica","article_publisher":"https:\/\/www.facebook.com\/40annidimusica\/","article_modified_time":"2022-11-13T21:51:57+00:00","og_image":[{"width":2560,"height":1707,"url":"https:\/\/40annidimusica.com\/it\/wp-content\/uploads\/2022\/11\/0L8A1190-1-scaled.jpg","type":"image\/jpeg"}],"twitter_card":"summary_large_image","twitter_misc":{"Tempo di lettura stimato":"3 minuti"},"schema":{"@context":"https:\/\/schema.org","@graph":[{"@type":"WebPage","@id":"https:\/\/40annidimusica.com\/it\/musica-per-respirare\/","url":"https:\/\/40annidimusica.com\/it\/musica-per-respirare\/","name":"Musica per respirare - 40 anni di Musica","isPartOf":{"@id":"https:\/\/40annidimusica.com\/it\/#website"},"primaryImageOfPage":{"@id":"https:\/\/40annidimusica.com\/it\/musica-per-respirare\/#primaryimage"},"image":{"@id":"https:\/\/40annidimusica.com\/it\/musica-per-respirare\/#primaryimage"},"thumbnailUrl":"https:\/\/i0.wp.com\/40annidimusica.com\/it\/wp-content\/uploads\/2022\/11\/0L8A1190-1-scaled.jpg?fit=2560%2C1707&ssl=1","datePublished":"2022-10-19T09:47:17+00:00","dateModified":"2022-11-13T21:51:57+00:00","description":"Questa sezione contiene le \"Canzoni che non fanno parte di alcun progetto preciso ma costituiscono la gran parte del repertorio dei due, singolarmente e insieme\".","breadcrumb":{"@id":"https:\/\/40annidimusica.com\/it\/musica-per-respirare\/#breadcrumb"},"inLanguage":"it-IT","potentialAction":[{"@type":"ReadAction","target":["https:\/\/40annidimusica.com\/it\/musica-per-respirare\/"]}]},{"@type":"ImageObject","inLanguage":"it-IT","@id":"https:\/\/40annidimusica.com\/it\/musica-per-respirare\/#primaryimage","url":"https:\/\/i0.wp.com\/40annidimusica.com\/it\/wp-content\/uploads\/2022\/11\/0L8A1190-1-scaled.jpg?fit=2560%2C1707&ssl=1","contentUrl":"https:\/\/i0.wp.com\/40annidimusica.com\/it\/wp-content\/uploads\/2022\/11\/0L8A1190-1-scaled.jpg?fit=2560%2C1707&ssl=1","width":2560,"height":1707},{"@type":"BreadcrumbList","@id":"https:\/\/40annidimusica.com\/it\/musica-per-respirare\/#breadcrumb","itemListElement":[{"@type":"ListItem","position":1,"name":"Home","item":"https:\/\/40annidimusica.com\/it\/"},{"@type":"ListItem","position":2,"name":"Musica per respirare"}]},{"@type":"WebSite","@id":"https:\/\/40annidimusica.com\/it\/#website","url":"https:\/\/40annidimusica.com\/it\/","name":"40 anni di Musica","description":"LORENZA BOHUNY &amp; MAURIZIO CARLINI","publisher":{"@id":"https:\/\/40annidimusica.com\/it\/#organization"},"potentialAction":[{"@type":"SearchAction","target":{"@type":"EntryPoint","urlTemplate":"https:\/\/40annidimusica.com\/it\/?s={search_term_string}"},"query-input":{"@type":"PropertyValueSpecification","valueRequired":true,"valueName":"search_term_string"}}],"inLanguage":"it-IT"},{"@type":"Organization","@id":"https:\/\/40annidimusica.com\/it\/#organization","name":"40 anni di Musica","url":"https:\/\/40annidimusica.com\/it\/","logo":{"@type":"ImageObject","inLanguage":"it-IT","@id":"https:\/\/40annidimusica.com\/it\/#\/schema\/logo\/image\/","url":"https:\/\/40annidimusica.com\/it\/wp-content\/uploads\/2022\/10\/logo-40annidimusica.png","contentUrl":"https:\/\/40annidimusica.com\/it\/wp-content\/uploads\/2022\/10\/logo-40annidimusica.png","width":843,"height":843,"caption":"40 anni di Musica"},"image":{"@id":"https:\/\/40annidimusica.com\/it\/#\/schema\/logo\/image\/"},"sameAs":["https:\/\/www.facebook.com\/40annidimusica\/"]}]}},"jetpack_sharing_enabled":true,"_links":{"self":[{"href":"https:\/\/40annidimusica.com\/it\/wp-json\/wp\/v2\/pages\/197","targetHints":{"allow":["GET"]}}],"collection":[{"href":"https:\/\/40annidimusica.com\/it\/wp-json\/wp\/v2\/pages"}],"about":[{"href":"https:\/\/40annidimusica.com\/it\/wp-json\/wp\/v2\/types\/page"}],"author":[{"embeddable":true,"href":"https:\/\/40annidimusica.com\/it\/wp-json\/wp\/v2\/users\/1"}],"replies":[{"embeddable":true,"href":"https:\/\/40annidimusica.com\/it\/wp-json\/wp\/v2\/comments?post=197"}],"version-history":[{"count":12,"href":"https:\/\/40annidimusica.com\/it\/wp-json\/wp\/v2\/pages\/197\/revisions"}],"predecessor-version":[{"id":6642,"href":"https:\/\/40annidimusica.com\/it\/wp-json\/wp\/v2\/pages\/197\/revisions\/6642"}],"wp:featuredmedia":[{"embeddable":true,"href":"https:\/\/40annidimusica.com\/it\/wp-json\/wp\/v2\/media\/6526"}],"wp:attachment":[{"href":"https:\/\/40annidimusica.com\/it\/wp-json\/wp\/v2\/media?parent=197"}],"curies":[{"name":"wp","href":"https:\/\/api.w.org\/{rel}","templated":true}]}}